{"id":5150,"date":"2022-03-01T19:37:03","date_gmt":"2022-03-01T19:37:03","guid":{"rendered":"https:\/\/mys-outlet.com\/?post_type=product&#038;p=5150"},"modified":"2023-01-06T04:41:25","modified_gmt":"2023-01-06T04:41:25","slug":"burago-carro-124","status":"publish","type":"product","link":"https:\/\/mys-outlet.com\/index.php\/producto\/burago-carro-124\/","title":{"rendered":"BURAGO CARRO 1:24"},"content":{"rendered":"<p>BURAGO CARRO 1:24 SURTIDOS<\/p>\n<p>Hermosos carros escala 1.24 para que completes tu colecci\u00f3n<\/p>\n<ul>\n<li><strong>Fiat 500 \u2013 6 Unidades<\/strong><\/li>\n<li><strong>Fiat 500 TAXI \u2013 2 unidades<\/strong><\/li>\n<li><strong>Bugatti 11G 3B &#8211; 1 Unidad<\/strong><\/li>\n<\/ul>\n<p>Al momento de comprar en NOTAS DEL PEDIDO conf\u00edrmanos el modelo que quieres comprar, de todas formas, un asesor se comunicara contigo despu\u00e9s del pago para rectificar el modelo.<\/p>\n","protected":false},"excerpt":{"rendered":"<p>\u2b50\ufe0fAdquiere tu producto <strong>BURAGO CARRO 1:24 <\/strong>de manera segura por nuestra p\u00e1gina WEB, este producto cuenta con <strong>1 A\u00d1O DE GARANT\u00cdA y ENVI\u00d3 A TODA COLOMBIA.<\/strong><\/p>\n<p>&nbsp;<\/p>\n<p><strong>Compra ahora tu<\/strong> <strong>BURAGO CARRO 1:24<\/strong>\u00a0y rec\u00edbelo en la puerta de tu casa con tiempo de entrega:<\/p>\n<p>&nbsp;<\/p>\n<ul>\n<li>1 a 2 d\u00edas para Bogot\u00e1 o Ciudades cercanas.<\/li>\n<li>2 a 3 d\u00edas para ciudades principales.<\/li>\n<li>3 a 5 d\u00edas para ciudades y pueblos lejanos.<\/li>\n<\/ul>\n<p><strong><span role=\"image\" aria-label=\"\u2705\">\u2705<\/span>VARIOS M\u00c9TODOS DE PAGO EN EFECTIVO O CON TARJETA DEBIDO\/CR\u00c9DITO.<\/strong><\/p>\n","protected":false},"featured_media":5202,"comment_status":"open","ping_status":"closed","template":"","meta":[],"product_cat":[221,178,164,208],"product_tag":[],"class_list":{"0":"post-5150","1":"product","2":"type-product","3":"status-publish","4":"has-post-thumbnail","6":"product_cat-burago-marcas","7":"product_cat-carros-de-coleccion","8":"product_cat-juguetes","9":"product_cat-vivitar-marcas","10":"product_shipping_class-producto-pequeno","12":"first","13":"instock","14":"shipping-taxable","15":"purchasable","16":"product-type-simple"},"_links":{"self":[{"href":"https:\/\/mys-outlet.com\/index.php\/wp-json\/wp\/v2\/product\/5150","targetHints":{"allow":["GET"]}}],"collection":[{"href":"https:\/\/mys-outlet.com\/index.php\/wp-json\/wp\/v2\/product"}],"about":[{"href":"https:\/\/mys-outlet.com\/index.php\/wp-json\/wp\/v2\/types\/product"}],"replies":[{"embeddable":true,"href":"https:\/\/mys-outlet.com\/index.php\/wp-json\/wp\/v2\/comments?post=5150"}],"version-history":[{"count":0,"href":"https:\/\/mys-outlet.com\/index.php\/wp-json\/wp\/v2\/product\/5150\/revisions"}],"wp:featuredmedia":[{"embeddable":true,"href":"https:\/\/mys-outlet.com\/index.php\/wp-json\/wp\/v2\/media\/5202"}],"wp:attachment":[{"href":"https:\/\/mys-outlet.com\/index.php\/wp-json\/wp\/v2\/media?parent=5150"}],"wp:term":[{"taxonomy":"product_cat","embeddable":true,"href":"https:\/\/mys-outlet.com\/index.php\/wp-json\/wp\/v2\/product_cat?post=5150"},{"taxonomy":"product_tag","embeddable":true,"href":"https:\/\/mys-outlet.com\/index.php\/wp-json\/wp\/v2\/product_tag?post=5150"}],"curies":[{"name":"wp","href":"https:\/\/api.w.org\/{rel}","templated":true}]}}