{"id":5191,"date":"2022-03-01T19:38:49","date_gmt":"2022-03-01T19:38:49","guid":{"rendered":"https:\/\/mys-outlet.com\/?post_type=product&#038;p=5191"},"modified":"2023-01-06T04:41:26","modified_gmt":"2023-01-06T04:41:26","slug":"barra-simulador-t-vivitar","status":"publish","type":"product","link":"https:\/\/mys-outlet.com\/index.php\/producto\/barra-simulador-t-vivitar\/","title":{"rendered":"Barra Simulador T VIVITAR"},"content":{"rendered":"<p><strong>Barra Simulador T VIVITAR<\/strong><\/p>\n<p>El secreto para lucir mas joven! tu piel estar\u00e1 m\u00e1s firme con el estimulador facial Vivitar T-Bar. Ligero y<br \/>\nsuave para la piel, este estimulador vibra, proporcionando la cantidad adecuada de estimulaci\u00f3n a cada m\u00fasculo facial, manteniendo la piel rejuvenecida y libre de arrugas. Ligero y compacto, podr\u00e1s llevar este estimulador a donde quieras.<\/p>\n<p><strong>Compra de manera segura tus PRODUCTOS EN MYS GROUP con garant\u00eda de 1 A\u00f1o, Env\u00edos a toda COLOMBIA.<\/strong><\/p>\n<h2>\u00bfPor qu\u00e9 comprar Barra Simulador T VIVITAR en MYS GROUP?<\/h2>\n<p>Aqu\u00ed en MYS GROUP te garantizamos los mas altos est\u00e1ndares de calidad en la entrega de tu producto, envi\u00f3 seguro para toda Colombia, adem\u00e1s, te garantizamos el perfecto estado de tuBarra Simulador T-bar y con esto 1 A\u00d1O de garant\u00eda por la compra de tu producto.<\/p>\n<p>El Estimulador Facial Vivitar T-Bar mejora la piel, retrasando unos a\u00f1os el reloj para reducir las arrugas y las marcas de la edad. Esta herramienta divertida y f\u00e1cil de usar funciona muy bien para reducir las arrugas alrededor de los ojos, los labios, la frente y otras \u00e1reas del rostro. Al usar este estimulador a diario, el contorno de tu rostro mejora dram\u00e1ticamente dej\u00e1ndote con una apariencia juvenil excelente y deseada. En un divertido color oro rosa met\u00e1lico, este estimulador es liviano y port\u00e1til, lo que agrega un toque de conveniencia a su rutina diaria de preparaci\u00f3n.<\/p>\n<h3 class=\"app__header-text\">Especificaciones t\u00e9cnicas<\/h3>\n<ul>\n<li>Reduce las arrugas y las marcas de la edad.<\/li>\n<li>Color oro rosa met\u00e1lico.<\/li>\n<li>Este estimulador es liviano<\/li>\n<li>Port\u00e1til.<\/li>\n<\/ul>\n<p>&nbsp;<\/p>\n<p><a href=\"https:\/\/mysgroupcol.com\/\">MYS GROUP<\/a> trae para usted y su familia los mejores productos en distintas categor\u00edas. Por esto compre seguro con nosotros, adem\u00e1s hacemos env\u00edos a toda Colombia, cuenta con Garant\u00eda de hasta 1 a\u00f1o en varias marcas.<\/p>\n<h3>Consigue este y m\u00e1s productos de calidad con nosotros somos Importadores Directos, garantizamos el mejor precio.<\/h3>\n<p>&nbsp;<\/p>\n<ul>\n<li style=\"list-style-type: none;\">\n<ul>\n<li>Vis\u00edtanos ahora en nuestros Instagram &#8211;&gt; <a href=\"https:\/\/www.instagram.com\/mysgroupcol\/\">www.instagram.com\/mysgroupcol\/<\/a><\/li>\n<\/ul>\n<\/li>\n<\/ul>\n<ul>\n<li style=\"list-style-type: none;\">\n<ul>\n<li>Vis\u00edtanos ahora en nuestro Facebook &#8211;&gt; <a href=\"https:\/\/www.facebook.com\/mysgroupcol\">www.facebook.com\/mysgroupcol<\/a><\/li>\n<\/ul>\n<\/li>\n<\/ul>\n<ul>\n<li style=\"list-style-type: none;\">\n<ul>\n<li>Necesitas asesor\u00eda directa, escr\u00edbenos a nuestro WhatsApp &#8211;&gt; <a href=\"https:\/\/api.whatsapp.com\/send?phone=573173644411&amp;text=\">Whatsapp MYS GROUP <\/a><\/li>\n<\/ul>\n<\/li>\n<\/ul>\n<p><strong>Varios m\u00e9todos de pago disponibles \u2013 Producto Nuevo \u2013 Adem\u00e1s Env\u00edos y Pagos Seguros.<\/strong><\/p>\n<p>&nbsp;<\/p>\n","protected":false},"excerpt":{"rendered":"<p>\u2b50\ufe0fAdquiere tu producto <strong>Barra Simulador T-WHT<\/strong> de manera segura por nuestra p\u00e1gina WEB, este producto cuenta con <strong>1 A\u00d1O DE GARANT\u00cdA y ENVI\u00d3 A TODA COLOMBIA.<\/strong><\/p>\n<p>&nbsp;<\/p>\n<p><strong>Compra ahora tu<\/strong> <strong>Barra Simulador T-WHT<\/strong>\u00a0y rec\u00edbelo en la puerta de tu casa con tiempo de entrega:<\/p>\n<p>&nbsp;<\/p>\n<ul>\n<li>1 a 2 d\u00edas para Bogot\u00e1 o Ciudades cercanas.<\/li>\n<li>2 a 3 d\u00edas para ciudades principales.<\/li>\n<li>3 a 5 d\u00edas para ciudades y pueblos lejanos.<\/li>\n<\/ul>\n<p><strong><span role=\"image\" aria-label=\"\u2705\">\u2705<\/span>VARIOS M\u00c9TODOS DE PAGO EN EFECTIVO O CON TARJETA DEBIDO\/CR\u00c9DITO.<\/strong><\/p>\n","protected":false},"featured_media":5282,"comment_status":"open","ping_status":"closed","template":"","meta":[],"product_cat":[188,187,192,208],"product_tag":[245],"class_list":{"0":"post-5191","1":"product","2":"type-product","3":"status-publish","4":"has-post-thumbnail","6":"product_cat-cuidado-facial","7":"product_cat-cuidado-personal","8":"product_cat-mujer","9":"product_cat-vivitar-marcas","10":"product_tag-barra-simulador-t-vivitar","11":"product_shipping_class-producto-pequeno","13":"first","14":"instock","15":"shipping-taxable","16":"purchasable","17":"product-type-simple"},"_links":{"self":[{"href":"https:\/\/mys-outlet.com\/index.php\/wp-json\/wp\/v2\/product\/5191","targetHints":{"allow":["GET"]}}],"collection":[{"href":"https:\/\/mys-outlet.com\/index.php\/wp-json\/wp\/v2\/product"}],"about":[{"href":"https:\/\/mys-outlet.com\/index.php\/wp-json\/wp\/v2\/types\/product"}],"replies":[{"embeddable":true,"href":"https:\/\/mys-outlet.com\/index.php\/wp-json\/wp\/v2\/comments?post=5191"}],"version-history":[{"count":0,"href":"https:\/\/mys-outlet.com\/index.php\/wp-json\/wp\/v2\/product\/5191\/revisions"}],"wp:featuredmedia":[{"embeddable":true,"href":"https:\/\/mys-outlet.com\/index.php\/wp-json\/wp\/v2\/media\/5282"}],"wp:attachment":[{"href":"https:\/\/mys-outlet.com\/index.php\/wp-json\/wp\/v2\/media?parent=5191"}],"wp:term":[{"taxonomy":"product_cat","embeddable":true,"href":"https:\/\/mys-outlet.com\/index.php\/wp-json\/wp\/v2\/product_cat?post=5191"},{"taxonomy":"product_tag","embeddable":true,"href":"https:\/\/mys-outlet.com\/index.php\/wp-json\/wp\/v2\/product_tag?post=5191"}],"curies":[{"name":"wp","href":"https:\/\/api.w.org\/{rel}","templated":true}]}}