{"id":5214,"date":"2022-03-01T19:40:53","date_gmt":"2022-03-01T19:40:53","guid":{"rendered":"https:\/\/mys-outlet.com\/?post_type=product&#038;p=5214"},"modified":"2023-01-06T04:41:26","modified_gmt":"2023-01-06T04:41:26","slug":"espejo-lujoso-pantalla-tactil-vivitar","status":"publish","type":"product","link":"https:\/\/mys-outlet.com\/index.php\/producto\/espejo-lujoso-pantalla-tactil-vivitar\/","title":{"rendered":"Espejo Lujoso Pantalla Tactil VIVITAR"},"content":{"rendered":"<p><strong>Espejo Lujoso Pantalla Tactil VIVITAR. luces 22 LED RED- Rota 360 grados &#8211; Negro<\/strong><br \/>\n\u00a1Consigue tu mejor look con el espejo de maquillaje iluminado! Este espejo es liviano, port\u00e1til, tiene un bot\u00f3n de encendido \/ apagado f\u00e1cil y tiene una rotaci\u00f3n de 180 grados. El espejo tiene luces LED regulables y compartimentos de almacenamiento para peque\u00f1os accesorios y cosm\u00e9ticos. Lleva 3 pilas AAA (no incluidas).<\/p>\n<p><strong>Compra de manera segura tus PRODUCTOS EN MYS GROUP con garant\u00eda de 1 A\u00f1o, Env\u00edos a toda COLOMBIA.<\/strong><\/p>\n<h2>\u00bfPor qu\u00e9 comprar Espejo Lujoso Pantalla Tactil VIVITAR en MYS GROUP?<\/h2>\n<p>Aqu\u00ed en MYS GROUP te garantizamos los mas altos est\u00e1ndares de calidad en la entrega de tu producto, envi\u00f3 seguro para toda Colombia, adem\u00e1s, te garantizamos el perfecto estado de tu Espejo Lujoso Pantalla Tactil y con esto 1 A\u00d1O de garant\u00eda por la compra de tu producto.<\/p>\n<h3 class=\"app__header-text\">Especificaciones t\u00e9cnicas<\/h3>\n<ul>\n<li>Dise\u00f1o ligero y port\u00e1til.<\/li>\n<li>1 x espejo LED iluminado con brillo ajustable.<\/li>\n<li>Compartimentos de almacenamiento para peque\u00f1os accesorios y cosm\u00e9ticos.<\/li>\n<li>Rotaci\u00f3n de 180 grados.<\/li>\n<li>Bot\u00f3n de encendido \/ apagado f\u00e1cil.<\/li>\n<li>3 pilas AAA (no incluidas).<\/li>\n<\/ul>\n<p><a href=\"https:\/\/mysgroupcol.com\/\">MYS GROUP<\/a> trae para usted y su familia los mejores productos en distintas categor\u00edas. Por esto compre seguro con nosotros, adem\u00e1s hacemos env\u00edos a toda Colombia, cuenta con Garant\u00eda de hasta 1 a\u00f1o en varias marcas.<\/p>\n<h3>Consigue este y m\u00e1s productos de calidad con nosotros somos Importadores Directos, garantizamos el mejor precio.<\/h3>\n<p>&nbsp;<\/p>\n<ul>\n<li style=\"list-style-type: none;\">\n<ul>\n<li>Vis\u00edtanos ahora en nuestros Instagram &#8211;&gt; <a href=\"https:\/\/www.instagram.com\/mysgroupcol\/\">www.instagram.com\/mysgroupcol\/<\/a><\/li>\n<\/ul>\n<\/li>\n<\/ul>\n<ul>\n<li style=\"list-style-type: none;\">\n<ul>\n<li>Vis\u00edtanos ahora en nuestro Facebook &#8211;&gt; <a href=\"https:\/\/www.facebook.com\/mysgroupcol\">www.facebook.com\/mysgroupcol<\/a><\/li>\n<\/ul>\n<\/li>\n<\/ul>\n<ul>\n<li style=\"list-style-type: none;\">\n<ul>\n<li>Necesitas asesor\u00eda directa, escr\u00edbenos a nuestro WhatsApp &#8211;&gt; <a href=\"https:\/\/api.whatsapp.com\/send?phone=573173644411&amp;text=\">Whatsapp MYS GROUP <\/a><\/li>\n<\/ul>\n<\/li>\n<\/ul>\n<p><strong>Varios m\u00e9todos de pago disponibles \u2013 Producto Nuevo \u2013 Adem\u00e1s Env\u00edos y Pagos Seguros.<\/strong><\/p>\n","protected":false},"excerpt":{"rendered":"<p>\u2b50\ufe0fAdquiere tu producto <strong>Espejo de lujo con luces 22 LED RED pantalla tactil. Rota 360 grados. Negro<\/strong> de manera segura por nuestra p\u00e1gina WEB, este producto cuenta con <strong>1 A\u00d1O DE GARANT\u00cdA y ENVI\u00d3 A TODA COLOMBIA.<\/strong><\/p>\n<p>&nbsp;<\/p>\n<p><strong>Compra ahora tu<\/strong> <strong>Espejo de lujo con luces 22 LED RED pantalla tactil. Rota 360 grados. Negro<\/strong>\u00a0y rec\u00edbelo en la puerta de tu casa con tiempo de entrega:<\/p>\n<p>&nbsp;<\/p>\n<ul>\n<li>1 a 2 d\u00edas para Bogot\u00e1 o Ciudades cercanas.<\/li>\n<li>2 a 3 d\u00edas para ciudades principales.<\/li>\n<li>3 a 5 d\u00edas para ciudades y pueblos lejanos.<\/li>\n<\/ul>\n<p><strong><span role=\"image\" aria-label=\"\u2705\">\u2705<\/span>VARIOS M\u00c9TODOS DE PAGO EN EFECTIVO O CON TARJETA DEBIDO\/CR\u00c9DITO.<\/strong><\/p>\n","protected":false},"featured_media":5301,"comment_status":"open","ping_status":"closed","template":"","meta":[],"product_cat":[191,188,187,192,208],"product_tag":[250],"class_list":{"0":"post-5214","1":"product","2":"type-product","3":"status-publish","4":"has-post-thumbnail","6":"product_cat-cuidado-corporal","7":"product_cat-cuidado-facial","8":"product_cat-cuidado-personal","9":"product_cat-mujer","10":"product_cat-vivitar-marcas","11":"product_tag-espejo-lujoso-pantalla-tactil-vivitar","12":"product_shipping_class-producto-pequeno","14":"first","15":"instock","16":"shipping-taxable","17":"purchasable","18":"product-type-simple"},"_links":{"self":[{"href":"https:\/\/mys-outlet.com\/index.php\/wp-json\/wp\/v2\/product\/5214","targetHints":{"allow":["GET"]}}],"collection":[{"href":"https:\/\/mys-outlet.com\/index.php\/wp-json\/wp\/v2\/product"}],"about":[{"href":"https:\/\/mys-outlet.com\/index.php\/wp-json\/wp\/v2\/types\/product"}],"replies":[{"embeddable":true,"href":"https:\/\/mys-outlet.com\/index.php\/wp-json\/wp\/v2\/comments?post=5214"}],"version-history":[{"count":0,"href":"https:\/\/mys-outlet.com\/index.php\/wp-json\/wp\/v2\/product\/5214\/revisions"}],"wp:featuredmedia":[{"embeddable":true,"href":"https:\/\/mys-outlet.com\/index.php\/wp-json\/wp\/v2\/media\/5301"}],"wp:attachment":[{"href":"https:\/\/mys-outlet.com\/index.php\/wp-json\/wp\/v2\/media?parent=5214"}],"wp:term":[{"taxonomy":"product_cat","embeddable":true,"href":"https:\/\/mys-outlet.com\/index.php\/wp-json\/wp\/v2\/product_cat?post=5214"},{"taxonomy":"product_tag","embeddable":true,"href":"https:\/\/mys-outlet.com\/index.php\/wp-json\/wp\/v2\/product_tag?post=5214"}],"curies":[{"name":"wp","href":"https:\/\/api.w.org\/{rel}","templated":true}]}}