{"id":5253,"date":"2022-03-01T19:43:36","date_gmt":"2022-03-01T19:43:36","guid":{"rendered":"https:\/\/mys-outlet.com\/?post_type=product&#038;p=5253"},"modified":"2023-01-06T04:41:27","modified_gmt":"2023-01-06T04:41:27","slug":"rizador-manual-ceramica-vivitar","status":"publish","type":"product","link":"https:\/\/mys-outlet.com\/index.php\/producto\/rizador-manual-ceramica-vivitar\/","title":{"rendered":"Rizador Manual Ceramica VIVITAR"},"content":{"rendered":"<p><strong>Rizador Manual Ceramica VIVITAR &#8211; \u00ab0,5 a 1 \u00ab. Rojo<\/strong><\/p>\n<p>Logra un peinado de calidad de sal\u00f3n con el rizador cer\u00e1mica Vivitar. Este accesorio de peinado \u00fanico hace maravillas para reducir el frizz en tu cabello, proporcionando rizos suaves y sedosos. Se calienta en un instante con la tecnolog\u00eda de calor de cer\u00e1mica de la plancha, lo que le da suficiente calor a tu cabello para que el look deseado sea un \u00e9xito.<\/p>\n<p>El tubo c\u00f3nico de \u00bd \u201da 1\u201d te permite crear una variedad de rizos. Reduce el frizz de tu cabello causada por la humedad con esta herramienta que utiliza la \u00faltima tecnolog\u00eda de calor cer\u00e1mico para lograr y fijar tu estilo durante todo el d\u00eda. Con un guante de protecci\u00f3n para las manos incluido para maniobrar la rizadora de la manera que lo necesites y un rango de temperatura de hasta 400 \u00b0, peina tu cabello en un instante.<\/p>\n<p><strong>Compra de manera segura tus PRODUCTOS EN MYS GROUP con garant\u00eda de 1 A\u00f1o, Env\u00edos a toda COLOMBIA.<\/strong><\/p>\n<h2>\u00bfPor qu\u00e9 comprar Rizador Manual Ceramica VIVITAR en MYS GROUP?<\/h2>\n<p>Aqu\u00ed en MYS GROUP te garantizamos los mas altos est\u00e1ndares de calidad en la entrega de tu producto, envi\u00f3 seguro para toda Colombia, adem\u00e1s, te garantizamos el perfecto estado de tus Rizador Pesta\u00f1as Temperatura\u00a0 y con esto 1 A\u00d1O de garant\u00eda por la compra de tu producto.<\/p>\n<h3 class=\"app__header-text\">Especificaciones t\u00e9cnicas<\/h3>\n<ul>\n<li>Su perfecto dise\u00f1o con peine de cerdas<\/li>\n<li>tubo c\u00f3nico de \u00bd \u201da 1\u201d<\/li>\n<li>guante de protecci\u00f3n para las manos incluido<\/li>\n<li>Crea hermosos rizos apretados y sueltos con facilidad<\/li>\n<li>Cable giratorio de 6 pies y 360 \u00b0 para una experiencia de peinado sin enredos<\/li>\n<li>temperatura te dejaran unas incre\u00edbles pesta\u00f1as con mas tiempo.<\/li>\n<li>no lucir\u00e1n partidas como los rizadores convencionales.<\/li>\n<li>tendr\u00e1s unas pesta\u00f1as completamente curvas y hermosas.<\/li>\n<\/ul>\n<p>&nbsp;<\/p>\n<p><a href=\"https:\/\/mysgroupcol.com\/\">MYS GROUP<\/a> trae para usted y su familia los mejores productos en distintas categor\u00edas. Por esto compre seguro con nosotros, adem\u00e1s hacemos env\u00edos a toda Colombia, cuenta con Garant\u00eda de hasta 1 a\u00f1o en varias marcas.<\/p>\n<h3>Consigue este y m\u00e1s productos de calidad con nosotros somos Importadores Directos, garantizamos el mejor precio.<\/h3>\n<p>&nbsp;<\/p>\n<ul>\n<li style=\"list-style-type: none;\">\n<ul>\n<li>Vis\u00edtanos ahora en nuestros Instagram &#8211;&gt; <a href=\"https:\/\/www.instagram.com\/mysgroupcol\/\">www.instagram.com\/mysgroupcol\/<\/a><\/li>\n<\/ul>\n<\/li>\n<\/ul>\n<ul>\n<li style=\"list-style-type: none;\">\n<ul>\n<li>Vis\u00edtanos ahora en nuestro Facebook &#8211;&gt; <a href=\"https:\/\/www.facebook.com\/mysgroupcol\">www.facebook.com\/mysgroupcol<\/a><\/li>\n<\/ul>\n<\/li>\n<\/ul>\n<ul>\n<li style=\"list-style-type: none;\">\n<ul>\n<li>Necesitas asesor\u00eda directa, escr\u00edbenos a nuestro WhatsApp &#8211;&gt; <a href=\"https:\/\/api.whatsapp.com\/send?phone=573173644411&amp;text=\">Whatsapp MYS GROUP <\/a><\/li>\n<\/ul>\n<\/li>\n<\/ul>\n<p><strong>Varios m\u00e9todos de pago disponibles \u2013 Producto Nuevo \u2013 Adem\u00e1s Env\u00edos y Pagos Seguros.<\/strong><\/p>\n","protected":false},"excerpt":{"rendered":"<p>\u2b50\ufe0fAdquiere tu producto <strong>Rizador para pelo Manual de Ceramica 0,5 a 1 \u00ab. Rojo<\/strong> de manera segura por nuestra p\u00e1gina WEB, este producto cuenta con <strong>1 A\u00d1O DE GARANT\u00cdA y ENVI\u00d3 A TODA COLOMBIA.<\/strong><\/p>\n<p>&nbsp;<\/p>\n<p><strong>Compra ahora tu<\/strong> <strong>Rizador para pelo Manual de Ceramica 0,5 a 1 \u00ab. Rojo<\/strong>\u00a0y rec\u00edbelo en la puerta de tu casa con tiempo de entrega:<\/p>\n<p>&nbsp;<\/p>\n<ul>\n<li>1 a 2 d\u00edas para Bogot\u00e1 o Ciudades cercanas.<\/li>\n<li>2 a 3 d\u00edas para ciudades principales.<\/li>\n<li>3 a 5 d\u00edas para ciudades y pueblos lejanos.<\/li>\n<\/ul>\n<p><strong><span role=\"image\" aria-label=\"\u2705\">\u2705<\/span>VARIOS M\u00c9TODOS DE PAGO EN EFECTIVO O CON TARJETA DEBIDO\/CR\u00c9DITO.<\/strong><\/p>\n","protected":false},"featured_media":5345,"comment_status":"open","ping_status":"closed","template":"","meta":[],"product_cat":[193,187,192,208],"product_tag":[259],"class_list":{"0":"post-5253","1":"product","2":"type-product","3":"status-publish","4":"has-post-thumbnail","6":"product_cat-cuidado-del-cabello","7":"product_cat-cuidado-personal","8":"product_cat-mujer","9":"product_cat-vivitar-marcas","10":"product_tag-rizador-manual-ceramica-vivitar","11":"product_shipping_class-producto-pequeno","13":"first","14":"instock","15":"shipping-taxable","16":"purchasable","17":"product-type-simple"},"_links":{"self":[{"href":"https:\/\/mys-outlet.com\/index.php\/wp-json\/wp\/v2\/product\/5253","targetHints":{"allow":["GET"]}}],"collection":[{"href":"https:\/\/mys-outlet.com\/index.php\/wp-json\/wp\/v2\/product"}],"about":[{"href":"https:\/\/mys-outlet.com\/index.php\/wp-json\/wp\/v2\/types\/product"}],"replies":[{"embeddable":true,"href":"https:\/\/mys-outlet.com\/index.php\/wp-json\/wp\/v2\/comments?post=5253"}],"version-history":[{"count":0,"href":"https:\/\/mys-outlet.com\/index.php\/wp-json\/wp\/v2\/product\/5253\/revisions"}],"wp:featuredmedia":[{"embeddable":true,"href":"https:\/\/mys-outlet.com\/index.php\/wp-json\/wp\/v2\/media\/5345"}],"wp:attachment":[{"href":"https:\/\/mys-outlet.com\/index.php\/wp-json\/wp\/v2\/media?parent=5253"}],"wp:term":[{"taxonomy":"product_cat","embeddable":true,"href":"https:\/\/mys-outlet.com\/index.php\/wp-json\/wp\/v2\/product_cat?post=5253"},{"taxonomy":"product_tag","embeddable":true,"href":"https:\/\/mys-outlet.com\/index.php\/wp-json\/wp\/v2\/product_tag?post=5253"}],"curies":[{"name":"wp","href":"https:\/\/api.w.org\/{rel}","templated":true}]}}