{"id":5507,"date":"2022-03-01T19:56:40","date_gmt":"2022-03-01T19:56:40","guid":{"rendered":"https:\/\/mys-outlet.com\/?post_type=product&#038;p=5507"},"modified":"2023-01-06T04:41:33","modified_gmt":"2023-01-06T04:41:33","slug":"jersey-ciclismo-varios-disenos","status":"publish","type":"product","link":"https:\/\/mys-outlet.com\/index.php\/producto\/jersey-ciclismo-varios-disenos\/","title":{"rendered":"Jersey Ciclismo Varios Dise\u00f1os"},"content":{"rendered":"<p>Jersey para ciclismo en tela de secado r\u00e1pido, excelente material textil para secar r\u00e1pido el sudor.<\/p>\n<p>Bolsillos especiales para llevar tus pertenencias en la espalda.<\/p>\n","protected":false},"excerpt":{"rendered":"<p><img decoding=\"async\" class=\"emoji\" role=\"img\" src=\"https:\/\/s.w.org\/images\/core\/emoji\/13.1.0\/svg\/2b50.svg\" alt=\"\u2b50\ufe0f\" data-mce-src=\"https:\/\/s.w.org\/images\/core\/emoji\/13.1.0\/svg\/2b50.svg\">Adquiere tu producto <strong>Jersey Ciclismo Varios Dise\u00f1os <\/strong>\u00a0de manera segura por nuestra p\u00e1gina WEB, este producto cuenta con\u00a0<strong>30 Dias DE GARANT\u00cdA y ENVI\u00d3 A TODA COLOMBIA.<\/strong><\/p>\n<p><\/p>\n<p><strong>Compra ahora tu<\/strong> <strong>Jersey Ciclismo Varios Dise\u00f1os <\/strong>\u00a0 y rec\u00edbelo en la puerta de tu casa con tiempo de entrega:<\/p>\n<p><\/p>\n<ul>\n<li>1 a 2 d\u00edas para Bogot\u00e1 o Ciudades cercanas.<\/li>\n<li>2 a 3 d\u00edas para ciudades principales.<\/li>\n<li>3 a 5 d\u00edas para ciudades y pueblos lejanos.<\/li>\n<\/ul>\n<p><strong><span role=\"image\" aria-label=\"\u2705\"><img decoding=\"async\" class=\"emoji\" role=\"img\" src=\"https:\/\/s.w.org\/images\/core\/emoji\/13.1.0\/svg\/2705.svg\" alt=\"\u2705\" data-mce-src=\"https:\/\/s.w.org\/images\/core\/emoji\/13.1.0\/svg\/2705.svg\"><\/span>VARIOS M\u00c9TODOS DE PAGO EN EFECTIVO O CON TARJETA DEBIDO\/CR\u00c9DITO.<\/strong><\/p>\n","protected":false},"featured_media":5565,"comment_status":"open","ping_status":"closed","template":"","meta":[],"product_cat":[197],"product_tag":[324],"class_list":{"0":"post-5507","1":"product","2":"type-product","3":"status-publish","4":"has-post-thumbnail","6":"product_cat-deportes","7":"product_tag-jersey-ciclismo-varios-disenos","9":"first","10":"instock","11":"shipping-taxable","12":"purchasable","13":"product-type-simple"},"_links":{"self":[{"href":"https:\/\/mys-outlet.com\/index.php\/wp-json\/wp\/v2\/product\/5507","targetHints":{"allow":["GET"]}}],"collection":[{"href":"https:\/\/mys-outlet.com\/index.php\/wp-json\/wp\/v2\/product"}],"about":[{"href":"https:\/\/mys-outlet.com\/index.php\/wp-json\/wp\/v2\/types\/product"}],"replies":[{"embeddable":true,"href":"https:\/\/mys-outlet.com\/index.php\/wp-json\/wp\/v2\/comments?post=5507"}],"version-history":[{"count":0,"href":"https:\/\/mys-outlet.com\/index.php\/wp-json\/wp\/v2\/product\/5507\/revisions"}],"wp:featuredmedia":[{"embeddable":true,"href":"https:\/\/mys-outlet.com\/index.php\/wp-json\/wp\/v2\/media\/5565"}],"wp:attachment":[{"href":"https:\/\/mys-outlet.com\/index.php\/wp-json\/wp\/v2\/media?parent=5507"}],"wp:term":[{"taxonomy":"product_cat","embeddable":true,"href":"https:\/\/mys-outlet.com\/index.php\/wp-json\/wp\/v2\/product_cat?post=5507"},{"taxonomy":"product_tag","embeddable":true,"href":"https:\/\/mys-outlet.com\/index.php\/wp-json\/wp\/v2\/product_tag?post=5507"}],"curies":[{"name":"wp","href":"https:\/\/api.w.org\/{rel}","templated":true}]}}