{"id":5587,"date":"2022-03-07T20:56:23","date_gmt":"2022-03-07T20:56:23","guid":{"rendered":"https:\/\/mys-outlet.com\/?post_type=product&#038;p=5587"},"modified":"2023-01-06T04:41:34","modified_gmt":"2023-01-06T04:41:34","slug":"espejo-tocador-con-luz-hollywood-2","status":"publish","type":"product","link":"https:\/\/mys-outlet.com\/index.php\/producto\/espejo-tocador-con-luz-hollywood-2\/","title":{"rendered":"Espejo Tocador Con Luz Hollywood"},"content":{"rendered":"<p><strong>Espejo Tocador Con Luz Hollywood <\/strong><\/p>\n<p><span class=\"a-list-item\">luces LED brillantes, La luz del espejo de tocador LED es natural y suave, brillante pero no deslumbrante, protege tus ojos y evita crear reflejos, <\/span><span class=\"a-list-item\">Ampliaci\u00f3n y triple pliegue: el cristal de alta definici\u00f3n, extremadamente adecuado para tu maquillaje delicado facial, como dibujar sombra de ojos, llevar delineador, dar forma a las cejas, limpieza de poros de nariz, cuidado de la piel facial, R<\/span><span class=\"a-list-item\">otaci\u00f3n de 90\u00b0 y desmontable,\u00a0<\/span><\/p>\n<p><strong>Compra de manera segura tus PRODUCTOS EN MYS GROUP con garant\u00eda de 1 Mes, Env\u00edos a toda COLOMBIA.<\/strong><\/p>\n<p>&nbsp;<\/p>\n<h2><strong>\u00bfPor qu\u00e9 comprar ESPEJO TOCADOR TRES PLIEGUES CON LUZ en MYS GROUP?<\/strong><\/h2>\n<p><span class=\"a-list-item\">1 modo de iluminaci\u00f3n de color y dise\u00f1o t\u00e1ctil inteligente El dise\u00f1o de soporte plegable \u00fanico <\/span><span class=\"a-list-item\">. Es un regalo ideal para madre, hermana, esposa, novia, artista de maquillaje, etc. el d\u00eda de San Valent\u00edn, el d\u00eda de la madre, Navidad, aniversarios u otras ocasiones especiales.<\/span><\/p>\n<h3 class=\"app__header-text\">Especificaciones t\u00e9cnicas<\/h3>\n<ul>\n<li><span class=\"a-list-item\">luces LED brillantes<\/span><\/li>\n<li><span class=\"a-list-item\"> La luz del espejo de tocador LED es natural y suave<\/span><\/li>\n<li><span class=\"a-list-item\">Brillante pero no deslumbrante, protege tus ojos y evita crear reflejos<\/span><\/li>\n<li><span class=\"a-list-item\">Rotaci\u00f3n de 90\u00b0 y desmontable.<\/span><\/li>\n<\/ul>\n<p>&nbsp;<\/p>\n<p><a href=\"https:\/\/mysgroupcol.com\/\">MYS GROUP<\/a> trae para usted y su familia los mejores productos en distintas categor\u00edas. Por esto compre seguro con nosotros, adem\u00e1s hacemos env\u00edos a toda Colombia, cuenta con Garant\u00eda de hasta 1 a\u00f1o en varias marcas.<\/p>\n<h3>Consigue este y m\u00e1s productos de calidad con nosotros somos Importadores Directos, garantizamos el mejor precio.<\/h3>\n<p>&nbsp;<\/p>\n<ul>\n<li style=\"list-style-type: none;\">\n<ul>\n<li>Vis\u00edtanos ahora en nuestros Instagram &#8211;&gt; <a href=\"https:\/\/www.instagram.com\/mysgroupcol\/\">www.instagram.com\/mysgroupcol\/<\/a><\/li>\n<\/ul>\n<\/li>\n<\/ul>\n<ul>\n<li style=\"list-style-type: none;\">\n<ul>\n<li>Vis\u00edtanos ahora en nuestro Facebook &#8211;&gt; <a href=\"https:\/\/www.facebook.com\/mysgroupcol\">www.facebook.com\/mysgroupcol<\/a><\/li>\n<\/ul>\n<\/li>\n<\/ul>\n<ul>\n<li style=\"list-style-type: none;\">\n<ul>\n<li>Necesitas asesor\u00eda directa, escr\u00edbenos a nuestro WhatsApp &#8211;&gt; <a href=\"https:\/\/api.whatsapp.com\/send?phone=573173644411&amp;text=\">Whatsapp MYS GROUP <\/a><\/li>\n<\/ul>\n<\/li>\n<\/ul>\n<p><strong>Varios m\u00e9todos de pago disponibles \u2013 Producto Nuevo \u2013 Adem\u00e1s Env\u00edos y Pagos Seguros.<\/strong><\/p>\n","protected":false},"excerpt":{"rendered":"<p>\u2b50\ufe0fAdquiere tu producto <strong>Espejo de Tocador Con Luz Led Hollywood Blk<\/strong> de manera segura por nuestra p\u00e1gina WEB, este producto cuenta con <strong>1 A\u00d1O DE GARANT\u00cdA y ENVI\u00d3 A TODA COLOMBIA.<\/strong><\/p>\n<p>&nbsp;<\/p>\n<p><strong>Compra ahora tu<\/strong> <strong>Espejo de Tocador Con Luz Led Hollywood Blk<\/strong>\u00a0y rec\u00edbelo en la puerta de tu casa con tiempo de entrega:<\/p>\n<p>&nbsp;<\/p>\n<ul>\n<li>1 a 2 d\u00edas para Bogot\u00e1 o Ciudades cercanas.<\/li>\n<li>2 a 3 d\u00edas para ciudades principales.<\/li>\n<li>3 a 5 d\u00edas para ciudades y pueblos lejanos.<\/li>\n<\/ul>\n<p><strong><span role=\"image\" aria-label=\"\u2705\">\u2705<\/span>VARIOS M\u00c9TODOS DE PAGO EN EFECTIVO O CON TARJETA DEBIDO\/CR\u00c9DITO.<\/strong><\/p>\n","protected":false},"featured_media":5486,"comment_status":"open","ping_status":"closed","template":"","meta":[],"product_cat":[191,193,188,187,192,208],"product_tag":[301],"class_list":{"0":"post-5587","1":"product","2":"type-product","3":"status-publish","4":"has-post-thumbnail","6":"product_cat-cuidado-corporal","7":"product_cat-cuidado-del-cabello","8":"product_cat-cuidado-facial","9":"product_cat-cuidado-personal","10":"product_cat-mujer","11":"product_cat-vivitar-marcas","12":"product_tag-espejo-tocador-con-luz-hollywood","13":"product_shipping_class-producto-pequeno","15":"first","16":"instock","17":"shipping-taxable","18":"purchasable","19":"product-type-simple"},"_links":{"self":[{"href":"https:\/\/mys-outlet.com\/index.php\/wp-json\/wp\/v2\/product\/5587","targetHints":{"allow":["GET"]}}],"collection":[{"href":"https:\/\/mys-outlet.com\/index.php\/wp-json\/wp\/v2\/product"}],"about":[{"href":"https:\/\/mys-outlet.com\/index.php\/wp-json\/wp\/v2\/types\/product"}],"replies":[{"embeddable":true,"href":"https:\/\/mys-outlet.com\/index.php\/wp-json\/wp\/v2\/comments?post=5587"}],"version-history":[{"count":0,"href":"https:\/\/mys-outlet.com\/index.php\/wp-json\/wp\/v2\/product\/5587\/revisions"}],"wp:featuredmedia":[{"embeddable":true,"href":"https:\/\/mys-outlet.com\/index.php\/wp-json\/wp\/v2\/media\/5486"}],"wp:attachment":[{"href":"https:\/\/mys-outlet.com\/index.php\/wp-json\/wp\/v2\/media?parent=5587"}],"wp:term":[{"taxonomy":"product_cat","embeddable":true,"href":"https:\/\/mys-outlet.com\/index.php\/wp-json\/wp\/v2\/product_cat?post=5587"},{"taxonomy":"product_tag","embeddable":true,"href":"https:\/\/mys-outlet.com\/index.php\/wp-json\/wp\/v2\/product_tag?post=5587"}],"curies":[{"name":"wp","href":"https:\/\/api.w.org\/{rel}","templated":true}]}}