{"id":5606,"date":"2022-03-07T20:56:30","date_gmt":"2022-03-07T20:56:30","guid":{"rendered":"https:\/\/mys-outlet.com\/?post_type=product&#038;p=5606"},"modified":"2023-01-06T04:41:35","modified_gmt":"2023-01-06T04:41:35","slug":"barra-simulador-t-sfm-2","status":"publish","type":"product","link":"https:\/\/mys-outlet.com\/index.php\/producto\/barra-simulador-t-sfm-2\/","title":{"rendered":"Barra Simulador T- SFM"},"content":{"rendered":"<p><strong>Barra Simulador T- SFM<\/strong>_x005F_x000D_<br \/>\n_x005F_x000D_<br \/>\nEl secreto para lucir mas joven! tu piel estar\u00e1 m\u00e1s firme con el estimulador facial Vivitar T-Bar. Ligero y_x005F_x000D_<br \/>\nsuave para la piel, este estimulador vibra, proporcionando la cantidad adecuada de estimulaci\u00f3n a cada m\u00fasculo facial, manteniendo la piel rejuvenecida y libre de arrugas. Ligero y compacto, podr\u00e1s llevar este estimulador a donde quieras._x005F_x000D_<br \/>\n_x005F_x000D_<br \/>\nEl Estimulador Facial Vivitar T-Bar mejora la piel, retrasando unos a\u00f1os el reloj para reducir las arrugas y las marcas de la edad. Esta herramienta divertida y f\u00e1cil de usar funciona muy bien para reducir las arrugas alrededor de los ojos, los labios, la frente y otras \u00e1reas del rostro. Al usar este estimulador a diario, el contorno de tu rostro mejora dram\u00e1ticamente dej\u00e1ndote con una apariencia juvenil excelente y deseada. En un divertido color oro rosa met\u00e1lico, este estimulador es liviano y port\u00e1til, lo que agrega un toque de conveniencia a su rutina diaria de preparaci\u00f3n.<\/p>\n","protected":false},"excerpt":{"rendered":"<p>\u2b50\ufe0fAdquiere tu producto <strong>Barra Simulador T- SFM<\/strong> de manera segura por nuestra p\u00e1gina WEB, este producto cuenta con <strong>1 A\u00d1O DE GARANT\u00cdA y ENVI\u00d3 A TODA COLOMBIA.<\/strong><\/p>\n<p>&nbsp;<\/p>\n<p><strong>Compra ahora tu<\/strong> <strong>Barra Simulador T- SFM<\/strong>\u00a0y rec\u00edbelo en la puerta de tu casa con tiempo de entrega:<\/p>\n<p>&nbsp;<\/p>\n<ul>\n<li>1 a 2 d\u00edas para Bogot\u00e1 o Ciudades cercanas.<\/li>\n<li>2 a 3 d\u00edas para ciudades principales.<\/li>\n<li>3 a 5 d\u00edas para ciudades y pueblos lejanos.<\/li>\n<\/ul>\n<p><strong><span role=\"image\" aria-label=\"\u2705\">\u2705<\/span>VARIOS M\u00c9TODOS DE PAGO EN EFECTIVO O CON TARJETA DEBIDO\/CR\u00c9DITO.<\/strong><\/p>\n","protected":false},"featured_media":5320,"comment_status":"open","ping_status":"closed","template":"","meta":[],"product_cat":[188,187,192,208],"product_tag":[],"class_list":{"0":"post-5606","1":"product","2":"type-product","3":"status-publish","4":"has-post-thumbnail","6":"product_cat-cuidado-facial","7":"product_cat-cuidado-personal","8":"product_cat-mujer","9":"product_cat-vivitar-marcas","10":"product_shipping_class-producto-pequeno","12":"first","13":"instock","14":"shipping-taxable","15":"purchasable","16":"product-type-simple"},"_links":{"self":[{"href":"https:\/\/mys-outlet.com\/index.php\/wp-json\/wp\/v2\/product\/5606","targetHints":{"allow":["GET"]}}],"collection":[{"href":"https:\/\/mys-outlet.com\/index.php\/wp-json\/wp\/v2\/product"}],"about":[{"href":"https:\/\/mys-outlet.com\/index.php\/wp-json\/wp\/v2\/types\/product"}],"replies":[{"embeddable":true,"href":"https:\/\/mys-outlet.com\/index.php\/wp-json\/wp\/v2\/comments?post=5606"}],"version-history":[{"count":0,"href":"https:\/\/mys-outlet.com\/index.php\/wp-json\/wp\/v2\/product\/5606\/revisions"}],"wp:featuredmedia":[{"embeddable":true,"href":"https:\/\/mys-outlet.com\/index.php\/wp-json\/wp\/v2\/media\/5320"}],"wp:attachment":[{"href":"https:\/\/mys-outlet.com\/index.php\/wp-json\/wp\/v2\/media?parent=5606"}],"wp:term":[{"taxonomy":"product_cat","embeddable":true,"href":"https:\/\/mys-outlet.com\/index.php\/wp-json\/wp\/v2\/product_cat?post=5606"},{"taxonomy":"product_tag","embeddable":true,"href":"https:\/\/mys-outlet.com\/index.php\/wp-json\/wp\/v2\/product_tag?post=5606"}],"curies":[{"name":"wp","href":"https:\/\/api.w.org\/{rel}","templated":true}]}}