{"id":5629,"date":"2022-03-08T16:09:01","date_gmt":"2022-03-08T16:09:01","guid":{"rendered":"https:\/\/mys-outlet.com\/?post_type=product&#038;p=5629"},"modified":"2023-01-06T04:41:38","modified_gmt":"2023-01-06T04:41:38","slug":"kit-belleza-personal-mint-3","status":"publish","type":"product","link":"https:\/\/mys-outlet.com\/index.php\/producto\/kit-belleza-personal-mint-3\/","title":{"rendered":"Kit Belleza Personal Mint"},"content":{"rendered":"<p><strong>Kit Belleza Personal Mint<\/strong><\/p>\n<p>kit con espejo\u00a0 para tu cuidado personal y el cuidado de tu rostro, perfecto para tu set de maquillaje con Delineado de cejas, removedor vello facial mas espejo. todo lo que necesitas para mantenerte hermosa por mucho tiempo.<\/p>\n<p><strong>Compra de manera segura tus PRODUCTOS EN MYS GROUP con garant\u00eda de 1 A\u00f1o, Env\u00edos a toda COLOMBIA.<\/strong><\/p>\n<h2><strong>\u00bfPor qu\u00e9 comprar Kit Belleza Personal Mint?<\/strong><\/h2>\n<p>Te ofrecemos un envi\u00f3 seguro para que nada le pueda suceder a tu producto, adem\u00e1s te garantizamos calidad y funcionamiento del producto completo adem\u00e1s de brindarte 1 A\u00d1O de garant\u00eda para tu kit de belleza personal.<\/p>\n<h3 class=\"app__header-text\">Especificaciones t\u00e9cnicas<\/h3>\n<ul>\n<li>Para Mujer<\/li>\n<li>Delineado de cejas<\/li>\n<li>Removedor vello facial<\/li>\n<li>Espejo.<\/li>\n<\/ul>\n<p>&nbsp;<\/p>\n<h3>Consigue este y m\u00e1s productos de calidad con nosotros somos Importadores Directos, garantizamos el mejor precio.<\/h3>\n<ul>\n<li style=\"list-style-type: none;\"><\/li>\n<\/ul>\n<p>&nbsp;<\/p>\n<p><strong>Varios m\u00e9todos de pago disponibles \u2013 Producto Nuevo \u2013 Adem\u00e1s Env\u00edos y Pagos Seguros.<\/strong><\/p>\n","protected":false},"excerpt":{"rendered":"<p><img decoding=\"async\" class=\"emoji\" role=\"img\" draggable=\"false\" src=\"https:\/\/s.w.org\/images\/core\/emoji\/13.1.0\/svg\/2b50.svg\" alt=\"\u2b50\ufe0f\" \/>Adquiere tu producto\u00a0<strong>Kit de Belleza con Espejo \u2013 Mint<\/strong>\u00a0de manera segura por nuestra p\u00e1gina WEB, este producto cuenta con\u00a0<strong>1 A\u00d1O DE GARANT\u00cdA y ENVI\u00d3 A TODA COLOMBIA.<\/strong><\/p>\n<p>&nbsp;<\/p>\n<p><strong>Compra ahora tu<\/strong>\u00a0<strong>Kit de Belleza con Espejo \u2013 Mint<\/strong>\u00a0y rec\u00edbelo en la puerta de tu casa con tiempo de entrega:<\/p>\n<p>&nbsp;<\/p>\n<ul>\n<li>1 a 2 d\u00edas para Bogot\u00e1 o Ciudades cercanas.<\/li>\n<li>2 a 3 d\u00edas para ciudades principales.<\/li>\n<li>3 a 5 d\u00edas para ciudades y pueblos lejanos.<\/li>\n<\/ul>\n<p><strong><span role=\"image\" aria-label=\"\u2705\"><img decoding=\"async\" class=\"emoji\" role=\"img\" draggable=\"false\" src=\"https:\/\/s.w.org\/images\/core\/emoji\/13.1.0\/svg\/2705.svg\" alt=\"\u2705\" \/><\/span>VARIOS M\u00c9TODOS DE PAGO EN EFECTIVO O CON TARJETA DEBIDO\/CR\u00c9DITO.<\/strong><\/p>\n","protected":false},"featured_media":5630,"comment_status":"open","ping_status":"closed","template":"","meta":[],"product_cat":[188,192,208],"product_tag":[],"class_list":{"0":"post-5629","1":"product","2":"type-product","3":"status-publish","4":"has-post-thumbnail","6":"product_cat-cuidado-facial","7":"product_cat-mujer","8":"product_cat-vivitar-marcas","10":"first","11":"instock","12":"shipping-taxable","13":"purchasable","14":"product-type-simple"},"_links":{"self":[{"href":"https:\/\/mys-outlet.com\/index.php\/wp-json\/wp\/v2\/product\/5629","targetHints":{"allow":["GET"]}}],"collection":[{"href":"https:\/\/mys-outlet.com\/index.php\/wp-json\/wp\/v2\/product"}],"about":[{"href":"https:\/\/mys-outlet.com\/index.php\/wp-json\/wp\/v2\/types\/product"}],"replies":[{"embeddable":true,"href":"https:\/\/mys-outlet.com\/index.php\/wp-json\/wp\/v2\/comments?post=5629"}],"version-history":[{"count":0,"href":"https:\/\/mys-outlet.com\/index.php\/wp-json\/wp\/v2\/product\/5629\/revisions"}],"wp:featuredmedia":[{"embeddable":true,"href":"https:\/\/mys-outlet.com\/index.php\/wp-json\/wp\/v2\/media\/5630"}],"wp:attachment":[{"href":"https:\/\/mys-outlet.com\/index.php\/wp-json\/wp\/v2\/media?parent=5629"}],"wp:term":[{"taxonomy":"product_cat","embeddable":true,"href":"https:\/\/mys-outlet.com\/index.php\/wp-json\/wp\/v2\/product_cat?post=5629"},{"taxonomy":"product_tag","embeddable":true,"href":"https:\/\/mys-outlet.com\/index.php\/wp-json\/wp\/v2\/product_tag?post=5629"}],"curies":[{"name":"wp","href":"https:\/\/api.w.org\/{rel}","templated":true}]}}