{"id":5634,"date":"2022-03-09T22:08:25","date_gmt":"2022-03-09T22:08:25","guid":{"rendered":"https:\/\/mys-outlet.com\/?post_type=product&#038;p=5634"},"modified":"2023-01-06T04:41:38","modified_gmt":"2023-01-06T04:41:38","slug":"limpiador-poros-ultra-succion-vivitar-3","status":"publish","type":"product","link":"https:\/\/mys-outlet.com\/index.php\/producto\/limpiador-poros-ultra-succion-vivitar-3\/","title":{"rendered":"Limpiador Poros Ultra Succi\u00f3n VIVITAR"},"content":{"rendered":"<p><strong>Limpiador Poros Ultra Succi\u00f3n VIVITAR : Limpia poros, exfolia y elimina puntos negros<\/strong><\/p>\n<p>\u00a1Disfruta de un tratamiento facial de spa en casa con el limpiador de poros Vivitar Ultra Succi\u00f3n! \u00a1Limpia los poros, exfolia y elimina los puntos negros! No es necesario que intentes eliminar los puntos negros por tu cuenta, \u00a1este limpiador hace el trabajo r\u00e1pido!<\/p>\n<p>\u00a1El limpiador de poros Vivitar Ultra Suction eliminar\u00e1 tus costosos viajes al spa al llevarte el facial a casa! El limpiador penetra profundamente en la piel eliminando puntos negros, puntos blancos, suciedad y grasa. Tambi\u00e9n ayudar\u00e1 a reducir las l\u00edneas de expresi\u00f3n y estimula la regeneraci\u00f3n de la piel.<\/p>\n<p><strong>Compra de manera segura tus PRODUCTOS EN MYS GROUP con garant\u00eda de 1 A\u00f1o, Env\u00edos a toda COLOMBIA.<\/strong><\/p>\n<h2>\u00bfPor qu\u00e9 comprar Limpiador Poros Ultra Succi\u00f3n VIVITAR en MYS GROUP?<\/h2>\n<p>Aqu\u00ed en MYS GROUP te garantizamos los mas altos est\u00e1ndares de calidad en la entrega de tu producto, envi\u00f3 seguro para toda Colombia, adem\u00e1s, te garantizamos el perfecto estado de tu Depiladora Limpiador de poros\u00a0 y con esto 1 A\u00d1O de garant\u00eda por la compra de tu producto.<\/p>\n<h3 class=\"app__header-text\">Especificaciones t\u00e9cnicas<\/h3>\n<ul>\n<li>Incluye 3 accesorios de cabeza<\/li>\n<li>Elimina puntos negros y puntos blancos<\/li>\n<li>Ayuda a reducir las l\u00edneas finas<\/li>\n<li>Estimula la regeneraci\u00f3n de la piel<\/li>\n<\/ul>\n<h3 class=\"app__header-text\"><a style=\"font-size: 14px;\" href=\"https:\/\/mysgroupcol.com\/\">MYS GROUP<\/a><span style=\"font-size: 14px; color: #666666;\"> trae para usted y su familia los mejores productos en distintas categor\u00edas. Por esto compre seguro con nosotros, adem\u00e1s hacemos env\u00edos a toda Colombia, cuenta con Garant\u00eda de hasta 1 a\u00f1o en varias marcas.<\/span><\/h3>\n<h3>Consigue este y m\u00e1s productos de calidad con nosotros somos Importadores Directos, garantizamos el mejor precio.<\/h3>\n<p>&nbsp;<\/p>\n<ul>\n<li style=\"list-style-type: none;\">\n<ul>\n<li>Vis\u00edtanos ahora en nuestros Instagram &#8211;&gt; <a href=\"https:\/\/www.instagram.com\/mysgroupcol\/\">www.instagram.com\/mysgroupcol\/<\/a><\/li>\n<\/ul>\n<\/li>\n<\/ul>\n<ul>\n<li style=\"list-style-type: none;\">\n<ul>\n<li>Vis\u00edtanos ahora en nuestro Facebook &#8211;&gt; <a href=\"https:\/\/www.facebook.com\/mysgroupcol\">www.facebook.com\/mysgroupcol<\/a><\/li>\n<\/ul>\n<\/li>\n<\/ul>\n<ul>\n<li style=\"list-style-type: none;\">\n<ul>\n<li>Necesitas asesor\u00eda directa, escr\u00edbenos a nuestro WhatsApp &#8211;&gt; <a href=\"https:\/\/api.whatsapp.com\/send?phone=573173644411&amp;text=\">Whatsapp MYS GROUP <\/a><\/li>\n<\/ul>\n<\/li>\n<\/ul>\n<p><strong>Varios m\u00e9todos de pago disponibles \u2013 Producto Nuevo \u2013 Adem\u00e1s Env\u00edos y Pagos Seguros.<\/strong><\/p>\n<p>&nbsp;<\/p>\n","protected":false},"excerpt":{"rendered":"<p>\u2b50\ufe0fAdquiere tu producto <strong>Limpiador de Poros<\/strong> de manera segura por nuestra p\u00e1gina WEB, este producto cuenta con <strong>1 A\u00d1O DE GARANT\u00cdA y ENVI\u00d3 A TODA COLOMBIA.<\/strong><\/p>\n<p>&nbsp;<\/p>\n<p><strong>Compra ahora tu<\/strong> <strong>Limpiador de Poros<\/strong>\u00a0y rec\u00edbelo en la puerta de tu casa con tiempo de entrega:<\/p>\n<p>&nbsp;<\/p>\n<ul>\n<li>1 a 2 d\u00edas para Bogot\u00e1 o Ciudades cercanas.<\/li>\n<li>2 a 3 d\u00edas para ciudades principales.<\/li>\n<li>3 a 5 d\u00edas para ciudades y pueblos lejanos.<\/li>\n<\/ul>\n<p><strong><span role=\"image\" aria-label=\"\u2705\">\u2705<\/span>VARIOS M\u00c9TODOS DE PAGO EN EFECTIVO O CON TARJETA DEBIDO\/CR\u00c9DITO.<\/strong><\/p>\n","protected":false},"featured_media":5300,"comment_status":"open","ping_status":"closed","template":"","meta":[],"product_cat":[188,187,192,208],"product_tag":[249],"class_list":{"0":"post-5634","1":"product","2":"type-product","3":"status-publish","4":"has-post-thumbnail","6":"product_cat-cuidado-facial","7":"product_cat-cuidado-personal","8":"product_cat-mujer","9":"product_cat-vivitar-marcas","10":"product_tag-limpiador-poros-ultra-succion-vivitar","11":"product_shipping_class-producto-pequeno","13":"first","14":"instock","15":"shipping-taxable","16":"purchasable","17":"product-type-simple"},"_links":{"self":[{"href":"https:\/\/mys-outlet.com\/index.php\/wp-json\/wp\/v2\/product\/5634","targetHints":{"allow":["GET"]}}],"collection":[{"href":"https:\/\/mys-outlet.com\/index.php\/wp-json\/wp\/v2\/product"}],"about":[{"href":"https:\/\/mys-outlet.com\/index.php\/wp-json\/wp\/v2\/types\/product"}],"replies":[{"embeddable":true,"href":"https:\/\/mys-outlet.com\/index.php\/wp-json\/wp\/v2\/comments?post=5634"}],"version-history":[{"count":0,"href":"https:\/\/mys-outlet.com\/index.php\/wp-json\/wp\/v2\/product\/5634\/revisions"}],"wp:featuredmedia":[{"embeddable":true,"href":"https:\/\/mys-outlet.com\/index.php\/wp-json\/wp\/v2\/media\/5300"}],"wp:attachment":[{"href":"https:\/\/mys-outlet.com\/index.php\/wp-json\/wp\/v2\/media?parent=5634"}],"wp:term":[{"taxonomy":"product_cat","embeddable":true,"href":"https:\/\/mys-outlet.com\/index.php\/wp-json\/wp\/v2\/product_cat?post=5634"},{"taxonomy":"product_tag","embeddable":true,"href":"https:\/\/mys-outlet.com\/index.php\/wp-json\/wp\/v2\/product_tag?post=5634"}],"curies":[{"name":"wp","href":"https:\/\/api.w.org\/{rel}","templated":true}]}}