{"id":5888,"date":"2022-07-07T17:43:42","date_gmt":"2022-07-07T17:43:42","guid":{"rendered":"https:\/\/mys-outlet.com\/?post_type=product&#038;p=5888"},"modified":"2023-01-06T04:41:50","modified_gmt":"2023-01-06T04:41:50","slug":"soporte-compresion-mano-vivitar","status":"publish","type":"product","link":"https:\/\/mys-outlet.com\/index.php\/producto\/soporte-compresion-mano-vivitar\/","title":{"rendered":"Soporte Compresi\u00f3n Mano VIVITAR"},"content":{"rendered":"<p><strong>Soporte Compresi\u00f3n Mano VIVITAR<\/strong><br \/>\nForma anat\u00f3mica para proporcionar compresi\u00f3n uniforme en las articulaciones de la mano, El forro interior mantiene la piel ventilada mientras retiene el calor, Correa para un perfecto ajuste, Se puede utilizar en casa y en el gimnasio, Ayuda a sostener las articulaciones de la mano, Promueve la recuperaci\u00f3n muscular y previene lesiones.<\/p>\n<p><strong>Compra de manera segura tus PRODUCTOS EN MYS GROUP con garant\u00eda de 1 A\u00d1O, Env\u00edos a toda COLOMBIA.<\/strong><\/p>\n<h2><strong>\u00bfPor qu\u00e9 comprar SOPORTE COMPRENS\u00cdON MANO VIVITAR MYS GROUP?<\/strong><\/h2>\n<p><strong>Soporte Compresi\u00f3n Mano VIVITAR<\/strong> su objetivo es el mantenimiento y el control de la posici\u00f3n correcta, para una buena alineaci\u00f3n de las articulaciones de la mu\u00f1eca, la mano y los dedos, proporcionando estabilidad a dichas articulaciones, as\u00ed como una acci\u00f3n analg\u00e9sica y antiinflamatoria en caso de problemas articulares, \u00f3seos o de partes blandas, en la mu\u00f1eca o en la mano.<\/p>\n<p>Dise\u00f1ada para ayudar a ofrecer protecci\u00f3n y un soporte firme para\u00a0<b>tobillos<\/b> r\u00edgidos, lesionados o d\u00e9biles. Soportes laterales reforzados que ayudan a limitar el movimiento lateral.<\/p>\n<p><strong>A veces, todo lo que necesitas para no quedarte fuera de juego es un poco de apoyo..<\/strong><\/p>\n<h3 class=\"app__header-text\">Especificaciones t\u00e9cnicas<\/h3>\n<ul>\n<li>Forma anat\u00f3mica para proporcionar compresi\u00f3n uniforme en las articulaciones de la mano<\/li>\n<li>El forro interior mantiene la piel ventilada mientras retiene el calor<\/li>\n<li>Correa para un perfecto ajuste<\/li>\n<li>Se puede utilizar en casa y en el gimnasio<\/li>\n<li>Ayuda a sostener las articulaciones de la mano<\/li>\n<li>Promueve la recuperaci\u00f3n muscular y previene lesiones.<\/li>\n<\/ul>\n<p><a href=\"https:\/\/mysgroupcol.com\/\">MYS GROUP<\/a> trae para usted y su familia los mejores productos en distintas categor\u00edas. Por esto compre seguro con nosotros, adem\u00e1s hacemos env\u00edos a toda Colombia, cuenta con Garant\u00eda de hasta 1 a\u00f1o en varias marcas.<\/p>\n<h3>Consigue este y m\u00e1s productos de calidad con nosotros somos Importadores Directos, garantizamos el mejor precio.<\/h3>\n<p>&nbsp;<\/p>\n<ul>\n<li style=\"list-style-type: none;\">\n<ul>\n<li>Vis\u00edtanos ahora en nuestros Instagram &#8211;&gt; <a href=\"https:\/\/www.instagram.com\/mysgroupcol\/\">www.instagram.com\/mysgroupcol\/<\/a><\/li>\n<\/ul>\n<\/li>\n<\/ul>\n<ul>\n<li style=\"list-style-type: none;\">\n<ul>\n<li>Vis\u00edtanos ahora en nuestro Facebook &#8211;&gt; <a href=\"https:\/\/www.facebook.com\/mysgroupcol\">www.facebook.com\/mysgroupcol<\/a><\/li>\n<\/ul>\n<\/li>\n<\/ul>\n<ul>\n<li style=\"list-style-type: none;\">\n<ul>\n<li>Necesitas asesor\u00eda directa, escr\u00edbenos a nuestro WhatsApp &#8211;&gt; <a href=\"https:\/\/api.whatsapp.com\/send?phone=573173644411&amp;text=\">Whatsapp MYS GROUP <\/a><\/li>\n<\/ul>\n<\/li>\n<\/ul>\n<p><strong>Varios m\u00e9todos de pago disponibles \u2013 Producto Nuevo \u2013 Adem\u00e1s Env\u00edos y Pagos Seguros.<\/strong><\/p>\n","protected":false},"excerpt":{"rendered":"<p>\u2b50\ufe0fAdquiere tu producto <strong>Soporte de Compresi\u00f3n para Mano<\/strong> de manera segura por nuestra p\u00e1gina WEB, este producto cuenta con <strong>1 A\u00d1O DE GARANT\u00cdA y ENVI\u00d3 A TODA COLOMBIA.<\/strong><\/p>\n<p>&nbsp;<\/p>\n<p><strong>Compra ahora tu<\/strong> <strong>Soporte de Compresi\u00f3n para Mano<\/strong>\u00a0y rec\u00edbelo en la puerta de tu casa con tiempo de entrega:<\/p>\n<p>&nbsp;<\/p>\n<ul>\n<li>1 a 2 d\u00edas para Bogot\u00e1 o Ciudades cercanas.<\/li>\n<li>2 a 3 d\u00edas para ciudades principales.<\/li>\n<li>3 a 5 d\u00edas para ciudades y pueblos lejanos.<\/li>\n<\/ul>\n<p><strong><span role=\"image\" aria-label=\"\u2705\">\u2705<\/span>VARIOS M\u00c9TODOS DE PAGO EN EFECTIVO O CON TARJETA DEBIDO\/CR\u00c9DITO.<\/strong><\/p>\n","protected":false},"featured_media":5533,"comment_status":"open","ping_status":"closed","template":"","meta":[],"product_cat":[200,197],"product_tag":[316],"class_list":{"0":"post-5888","1":"product","2":"type-product","3":"status-publish","4":"has-post-thumbnail","6":"product_cat-deportes-2","7":"product_cat-deportes","8":"product_tag-soporte-compresion-mano-vivitar","9":"product_shipping_class-producto-pequeno","11":"first","12":"instock","13":"shipping-taxable","14":"purchasable","15":"product-type-simple"},"_links":{"self":[{"href":"https:\/\/mys-outlet.com\/index.php\/wp-json\/wp\/v2\/product\/5888","targetHints":{"allow":["GET"]}}],"collection":[{"href":"https:\/\/mys-outlet.com\/index.php\/wp-json\/wp\/v2\/product"}],"about":[{"href":"https:\/\/mys-outlet.com\/index.php\/wp-json\/wp\/v2\/types\/product"}],"replies":[{"embeddable":true,"href":"https:\/\/mys-outlet.com\/index.php\/wp-json\/wp\/v2\/comments?post=5888"}],"version-history":[{"count":0,"href":"https:\/\/mys-outlet.com\/index.php\/wp-json\/wp\/v2\/product\/5888\/revisions"}],"wp:featuredmedia":[{"embeddable":true,"href":"https:\/\/mys-outlet.com\/index.php\/wp-json\/wp\/v2\/media\/5533"}],"wp:attachment":[{"href":"https:\/\/mys-outlet.com\/index.php\/wp-json\/wp\/v2\/media?parent=5888"}],"wp:term":[{"taxonomy":"product_cat","embeddable":true,"href":"https:\/\/mys-outlet.com\/index.php\/wp-json\/wp\/v2\/product_cat?post=5888"},{"taxonomy":"product_tag","embeddable":true,"href":"https:\/\/mys-outlet.com\/index.php\/wp-json\/wp\/v2\/product_tag?post=5888"}],"curies":[{"name":"wp","href":"https:\/\/api.w.org\/{rel}","templated":true}]}}