{"id":5890,"date":"2022-07-07T17:43:43","date_gmt":"2022-07-07T17:43:43","guid":{"rendered":"https:\/\/mys-outlet.com\/?post_type=product&#038;p=5890"},"modified":"2023-01-06T04:41:50","modified_gmt":"2023-01-06T04:41:50","slug":"silla-gamer-lvlup-cuero-2","status":"publish","type":"product","link":"https:\/\/mys-outlet.com\/index.php\/producto\/silla-gamer-lvlup-cuero-2\/","title":{"rendered":"Silla Gamer LVLUP Cuero"},"content":{"rendered":"<p><strong>Silla Gamer LVLUP Cuero ,<\/strong>\u00a0Silla Gaming Vivitar Level UP(ROJO &#8211; AZUL &#8211; ROSADA) para uso en casa u oficina para jornadas de juego, estudio y trabajo.<\/p>\n<p><strong>Compra de manera segura tus PRODUCTOS EN MYS GROUP con garant\u00eda de 1 A\u00d1O, Env\u00edos a toda COLOMBIA.<\/strong><\/p>\n<p>&nbsp;<\/p>\n<h2><strong>\u00bfPor qu\u00e9 comprar Silla Gamer LVLUP Cuero en MYS GROUP?<\/strong><\/h2>\n<p>Esta Silla Gamer complementa el espacio que t\u00fa sala de juegos u oficina merece, adem\u00e1s podr\u00e1s cuidar la postura de tu espalda si trabajas, juegas o pasas mucho tiempo en la computadora.<\/p>\n<ol>\n<li>Reposabrazos reclinable y con altura ajustable de 90 a 170\u00ba, 90\u00ba a 145\u00ba grados de inclinaci\u00f3n, giro de 360\u00ba y 5 puntos.<\/li>\n<li>Reposabrazos acolchado.<\/li>\n<li>Resiste hasta 260 lbs \/ 117 kgs de peso.<\/li>\n<\/ol>\n<p>&nbsp;<\/p>\n<h3 class=\"app__header-text\">Especificaciones t\u00e9cnicas<\/h3>\n<ul>\n<li>Silla Gaming Vivitar Level UP\u00a0 (ROJO &#8211; AZUL &#8211; ROSADA) para uso en casa u oficina para jornadas de juego, estudio y trabajo.Caracter\u00edsticas Principales:-Cuero sint\u00e9tico + Espuma de alta densidad.<br \/>\n-Marco de metal resistente dise\u00f1ado para largas jornadas.<br \/>\n-Asiento acolchado grueso, incluye almohadilla reposacabezas y coj\u00edn lumbar extra\u00edble.<br \/>\n-Reposabrazos reclinable y con altura ajustable de 90 a 170\u00ba, 90\u00ba a 145\u00ba grados de inclinaci\u00f3n, giro de 360\u00ba y 5 puntos.<br \/>\n-Reposabrazos acolchado.<br \/>\n-Resiste hasta 260 lbs \/ 117 kgs de peso.<br \/>\n-1 A\u00f1o de garant\u00eda por defecto de f\u00e1brica, no aplica por uso inadecuado del art\u00edculo.<\/li>\n<li>Medidas : 60 CM x 65 CM x 125 CM<\/li>\n<li>Peso: 15 Kg<\/li>\n<\/ul>\n<p><a href=\"https:\/\/mysgroupcol.com\/\">MYS GROUP<\/a> trae para usted y su familia los mejores productos en distintas categor\u00edas. Por esto compre seguro con nosotros, adem\u00e1s hacemos env\u00edos a toda Colombia, cuenta con Garant\u00eda de hasta 1 a\u00f1o en varias marcas.<\/p>\n<h3>Consigue este y m\u00e1s productos de calidad con nosotros somos Importadores Directos, garantizamos el mejor precio.<\/h3>\n<p>&nbsp;<\/p>\n<ul>\n<li style=\"list-style-type: none;\">\n<ul>\n<li>Vis\u00edtanos ahora en nuestros Instagram &#8211;&gt; <a href=\"https:\/\/www.instagram.com\/mysgroupcol\/\">www.instagram.com\/mysgroupcol\/<\/a><\/li>\n<\/ul>\n<\/li>\n<\/ul>\n<ul>\n<li style=\"list-style-type: none;\">\n<ul>\n<li>Vis\u00edtanos ahora en nuestro Facebook &#8211;&gt; <a href=\"https:\/\/www.facebook.com\/mysgroupcol\">www.facebook.com\/mysgroupcol<\/a><\/li>\n<\/ul>\n<\/li>\n<\/ul>\n<ul>\n<li style=\"list-style-type: none;\">\n<ul>\n<li>Necesitas asesor\u00eda directa, escr\u00edbenos a nuestro WhatsApp &#8211;&gt; <a href=\"https:\/\/api.whatsapp.com\/send?phone=573173644411&amp;text=\">Whatsapp MYS GROUP <\/a><\/li>\n<\/ul>\n<\/li>\n<\/ul>\n<p><strong>Varios m\u00e9todos de pago disponibles \u2013 Producto Nuevo \u2013 Adem\u00e1s Env\u00edos y Pagos Seguros TODA COLOMBIA.<\/strong><\/p>\n","protected":false},"excerpt":{"rendered":"<p>\u2b50\ufe0fAdquiere tu producto <strong>Silla Gamer LVLUP Cuero<\/strong> \u00a0de manera segura por nuestra p\u00e1gina WEB, este producto cuenta con <strong>1 A\u00d1O DE GARANT\u00cdA y ENVI\u00d3 A TODA COLOMBIA.<\/strong><\/p>\n<p>&nbsp;<\/p>\n<p><strong>Compra ahora tu<\/strong> <strong>Silla Gamer LVLUP Cuero<\/strong> \u00a0y rec\u00edbelo en la puerta de tu casa con tiempo de entrega:<\/p>\n<p>&nbsp;<\/p>\n<ul>\n<li>1 a 2 d\u00edas para Bogot\u00e1 o Ciudades cercanas.<\/li>\n<li>2 a 3 d\u00edas para ciudades principales.<\/li>\n<li>3 a 5 d\u00edas para ciudades y pueblos lejanos.<\/li>\n<\/ul>\n<p><strong><span role=\"image\" aria-label=\"\u2705\">\u2705<\/span>VARIOS M\u00c9TODOS DE PAGO EN EFECTIVO O CON TARJETA DEBIDO\/CR\u00c9DITO.<\/strong><\/p>\n","protected":false},"featured_media":5539,"comment_status":"open","ping_status":"closed","template":"","meta":[],"product_cat":[198,179],"product_tag":[318],"class_list":{"0":"post-5890","1":"product","2":"type-product","3":"status-publish","4":"has-post-thumbnail","6":"product_cat-gamers","7":"product_cat-tecnologia","8":"product_tag-silla-gamer-lvlup-cuero","9":"product_shipping_class-producto-mediano","11":"first","12":"instock","13":"sale","14":"shipping-taxable","15":"purchasable","16":"product-type-variable"},"_links":{"self":[{"href":"https:\/\/mys-outlet.com\/index.php\/wp-json\/wp\/v2\/product\/5890","targetHints":{"allow":["GET"]}}],"collection":[{"href":"https:\/\/mys-outlet.com\/index.php\/wp-json\/wp\/v2\/product"}],"about":[{"href":"https:\/\/mys-outlet.com\/index.php\/wp-json\/wp\/v2\/types\/product"}],"replies":[{"embeddable":true,"href":"https:\/\/mys-outlet.com\/index.php\/wp-json\/wp\/v2\/comments?post=5890"}],"version-history":[{"count":0,"href":"https:\/\/mys-outlet.com\/index.php\/wp-json\/wp\/v2\/product\/5890\/revisions"}],"wp:featuredmedia":[{"embeddable":true,"href":"https:\/\/mys-outlet.com\/index.php\/wp-json\/wp\/v2\/media\/5539"}],"wp:attachment":[{"href":"https:\/\/mys-outlet.com\/index.php\/wp-json\/wp\/v2\/media?parent=5890"}],"wp:term":[{"taxonomy":"product_cat","embeddable":true,"href":"https:\/\/mys-outlet.com\/index.php\/wp-json\/wp\/v2\/product_cat?post=5890"},{"taxonomy":"product_tag","embeddable":true,"href":"https:\/\/mys-outlet.com\/index.php\/wp-json\/wp\/v2\/product_tag?post=5890"}],"curies":[{"name":"wp","href":"https:\/\/api.w.org\/{rel}","templated":true}]}}