{"id":6051,"date":"2022-07-07T17:49:43","date_gmt":"2022-07-07T17:49:43","guid":{"rendered":"https:\/\/mys-outlet.com\/?post_type=product&#038;p=6051"},"modified":"2023-01-06T04:41:55","modified_gmt":"2023-01-06T04:41:55","slug":"cortaunas-tijera-bigger-italiano","status":"publish","type":"product","link":"https:\/\/mys-outlet.com\/index.php\/producto\/cortaunas-tijera-bigger-italiano\/","title":{"rendered":"Cortau\u00f1as Tijera Bigger Italiano"},"content":{"rendered":"<p><strong>Cortau\u00f1as Tijera Bigger Italiano<\/strong><\/p>\n<p>Las cuchillas de este corta u\u00f1as, est\u00e1n especialmente dise\u00f1adas para las u\u00f1as de su mascota, y de ese modo poder cortarlas con la mayor comodidad y seguridad, Este corta u\u00f1as tipo tijeras es claramente mejor que unas tijeras convencionales, Es muy recomendable no usar tijeras humanas convencionales que no est\u00e1n dise\u00f1adas para la forma curvada de las u\u00f1as de nuestras mascotas y pueden lesionarse seriamente.<\/p>\n<p>Su magn\u00edfico dise\u00f1o lleva incorporado un mango ergon\u00f3mico para facilitar el corte y el manejo del producto y una cuchilla de acero inoxidable, Es un producto de excelente calidad profesional y resistencia, Ideal para perros de razas peque\u00f1as y medianas, as\u00ed como para cachorros de cualquier raza, MEDIDAS: 15 cm<\/p>\n<div>\n<div class=\"nav-item\"><\/div>\n<\/div>\n<p><strong>Compra de manera segura tus PRODUCTOS EN MYS GROUP con garant\u00eda de 1 A\u00d1O, Env\u00edos a toda COLOMBIA.<\/strong><\/p>\n<h2><strong>\u00bfPor qu\u00e9 comprar Cortau\u00f1as Tipo Guillotina Italiano en MYS GROUP?<\/strong><\/h2>\n<h3 class=\"app__header-text\">Especificaciones t\u00e9cnicas<\/h3>\n<div class=\"nav-item\">\n<div class=\"product-description\">\n<ul>\n<li>Dise\u00f1adas para las u\u00f1as de su mascota.<\/li>\n<li>Su magn\u00edfico dise\u00f1o lleva incorporado un mango ergon\u00f3mico para facilitar el corte y el manejo del producto.<\/li>\n<li>Cuchilla de acero inoxidable.<\/li>\n<li>Producto de excelente calidad profesional y resistente.<\/li>\n<li>Tama\u00f1o 15cm.<\/li>\n<\/ul>\n<\/div>\n<\/div>\n<div class=\"nav-item\"><\/div>\n<p><a href=\"https:\/\/mysgroupcol.com\/\">MYS GROUP<\/a> trae para usted y su familia los mejores productos en distintas categor\u00edas. Por esto compre seguro con nosotros, adem\u00e1s hacemos env\u00edos a toda Colombia, cuenta con Garant\u00eda de hasta 1 a\u00f1o en varias marcas.<\/p>\n<h3>Consigue este y m\u00e1s productos de calidad con nosotros somos Importadores Directos, garantizamos el mejor precio.<\/h3>\n<ul>\n<li style=\"list-style-type: none;\">\n<ul>\n<li>Vis\u00edtanos ahora en nuestros Instagram &#8211;&gt; <a href=\"https:\/\/www.instagram.com\/mysgroupcol\/\">www.instagram.com\/mysgroupcol\/<\/a><\/li>\n<\/ul>\n<\/li>\n<\/ul>\n<ul>\n<li style=\"list-style-type: none;\">\n<ul>\n<li>Vis\u00edtanos ahora en nuestro Facebook &#8211;&gt; <a href=\"https:\/\/www.facebook.com\/mysgroupcol\">www.facebook.com\/mysgroupcol<\/a><\/li>\n<\/ul>\n<\/li>\n<\/ul>\n<ul>\n<li style=\"list-style-type: none;\">\n<ul>\n<li>Necesitas asesor\u00eda directa, escr\u00edbenos a nuestro WhatsApp &#8211;&gt; <a href=\"https:\/\/api.whatsapp.com\/send?phone=573173644411&amp;text=\">Whatsapp MYS GROUP <\/a><\/li>\n<\/ul>\n<\/li>\n<\/ul>\n<p><strong>Varios m\u00e9todos de pago disponibles \u2013 Producto Nuevo \u2013 Adem\u00e1s Env\u00edos y Pagos Seguros.<\/strong><\/p>\n","protected":false},"excerpt":{"rendered":"<p>\u2b50\ufe0fAdquiere tu producto <strong>Cortau\u00f1as Tijera Bigger Italiano <\/strong>de manera segura por nuestra p\u00e1gina WEB, este producto cuenta con <strong>1 A\u00d1O DE GARANT\u00cdA y ENVI\u00d3 A TODA COLOMBIA.<\/strong><\/p>\n<p><strong>Cortau\u00f1as Tipo Guillotina Italiano <\/strong>y rec\u00edbelo en la puerta de tu casa con tiempo de entrega:<\/p>\n<ul>\n<li>1 a 2 d\u00edas para Bogot\u00e1 o Ciudades cercanas.<\/li>\n<li>2 a 3 d\u00edas para ciudades principales.<\/li>\n<li>3 a 5 d\u00edas para ciudades y pueblos lejanos.<\/li>\n<\/ul>\n<p><strong><span role=\"image\" aria-label=\"\u2705\">\u2705<\/span>VARIOS M\u00c9TODOS DE PAGO EN EFECTIVO O CON TARJETA DEBIDO\/CR\u00c9DITO.<\/strong><\/p>\n","protected":false},"featured_media":6116,"comment_status":"open","ping_status":"closed","template":"","meta":[],"product_cat":[381],"product_tag":[394],"class_list":{"0":"post-6051","1":"product","2":"type-product","3":"status-publish","4":"has-post-thumbnail","6":"product_cat-mascotas","7":"product_tag-cortaunas-tijera-bigger-italiano","9":"first","10":"instock","11":"shipping-taxable","12":"purchasable","13":"product-type-simple"},"_links":{"self":[{"href":"https:\/\/mys-outlet.com\/index.php\/wp-json\/wp\/v2\/product\/6051","targetHints":{"allow":["GET"]}}],"collection":[{"href":"https:\/\/mys-outlet.com\/index.php\/wp-json\/wp\/v2\/product"}],"about":[{"href":"https:\/\/mys-outlet.com\/index.php\/wp-json\/wp\/v2\/types\/product"}],"replies":[{"embeddable":true,"href":"https:\/\/mys-outlet.com\/index.php\/wp-json\/wp\/v2\/comments?post=6051"}],"version-history":[{"count":0,"href":"https:\/\/mys-outlet.com\/index.php\/wp-json\/wp\/v2\/product\/6051\/revisions"}],"wp:featuredmedia":[{"embeddable":true,"href":"https:\/\/mys-outlet.com\/index.php\/wp-json\/wp\/v2\/media\/6116"}],"wp:attachment":[{"href":"https:\/\/mys-outlet.com\/index.php\/wp-json\/wp\/v2\/media?parent=6051"}],"wp:term":[{"taxonomy":"product_cat","embeddable":true,"href":"https:\/\/mys-outlet.com\/index.php\/wp-json\/wp\/v2\/product_cat?post=6051"},{"taxonomy":"product_tag","embeddable":true,"href":"https:\/\/mys-outlet.com\/index.php\/wp-json\/wp\/v2\/product_tag?post=6051"}],"curies":[{"name":"wp","href":"https:\/\/api.w.org\/{rel}","templated":true}]}}