{"id":6086,"date":"2022-07-07T17:50:38","date_gmt":"2022-07-07T17:50:38","guid":{"rendered":"https:\/\/mys-outlet.com\/?post_type=product&#038;p=6086"},"modified":"2023-01-06T04:41:55","modified_gmt":"2023-01-06T04:41:55","slug":"arenero-para-gato-mupy","status":"publish","type":"product","link":"https:\/\/mys-outlet.com\/index.php\/producto\/arenero-para-gato-mupy\/","title":{"rendered":"Arenero Para Gato MUPY"},"content":{"rendered":"<p><strong>Arenero Para Gato MUPY<\/strong><\/p>\n<div class=\"feature-information\">\n<div class=\"product-feature\">\n<div class=\"product-bg-container\">\n<p>Original arenero ergonomico con entrada comoda para el gato.<br \/>\nTu gato podr\u00e1 acceder a ella de una forma c\u00f3moda y sencilla y es f\u00e1cil de limpiar gracias a su borde superior desmontable. Es perfecta para gatitos y gatos grandes, y tambi\u00e9n para aquellos que est\u00e9n enfermos.<br \/>\nGracias a sus paredes altas evita la salida de arena del contenedor.<\/p>\n<p>Los gatos son animales limpios y autosuficientes y prefieren este tipo de areneros el cual le permite tener visualizaci\u00f3n sobre su entorno al no estar encerrados no producir\u00e1 estr\u00e9s. Ponerles su bandeja sanitaria en un lugar accesible y c\u00f3modo para ellos, te ayudar\u00e1 a mantener la zona alrededor del arenero limpia y libre de residuos.<br \/>\nSe limpia con agua y jab\u00f3n y se puede desinfectar con facilidad, de manera que si realizas un mantenimiento adecuado ser\u00e1 un accesorio que te durar\u00e1 mucho.<\/p>\n<\/div>\n<\/div>\n<\/div>\n<p><strong>Compra de manera segura tus PRODUCTOS EN MYS GROUP con garant\u00eda de 1 A\u00d1O, Env\u00edos a toda COLOMBIA.<\/strong><\/p>\n<h2><strong>\u00bfPor qu\u00e9 comprar Arenero Para Gato MUPY en MYS GROUP?<\/strong><\/h2>\n<h3 class=\"app__header-text\">Especificaciones t\u00e9cnicas<\/h3>\n<div class=\"nav-item\">\n<div class=\"product-description\">\n<div class=\"feature-information\">\n<div class=\"product-feature\">\n<div class=\"product-bg-container\">\n<ul>\n<li>Tama\u00f1o arenera: 52 cent\u00edmetros X 41 cent\u00edmetros<\/li>\n<li>Arenero ergon\u00f3mico<\/li>\n<li>F\u00e1cil de limpiar<\/li>\n<li>Comodo para tu gato<\/li>\n<\/ul>\n<\/div>\n<\/div>\n<\/div>\n<\/div>\n<\/div>\n<p><a href=\"https:\/\/mysgroupcol.com\/\">MYS GROUP<\/a> trae para usted y su familia los mejores productos en distintas categor\u00edas. Por esto compre seguro con nosotros, adem\u00e1s hacemos env\u00edos a toda Colombia, cuenta con Garant\u00eda de hasta 1 a\u00f1o en varias marcas.<\/p>\n<h3>Consigue este y m\u00e1s productos de calidad con nosotros somos Importadores Directos, garantizamos el mejor precio.<\/h3>\n<ul>\n<li style=\"list-style-type: none;\">\n<ul>\n<li>Vis\u00edtanos ahora en nuestros Instagram &#8211;&gt; <a href=\"https:\/\/www.instagram.com\/mysgroupcol\/\">www.instagram.com\/mysgroupcol\/<\/a><\/li>\n<\/ul>\n<\/li>\n<\/ul>\n<ul>\n<li style=\"list-style-type: none;\">\n<ul>\n<li>Vis\u00edtanos ahora en nuestro Facebook &#8211;&gt; <a href=\"https:\/\/www.facebook.com\/mysgroupcol\">www.facebook.com\/mysgroupcol<\/a><\/li>\n<\/ul>\n<\/li>\n<\/ul>\n<ul>\n<li style=\"list-style-type: none;\">\n<ul>\n<li>Necesitas asesor\u00eda directa, escr\u00edbenos a nuestro WhatsApp &#8211;&gt; <a href=\"https:\/\/api.whatsapp.com\/send?phone=573173644411&amp;text=\">Whatsapp MYS GROUP <\/a><\/li>\n<\/ul>\n<\/li>\n<\/ul>\n<p><strong>Varios m\u00e9todos de pago disponibles \u2013 Producto Nuevo \u2013 Adem\u00e1s Env\u00edos y Pagos Seguros.<\/strong><\/p>\n","protected":false},"excerpt":{"rendered":"<p>\u2b50\ufe0fAdquiere tu producto <strong>Arenero Para Gato MUPY <\/strong>de manera segura por nuestra p\u00e1gina WEB, este producto cuenta con <strong>1 A\u00d1O DE GARANT\u00cdA y ENVI\u00d3 A TODA COLOMBIA.<\/strong><\/p>\n<p><strong>Arenero Para Gato MUPY <\/strong>y rec\u00edbelo en la puerta de tu casa con tiempo de entrega:<\/p>\n<ul>\n<li>1 a 2 d\u00edas para Bogot\u00e1 o Ciudades cercanas.<\/li>\n<li>2 a 3 d\u00edas para ciudades principales.<\/li>\n<li>3 a 5 d\u00edas para ciudades y pueblos lejanos.<\/li>\n<\/ul>\n<p><strong><span role=\"image\" aria-label=\"\u2705\">\u2705<\/span>VARIOS M\u00c9TODOS DE PAGO EN EFECTIVO O CON TARJETA DEBIDO\/CR\u00c9DITO.<\/strong><\/p>\n","protected":false},"featured_media":6138,"comment_status":"open","ping_status":"closed","template":"","meta":[],"product_cat":[381],"product_tag":[401],"class_list":{"0":"post-6086","1":"product","2":"type-product","3":"status-publish","4":"has-post-thumbnail","6":"product_cat-mascotas","7":"product_tag-magicpee-frasco-x-150-gr","9":"first","10":"instock","11":"shipping-taxable","12":"purchasable","13":"product-type-simple"},"_links":{"self":[{"href":"https:\/\/mys-outlet.com\/index.php\/wp-json\/wp\/v2\/product\/6086","targetHints":{"allow":["GET"]}}],"collection":[{"href":"https:\/\/mys-outlet.com\/index.php\/wp-json\/wp\/v2\/product"}],"about":[{"href":"https:\/\/mys-outlet.com\/index.php\/wp-json\/wp\/v2\/types\/product"}],"replies":[{"embeddable":true,"href":"https:\/\/mys-outlet.com\/index.php\/wp-json\/wp\/v2\/comments?post=6086"}],"version-history":[{"count":0,"href":"https:\/\/mys-outlet.com\/index.php\/wp-json\/wp\/v2\/product\/6086\/revisions"}],"wp:featuredmedia":[{"embeddable":true,"href":"https:\/\/mys-outlet.com\/index.php\/wp-json\/wp\/v2\/media\/6138"}],"wp:attachment":[{"href":"https:\/\/mys-outlet.com\/index.php\/wp-json\/wp\/v2\/media?parent=6086"}],"wp:term":[{"taxonomy":"product_cat","embeddable":true,"href":"https:\/\/mys-outlet.com\/index.php\/wp-json\/wp\/v2\/product_cat?post=6086"},{"taxonomy":"product_tag","embeddable":true,"href":"https:\/\/mys-outlet.com\/index.php\/wp-json\/wp\/v2\/product_tag?post=6086"}],"curies":[{"name":"wp","href":"https:\/\/api.w.org\/{rel}","templated":true}]}}