{"id":6203,"date":"2022-07-07T17:53:32","date_gmt":"2022-07-07T17:53:32","guid":{"rendered":"https:\/\/mys-outlet.com\/?post_type=product&#038;p=6203"},"modified":"2023-01-06T04:41:57","modified_gmt":"2023-01-06T04:41:57","slug":"trailla-doble-collar-sencillo-25mm-l-razas-grandes","status":"publish","type":"product","link":"https:\/\/mys-outlet.com\/index.php\/producto\/trailla-doble-collar-sencillo-25mm-l-razas-grandes\/","title":{"rendered":"Trailla Doble Collar Sencillo 25mm L Razas Grandes"},"content":{"rendered":"<p><strong>Trailla Doble Collar Sencillo 25mm L Razas Grandes<\/strong><\/p>\n<p>Tra\u00edlla collar en reata de nylon de 25 mm con herrajes met\u00e1licos tra\u00edlla de 1.10 cm. de largo. excelente collar resistente para tu perro, ideal para perros que tienden a dar jalones, ademas brinda comodidad a tu perro, ll\u00e9valo a todas partes con este bonito collar, ideal para perros grandes.<\/p>\n<p>&nbsp;<\/p>\n<p><strong>Compra de manera segura tus PRODUCTOS EN MYS GROUP con garant\u00eda de 1 A\u00d1O, Env\u00edos a toda COLOMBIA.<\/strong><\/p>\n<h2>\u00bfPor qu\u00e9 comprar Trailla Doble Collar Sencillo 25mm L Razas Grandes en MYS GROUP?<\/h2>\n<h3 class=\"app__header-text\">Especificaciones t\u00e9cnicas<\/h3>\n<div class=\"nav-item\">\n<div class=\"product-description\">\n<div class=\"feature-information\">\n<div class=\"product-feature\">\n<div class=\"product-bg-container\">\n<ul>\n<li>\u00a0Producto 100% colombiano.<\/li>\n<li>nylon de 25mm.<\/li>\n<li>Reata y herrajes de alta resistencia para mayor seguridad.<\/li>\n<\/ul>\n<\/div>\n<\/div>\n<\/div>\n<\/div>\n<\/div>\n<p><a href=\"https:\/\/mysgroupcol.com\/\">MYS GROUP<\/a> trae para usted y su familia los mejores productos en distintas categor\u00edas. Por esto compre seguro con nosotros, adem\u00e1s hacemos env\u00edos a toda Colombia, cuenta con Garant\u00eda de hasta 1 a\u00f1o en varias marcas.<\/p>\n<h3>Consigue este y m\u00e1s productos de calidad con nosotros somos Importadores Directos, garantizamos el mejor precio.<\/h3>\n<ul>\n<li style=\"list-style-type: none;\">\n<ul>\n<li>Vis\u00edtanos ahora en nuestros Instagram &#8211;&gt; <a href=\"https:\/\/www.instagram.com\/mysgroupcol\/\">www.instagram.com\/mysgroupcol\/<\/a><\/li>\n<\/ul>\n<\/li>\n<\/ul>\n<ul>\n<li style=\"list-style-type: none;\">\n<ul>\n<li>Vis\u00edtanos ahora en nuestro Facebook &#8211;&gt; <a href=\"https:\/\/www.facebook.com\/mysgroupcol\">www.facebook.com\/mysgroupcol<\/a><\/li>\n<\/ul>\n<\/li>\n<\/ul>\n<ul>\n<li style=\"list-style-type: none;\">\n<ul>\n<li>Necesitas asesor\u00eda directa, escr\u00edbenos a nuestro WhatsApp &#8211;&gt; <a href=\"https:\/\/api.whatsapp.com\/send?phone=573173644411&amp;text=\">Whatsapp MYS GROUP <\/a><\/li>\n<\/ul>\n<\/li>\n<\/ul>\n<p><strong>Varios m\u00e9todos de pago disponibles \u2013 Producto Nuevo \u2013 Adem\u00e1s Env\u00edos y Pagos Seguros.<\/strong><\/p>\n","protected":false},"excerpt":{"rendered":"<p>\u2b50\ufe0fAdquiere tu producto <strong>Trailla Doble Collar Sencillo 25mm L Razas Grandes <\/strong>de manera segura por nuestra p\u00e1gina WEB, este producto cuenta con <strong>1 A\u00d1O DE GARANT\u00cdA y ENVI\u00d3 A TODA COLOMBIA.<\/strong><\/p>\n<p><strong>Trailla Doble Collar Sencillo 25mm L Razas Grandes <\/strong>y rec\u00edbelo en la puerta de tu casa con tiempo de entrega:<\/p>\n<ul>\n<li>1 a 2 d\u00edas para Bogot\u00e1 o Ciudades cercanas.<\/li>\n<li>2 a 3 d\u00edas para ciudades principales.<\/li>\n<li>3 a 5 d\u00edas para ciudades y pueblos lejanos.<\/li>\n<\/ul>\n<p><strong><span role=\"image\" aria-label=\"\u2705\">\u2705<\/span>VARIOS M\u00c9TODOS DE PAGO EN EFECTIVO O CON TARJETA DEBIDO\/CR\u00c9DITO.<\/strong><\/p>\n","protected":false},"featured_media":6244,"comment_status":"open","ping_status":"closed","template":"","meta":[],"product_cat":[381],"product_tag":[433],"class_list":{"0":"post-6203","1":"product","2":"type-product","3":"status-publish","4":"has-post-thumbnail","6":"product_cat-mascotas","7":"product_tag-trailla-doble-collar-sencillo-25mm-l-razas-grandes","9":"first","10":"instock","11":"shipping-taxable","12":"purchasable","13":"product-type-simple"},"_links":{"self":[{"href":"https:\/\/mys-outlet.com\/index.php\/wp-json\/wp\/v2\/product\/6203","targetHints":{"allow":["GET"]}}],"collection":[{"href":"https:\/\/mys-outlet.com\/index.php\/wp-json\/wp\/v2\/product"}],"about":[{"href":"https:\/\/mys-outlet.com\/index.php\/wp-json\/wp\/v2\/types\/product"}],"replies":[{"embeddable":true,"href":"https:\/\/mys-outlet.com\/index.php\/wp-json\/wp\/v2\/comments?post=6203"}],"version-history":[{"count":0,"href":"https:\/\/mys-outlet.com\/index.php\/wp-json\/wp\/v2\/product\/6203\/revisions"}],"wp:featuredmedia":[{"embeddable":true,"href":"https:\/\/mys-outlet.com\/index.php\/wp-json\/wp\/v2\/media\/6244"}],"wp:attachment":[{"href":"https:\/\/mys-outlet.com\/index.php\/wp-json\/wp\/v2\/media?parent=6203"}],"wp:term":[{"taxonomy":"product_cat","embeddable":true,"href":"https:\/\/mys-outlet.com\/index.php\/wp-json\/wp\/v2\/product_cat?post=6203"},{"taxonomy":"product_tag","embeddable":true,"href":"https:\/\/mys-outlet.com\/index.php\/wp-json\/wp\/v2\/product_tag?post=6203"}],"curies":[{"name":"wp","href":"https:\/\/api.w.org\/{rel}","templated":true}]}}