{"id":6228,"date":"2022-07-07T17:54:10","date_gmt":"2022-07-07T17:54:10","guid":{"rendered":"https:\/\/mys-outlet.com\/?post_type=product&#038;p=6228"},"modified":"2023-01-06T04:41:57","modified_gmt":"2023-01-06T04:41:57","slug":"bozal-de-maya","status":"publish","type":"product","link":"https:\/\/mys-outlet.com\/index.php\/producto\/bozal-de-maya\/","title":{"rendered":"Bozal De Maya"},"content":{"rendered":"<p><strong>Bozal De Maya<\/strong><\/p>\n<p>C\u00f3modo y pr\u00e1ctico bozal para perro fabricado por Dog Factor. Este bozal brindar\u00e1 comodidad a tu perro en cada uso gracias a su tela en malla especial y respirable. Posee ojales de ventilaci\u00f3n que permitir\u00e1n la entrada de aire fresco. Adem\u00e1s, est\u00e1 especialmente dise\u00f1ado pensando en la comodidad de tu perro, pues aunque el uso del bozal no es su favorito, debes proporcionar uno que sea lo m\u00e1s c\u00f3modo posible para el. Puedes encontrarlo disponible en 3 diferentes tallas y variados colores para que escojas el m\u00e1s apropiado para tu perrito.<\/p>\n<p>&nbsp;<\/p>\n<p><strong>Compra de manera segura tus PRODUCTOS EN MYS GROUP con garant\u00eda de 1 A\u00d1O, Env\u00edos a toda COLOMBIA.<\/strong><\/p>\n<h2>\u00bfPor qu\u00e9 comprar Bozal De Maya en MYS GROUP?<\/h2>\n<h3 class=\"app__header-text\">Especificaciones t\u00e9cnicas<\/h3>\n<div class=\"nav-item\">\n<div class=\"product-description\">\n<div class=\"feature-information\">\n<div class=\"product-feature\">\n<div class=\"product-bg-container\">\n<ul>\n<li>Bozal con dise\u00f1o anat\u00f3mico para mayor comodidad.<\/li>\n<li>Es un producto 100% colombiano fabricado por Animal Factor.<\/li>\n<li>Con ojales de ventilaci\u00f3n para mayor comodidad.<\/li>\n<\/ul>\n<\/div>\n<\/div>\n<\/div>\n<\/div>\n<\/div>\n<p><a href=\"https:\/\/mysgroupcol.com\/\">MYS GROUP<\/a> trae para usted y su familia los mejores productos en distintas categor\u00edas. Por esto compre seguro con nosotros, adem\u00e1s hacemos env\u00edos a toda Colombia, cuenta con Garant\u00eda de hasta 1 a\u00f1o en varias marcas.<\/p>\n<h3>Consigue este y m\u00e1s productos de calidad con nosotros somos Importadores Directos, garantizamos el mejor precio.<\/h3>\n<ul>\n<li style=\"list-style-type: none;\">\n<ul>\n<li>Vis\u00edtanos ahora en nuestros Instagram &#8211;&gt; <a href=\"https:\/\/www.instagram.com\/mysgroupcol\/\">www.instagram.com\/mysgroupcol\/<\/a><\/li>\n<\/ul>\n<\/li>\n<\/ul>\n<ul>\n<li style=\"list-style-type: none;\">\n<ul>\n<li>Vis\u00edtanos ahora en nuestro Facebook &#8211;&gt; <a href=\"https:\/\/www.facebook.com\/mysgroupcol\">www.facebook.com\/mysgroupcol<\/a><\/li>\n<\/ul>\n<\/li>\n<\/ul>\n<ul>\n<li style=\"list-style-type: none;\">\n<ul>\n<li>Necesitas asesor\u00eda directa, escr\u00edbenos a nuestro WhatsApp &#8211;&gt; <a href=\"https:\/\/api.whatsapp.com\/send?phone=573173644411&amp;text=\">Whatsapp MYS GROUP <\/a><\/li>\n<\/ul>\n<\/li>\n<\/ul>\n<p><strong>Varios m\u00e9todos de pago disponibles \u2013 Producto Nuevo \u2013 Adem\u00e1s Env\u00edos y Pagos Seguros.<\/strong><\/p>\n","protected":false},"excerpt":{"rendered":"<p>\u2b50\ufe0fAdquiere tu producto <strong>Bozal De Maya <\/strong>de manera segura por nuestra p\u00e1gina WEB, este producto cuenta con <strong>1 A\u00d1O DE GARANT\u00cdA y ENVI\u00d3 A TODA COLOMBIA.<\/strong><\/p>\n<p><strong>Bozal De Maya <\/strong>y rec\u00edbelo en la puerta de tu casa con tiempo de entrega:<\/p>\n<ul>\n<li>1 a 2 d\u00edas para Bogot\u00e1 o Ciudades cercanas.<\/li>\n<li>2 a 3 d\u00edas para ciudades principales.<\/li>\n<li>3 a 5 d\u00edas para ciudades y pueblos lejanos.<\/li>\n<\/ul>\n<p><strong><span role=\"image\" aria-label=\"\u2705\">\u2705<\/span>VARIOS M\u00c9TODOS DE PAGO EN EFECTIVO O CON TARJETA DEBIDO\/CR\u00c9DITO.<\/strong><\/p>\n","protected":false},"featured_media":6251,"comment_status":"open","ping_status":"closed","template":"","meta":[],"product_cat":[381],"product_tag":[438],"class_list":{"0":"post-6228","1":"product","2":"type-product","3":"status-publish","4":"has-post-thumbnail","6":"product_cat-mascotas","7":"product_tag-trailla-pechera-en-maya-acolchada","9":"first","10":"instock","11":"shipping-taxable","12":"purchasable","13":"product-type-variable"},"_links":{"self":[{"href":"https:\/\/mys-outlet.com\/index.php\/wp-json\/wp\/v2\/product\/6228","targetHints":{"allow":["GET"]}}],"collection":[{"href":"https:\/\/mys-outlet.com\/index.php\/wp-json\/wp\/v2\/product"}],"about":[{"href":"https:\/\/mys-outlet.com\/index.php\/wp-json\/wp\/v2\/types\/product"}],"replies":[{"embeddable":true,"href":"https:\/\/mys-outlet.com\/index.php\/wp-json\/wp\/v2\/comments?post=6228"}],"version-history":[{"count":0,"href":"https:\/\/mys-outlet.com\/index.php\/wp-json\/wp\/v2\/product\/6228\/revisions"}],"wp:featuredmedia":[{"embeddable":true,"href":"https:\/\/mys-outlet.com\/index.php\/wp-json\/wp\/v2\/media\/6251"}],"wp:attachment":[{"href":"https:\/\/mys-outlet.com\/index.php\/wp-json\/wp\/v2\/media?parent=6228"}],"wp:term":[{"taxonomy":"product_cat","embeddable":true,"href":"https:\/\/mys-outlet.com\/index.php\/wp-json\/wp\/v2\/product_cat?post=6228"},{"taxonomy":"product_tag","embeddable":true,"href":"https:\/\/mys-outlet.com\/index.php\/wp-json\/wp\/v2\/product_tag?post=6228"}],"curies":[{"name":"wp","href":"https:\/\/api.w.org\/{rel}","templated":true}]}}