{"id":6272,"date":"2022-07-08T16:04:35","date_gmt":"2022-07-08T16:04:35","guid":{"rendered":"https:\/\/mys-outlet.com\/?post_type=product&#038;p=6272"},"modified":"2023-01-06T04:41:57","modified_gmt":"2023-01-06T04:41:57","slug":"audifono-followme-bluetooth-asp3-micro-sd-2","status":"publish","type":"product","link":"https:\/\/mys-outlet.com\/index.php\/producto\/audifono-followme-bluetooth-asp3-micro-sd-2\/","title":{"rendered":"Audifono Followme Bluetooth Asp3 Micro Sd"},"content":{"rendered":"<p><strong>Audifono Followme Bluetooth Asp3 Micro Sd<\/strong><\/p>\n<p><strong>Auricular intrauditivo Bluetooth.\u00a0<\/strong>Sonido est\u00e9reo con extra bajos, dise\u00f1o con aislamiento de ruido y muy c\u00f3modo de llevar, con micr\u00f3fono, botones dedicados (responder llamada y control de volumen), puerto micro USB para cargar y peso ligero para hacer deporte, Conectividad: Bluetooth versi\u00f3n JL5.0, Impedancia del Altavoz: 32\u03a9\u00b120%, Frecuencia de, Altavoz: 20Hz-20000Hz, Potencia Nominal: 2.30mW, Rango de Operaci\u00f3n: 15\u00b12mA, Capacidad: \u226410m, Bater\u00eda: 70mAh.<\/p>\n<p><strong>Compra de manera segura tus PRODUCTOS EN MYS GROUP con garant\u00eda de 1 A\u00d1O, Env\u00edos a toda COLOMBIA.<\/strong><\/p>\n<h2><strong>\u00bfPor qu\u00e9 comprar Audifono Followme Bluetooth Asp3 Micro Sd en MYS GROUP?<\/strong><\/h2>\n<h3 class=\"app__header-text\">Especificaciones t\u00e9cnicas<\/h3>\n<ul>\n<li><strong>Conectividad:\u00a0<\/strong>Bluetooth versi\u00f3n JL5.0.<\/li>\n<li><strong>Impedancia del Altavoz:\u00a0<\/strong>32\u03a9\u00b120%.<\/li>\n<li><strong>Frecuencia de Altavoz:\u00a0<\/strong>20Hz-20000Hz.<\/li>\n<li><strong>Potencia Nominal:\u00a0<\/strong>2.30mW.<\/li>\n<li><strong>Rango de Operaci\u00f3n:\u00a0<\/strong>15\u00b12mA.<\/li>\n<li><strong>Capacidad:\u00a0<\/strong>\u226410m.<\/li>\n<li><strong>Bater\u00eda:\u00a0<\/strong>70mAh.<\/li>\n<\/ul>\n<p><a href=\"https:\/\/mysgroupcol.com\/\">MYS GROUP<\/a> trae para usted y su familia los mejores productos en distintas categor\u00edas. Por esto compre seguro con nosotros, adem\u00e1s hacemos env\u00edos a toda Colombia, cuenta con Garant\u00eda de hasta 1 a\u00f1o en varias marcas.<\/p>\n<h3>Consigue este y m\u00e1s productos de calidad con nosotros somos Importadores Directos, garantizamos el mejor precio.<\/h3>\n<ul>\n<li style=\"list-style-type: none;\">\n<ul>\n<li>Vis\u00edtanos ahora en nuestros Instagram &#8211;&gt; <a href=\"https:\/\/www.instagram.com\/mysgroupcol\/\">www.instagram.com\/mysgroupcol\/<\/a><\/li>\n<\/ul>\n<\/li>\n<\/ul>\n<ul>\n<li style=\"list-style-type: none;\">\n<ul>\n<li>Vis\u00edtanos ahora en nuestro Facebook &#8211;&gt; <a href=\"https:\/\/www.facebook.com\/mysgroupcol\">www.facebook.com\/mysgroupcol<\/a><\/li>\n<\/ul>\n<\/li>\n<\/ul>\n<ul>\n<li style=\"list-style-type: none;\">\n<ul>\n<li>Necesitas asesor\u00eda directa, escr\u00edbenos a nuestro WhatsApp &#8211;&gt; <a href=\"https:\/\/api.whatsapp.com\/send?phone=573173644411&amp;text=\">Whatsapp MYS GROUP <\/a><\/li>\n<\/ul>\n<\/li>\n<\/ul>\n<p><strong>Varios m\u00e9todos de pago disponibles \u2013 Producto Nuevo \u2013 Adem\u00e1s Env\u00edos y Pagos Seguros.<\/strong><\/p>\n","protected":false},"excerpt":{"rendered":"<p>\u2b50\ufe0fAdquiere tu producto <strong>Audifono Followme Bluetooth Asp3 Micro Sd <\/strong>de manera segura por nuestra p\u00e1gina WEB, este producto cuenta con <strong>1 A\u00d1O DE GARANT\u00cdA y ENVI\u00d3 A TODA COLOMBIA.<\/strong><\/p>\n<p><strong>Audifono Followme Bluetooth Asp3 Micro Sd <\/strong>y rec\u00edbelo en la puerta de tu casa con tiempo de entrega:<\/p>\n<ul>\n<li>1 a 2 d\u00edas para Bogot\u00e1 o Ciudades cercanas.<\/li>\n<li>2 a 3 d\u00edas para ciudades principales.<\/li>\n<li>3 a 5 d\u00edas para ciudades y pueblos lejanos.<\/li>\n<\/ul>\n<p><strong><span role=\"image\" aria-label=\"\u2705\">\u2705<\/span>VARIOS M\u00c9TODOS DE PAGO EN EFECTIVO O CON TARJETA DEBIDO\/CR\u00c9DITO.<\/strong><\/p>\n","protected":false},"featured_media":6074,"comment_status":"open","ping_status":"closed","template":"","meta":[],"product_cat":[185,179,356],"product_tag":[377],"class_list":{"0":"post-6272","1":"product","2":"type-product","3":"status-publish","4":"has-post-thumbnail","6":"product_cat-audifonos","7":"product_cat-tecnologia","8":"product_cat-telefonia","9":"product_tag-audifono-followme-bluetooth-asp3-micro-sd","10":"product_shipping_class-producto-mediano","12":"first","13":"instock","14":"shipping-taxable","15":"purchasable","16":"product-type-simple"},"_links":{"self":[{"href":"https:\/\/mys-outlet.com\/index.php\/wp-json\/wp\/v2\/product\/6272","targetHints":{"allow":["GET"]}}],"collection":[{"href":"https:\/\/mys-outlet.com\/index.php\/wp-json\/wp\/v2\/product"}],"about":[{"href":"https:\/\/mys-outlet.com\/index.php\/wp-json\/wp\/v2\/types\/product"}],"replies":[{"embeddable":true,"href":"https:\/\/mys-outlet.com\/index.php\/wp-json\/wp\/v2\/comments?post=6272"}],"version-history":[{"count":0,"href":"https:\/\/mys-outlet.com\/index.php\/wp-json\/wp\/v2\/product\/6272\/revisions"}],"wp:featuredmedia":[{"embeddable":true,"href":"https:\/\/mys-outlet.com\/index.php\/wp-json\/wp\/v2\/media\/6074"}],"wp:attachment":[{"href":"https:\/\/mys-outlet.com\/index.php\/wp-json\/wp\/v2\/media?parent=6272"}],"wp:term":[{"taxonomy":"product_cat","embeddable":true,"href":"https:\/\/mys-outlet.com\/index.php\/wp-json\/wp\/v2\/product_cat?post=6272"},{"taxonomy":"product_tag","embeddable":true,"href":"https:\/\/mys-outlet.com\/index.php\/wp-json\/wp\/v2\/product_tag?post=6272"}],"curies":[{"name":"wp","href":"https:\/\/api.w.org\/{rel}","templated":true}]}}