{"id":6294,"date":"2022-07-08T16:17:10","date_gmt":"2022-07-08T16:17:10","guid":{"rendered":"https:\/\/mys-outlet.com\/?post_type=product&#038;p=6294"},"modified":"2023-01-06T04:41:59","modified_gmt":"2023-01-06T04:41:59","slug":"cargador-viajero-follow-me-para-iphone-4","status":"publish","type":"product","link":"https:\/\/mys-outlet.com\/index.php\/producto\/cargador-viajero-follow-me-para-iphone-4\/","title":{"rendered":"Cargador Viajero Follow Me Para Iphone"},"content":{"rendered":"<p><strong>Cargador Viajero Follow Me Para Iphone<\/strong><\/p>\n<p>kit viajero, cable y cargador follow me para Iphone, con carga r\u00e1pida, dise\u00f1o compacto, seguro, portable, 1 cable de carga iPhone (Lightning)1 cargador Powerful carga r\u00e1pida, dise\u00f1o compacto y elegante, protecci\u00f3n contra corto circuitos, Palas retr\u00e1ctiles.<\/p>\n<p><strong>Compra de manera segura tus PRODUCTOS EN MYS GROUP con garant\u00eda de 1 A\u00d1O, Env\u00edos a toda COLOMBIA.<\/strong><\/p>\n<h2><strong>\u00bfPor qu\u00e9 comprar Cargador Viajero Follow Me Para Iphone MYS GROUP?<\/strong><\/h2>\n<h3 class=\"app__header-text\">Especificaciones t\u00e9cnicas<\/h3>\n<p>kit de viaje para celulares iphone:<\/p>\n<p><strong>\u2022\u00a0<\/strong>1 cargador carga r\u00e1pida<br \/>\n<strong>\u2022\u00a0<\/strong>dise\u00f1o compacto y elegante<br \/>\n<strong>\u2022\u00a0<\/strong>protecci\u00f3n contra corto circuitos<br \/>\n<strong>\u2022\u00a0<\/strong>Palas retr\u00e1ctiles<\/p>\n<p><a href=\"https:\/\/mysgroupcol.com\/\">MYS GROUP<\/a> trae para usted y su familia los mejores productos en distintas categor\u00edas. Por esto compre seguro con nosotros, adem\u00e1s hacemos env\u00edos a toda Colombia, cuenta con Garant\u00eda de hasta 1 a\u00f1o en varias marcas.<\/p>\n<h3>Consigue este y m\u00e1s productos de calidad con nosotros somos Importadores Directos, garantizamos el mejor precio.<\/h3>\n<ul>\n<li style=\"list-style-type: none;\">\n<ul>\n<li>Vis\u00edtanos ahora en nuestros Instagram &#8211;&gt; <a href=\"https:\/\/www.instagram.com\/mysgroupcol\/\">www.instagram.com\/mysgroupcol\/<\/a><\/li>\n<\/ul>\n<\/li>\n<\/ul>\n<ul>\n<li style=\"list-style-type: none;\">\n<ul>\n<li>Vis\u00edtanos ahora en nuestro Facebook &#8211;&gt; <a href=\"https:\/\/www.facebook.com\/mysgroupcol\">www.facebook.com\/mysgroupcol<\/a><\/li>\n<\/ul>\n<\/li>\n<\/ul>\n<ul>\n<li style=\"list-style-type: none;\">\n<ul>\n<li>Necesitas asesor\u00eda directa, escr\u00edbenos a nuestro WhatsApp &#8211;&gt; <a href=\"https:\/\/api.whatsapp.com\/send?phone=573173644411&amp;text=\">Whatsapp MYS GROUP <\/a><\/li>\n<\/ul>\n<\/li>\n<\/ul>\n<p><strong>Varios m\u00e9todos de pago disponibles \u2013 Producto Nuevo \u2013 Adem\u00e1s Env\u00edos y Pagos Seguros.<\/strong><\/p>\n","protected":false},"excerpt":{"rendered":"<p>\u2b50\ufe0fAdquiere tu producto <strong>Cargador Viajero Follow Me Para Iphone <\/strong>\u00a0de manera segura por nuestra p\u00e1gina WEB, este producto cuenta con <strong>1 A\u00d1O DE GARANT\u00cdA y ENVI\u00d3 A TODA COLOMBIA.<\/strong><\/p>\n<p><strong>Cargador Viajero Follow Me Para Iphone <\/strong>y rec\u00edbelo en la puerta de tu casa con tiempo de entrega:<\/p>\n<ul>\n<li>1 a 2 d\u00edas para Bogot\u00e1 o Ciudades cercanas.<\/li>\n<li>2 a 3 d\u00edas para ciudades principales.<\/li>\n<li>3 a 5 d\u00edas para ciudades y pueblos lejanos.<\/li>\n<\/ul>\n<p><strong><span role=\"image\" aria-label=\"\u2705\">\u2705<\/span>VARIOS M\u00c9TODOS DE PAGO EN EFECTIVO O CON TARJETA DEBIDO\/CR\u00c9DITO.<\/strong><\/p>\n","protected":false},"featured_media":6055,"comment_status":"open","ping_status":"closed","template":"","meta":[],"product_cat":[356],"product_tag":[370],"class_list":{"0":"post-6294","1":"product","2":"type-product","3":"status-publish","4":"has-post-thumbnail","6":"product_cat-telefonia","7":"product_tag-cargador-viajero-follow-me-para-iphone","8":"product_shipping_class-producto-mediano","10":"first","11":"instock","12":"shipping-taxable","13":"purchasable","14":"product-type-simple"},"_links":{"self":[{"href":"https:\/\/mys-outlet.com\/index.php\/wp-json\/wp\/v2\/product\/6294","targetHints":{"allow":["GET"]}}],"collection":[{"href":"https:\/\/mys-outlet.com\/index.php\/wp-json\/wp\/v2\/product"}],"about":[{"href":"https:\/\/mys-outlet.com\/index.php\/wp-json\/wp\/v2\/types\/product"}],"replies":[{"embeddable":true,"href":"https:\/\/mys-outlet.com\/index.php\/wp-json\/wp\/v2\/comments?post=6294"}],"version-history":[{"count":0,"href":"https:\/\/mys-outlet.com\/index.php\/wp-json\/wp\/v2\/product\/6294\/revisions"}],"wp:featuredmedia":[{"embeddable":true,"href":"https:\/\/mys-outlet.com\/index.php\/wp-json\/wp\/v2\/media\/6055"}],"wp:attachment":[{"href":"https:\/\/mys-outlet.com\/index.php\/wp-json\/wp\/v2\/media?parent=6294"}],"wp:term":[{"taxonomy":"product_cat","embeddable":true,"href":"https:\/\/mys-outlet.com\/index.php\/wp-json\/wp\/v2\/product_cat?post=6294"},{"taxonomy":"product_tag","embeddable":true,"href":"https:\/\/mys-outlet.com\/index.php\/wp-json\/wp\/v2\/product_tag?post=6294"}],"curies":[{"name":"wp","href":"https:\/\/api.w.org\/{rel}","templated":true}]}}