{"id":6296,"date":"2022-07-08T16:17:11","date_gmt":"2022-07-08T16:17:11","guid":{"rendered":"https:\/\/mys-outlet.com\/?post_type=product&#038;p=6296"},"modified":"2023-01-06T04:41:59","modified_gmt":"2023-01-06T04:41:59","slug":"power-bank-follow-me-5000mah-pwb2-4","status":"publish","type":"product","link":"https:\/\/mys-outlet.com\/index.php\/producto\/power-bank-follow-me-5000mah-pwb2-4\/","title":{"rendered":"Power Bank Follow Me 5000Mah Pwb2"},"content":{"rendered":"<p><strong>Power Bank Follow Me 5000Mah Pwb2<\/strong><\/p>\n<p>Power Bank Follow Me\u00a0<strong>PWB2<\/strong>, con 5.000 mAh; modelo ergon\u00f3mico con gran tacto a la mano, preparada con ciclos de carga y descarga duraderos; con tecnolog\u00eda de protecci\u00f3n inteligente la cual previene eficazmente la sobrecarga, la descarga excesiva y el cortocircuito; con Tecnolog\u00eda de carga para tel\u00e9fonos Android, ios, tablets, adem\u00e1s cuenta con 1 puerto USB de salida de carga; entrada micro USB, luces de carga, viene con cable integrado micro USB, Tipo C y conector lightning.<\/p>\n<p><strong>Compra de manera segura tus PRODUCTOS EN MYS GROUP con garant\u00eda de 1 A\u00d1O, Env\u00edos a toda COLOMBIA.<\/strong><\/p>\n<h2><strong>\u00bfPor qu\u00e9 comprar Power Bank Follow Me 5000Mah Pwb2 MYS GROUP?<\/strong><\/h2>\n<h3 class=\"app__header-text\">Especificaciones t\u00e9cnicas<\/h3>\n<ul>\n<li>Power Bank Follow Me\u00a0<strong>PWB2<\/strong><\/li>\n<li>5.000 mAh;<\/li>\n<li>Modelo ergon\u00f3mico con gran tacto a la mano.<\/li>\n<li>Preparada con ciclos de carga y descarga duraderos.<\/li>\n<li>Con tecnolog\u00eda de protecci\u00f3n inteligente la cual previene eficazmente la sobrecarga.<\/li>\n<li>La descarga excesiva y el cortocircuito.<\/li>\n<li>Con Tecnolog\u00eda de carga para tel\u00e9fonos Android, ios, tablets.<\/li>\n<li>Cuenta con 1 puerto USB de salida de carga.<\/li>\n<li>Entrada micro USB.<\/li>\n<li>Luces de carga, viene con cable integrado micro USB,<\/li>\n<li>Tipo C y conector lightning.<\/li>\n<\/ul>\n<p><a href=\"https:\/\/mysgroupcol.com\/\">MYS GROUP<\/a> trae para usted y su familia los mejores productos en distintas categor\u00edas. Por esto compre seguro con nosotros, adem\u00e1s hacemos env\u00edos a toda Colombia, cuenta con Garant\u00eda de hasta 1 a\u00f1o en varias marcas.<\/p>\n<h3>Consigue este y m\u00e1s productos de calidad con nosotros somos Importadores Directos, garantizamos el mejor precio.<\/h3>\n<ul>\n<li style=\"list-style-type: none;\">\n<ul>\n<li>Vis\u00edtanos ahora en nuestros Instagram &#8211;&gt; <a href=\"https:\/\/www.instagram.com\/mysgroupcol\/\">www.instagram.com\/mysgroupcol\/<\/a><\/li>\n<\/ul>\n<\/li>\n<\/ul>\n<ul>\n<li style=\"list-style-type: none;\">\n<ul>\n<li>Vis\u00edtanos ahora en nuestro Facebook &#8211;&gt; <a href=\"https:\/\/www.facebook.com\/mysgroupcol\">www.facebook.com\/mysgroupcol<\/a><\/li>\n<\/ul>\n<\/li>\n<\/ul>\n<ul>\n<li style=\"list-style-type: none;\">\n<ul>\n<li>Necesitas asesor\u00eda directa, escr\u00edbenos a nuestro WhatsApp &#8211;&gt; <a href=\"https:\/\/api.whatsapp.com\/send?phone=573173644411&amp;text=\">Whatsapp MYS GROUP <\/a><\/li>\n<\/ul>\n<\/li>\n<\/ul>\n<p><strong>Varios m\u00e9todos de pago disponibles \u2013 Producto Nuevo \u2013 Adem\u00e1s Env\u00edos y Pagos Seguros.<\/strong><\/p>\n","protected":false},"excerpt":{"rendered":"<p>\u2b50\ufe0fAdquiere tu producto <strong>Power Bank Follow Me 5000Mah Pwb2 <\/strong>\u00a0de manera segura por nuestra p\u00e1gina WEB, este producto cuenta con <strong>1 A\u00d1O DE GARANT\u00cdA y ENVI\u00d3 A TODA COLOMBIA.<\/strong><\/p>\n<p><strong>Power Bank Follow Me 5000Mah Pwb2 <\/strong>y rec\u00edbelo en la puerta de tu casa con tiempo de entrega:<\/p>\n<ul>\n<li>1 a 2 d\u00edas para Bogot\u00e1 o Ciudades cercanas.<\/li>\n<li>2 a 3 d\u00edas para ciudades principales.<\/li>\n<li>3 a 5 d\u00edas para ciudades y pueblos lejanos.<\/li>\n<\/ul>\n<p><strong><span role=\"image\" aria-label=\"\u2705\">\u2705<\/span>VARIOS M\u00c9TODOS DE PAGO EN EFECTIVO O CON TARJETA DEBIDO\/CR\u00c9DITO.<\/strong><\/p>\n","protected":false},"featured_media":6037,"comment_status":"open","ping_status":"closed","template":"","meta":[],"product_cat":[347,356],"product_tag":[367],"class_list":{"0":"post-6296","1":"product","2":"type-product","3":"status-publish","4":"has-post-thumbnail","6":"product_cat-computo","7":"product_cat-telefonia","8":"product_tag-power-bank-follow-me-5000mah-pwb2","9":"product_shipping_class-producto-mediano","11":"first","12":"instock","13":"shipping-taxable","14":"purchasable","15":"product-type-simple"},"_links":{"self":[{"href":"https:\/\/mys-outlet.com\/index.php\/wp-json\/wp\/v2\/product\/6296","targetHints":{"allow":["GET"]}}],"collection":[{"href":"https:\/\/mys-outlet.com\/index.php\/wp-json\/wp\/v2\/product"}],"about":[{"href":"https:\/\/mys-outlet.com\/index.php\/wp-json\/wp\/v2\/types\/product"}],"replies":[{"embeddable":true,"href":"https:\/\/mys-outlet.com\/index.php\/wp-json\/wp\/v2\/comments?post=6296"}],"version-history":[{"count":0,"href":"https:\/\/mys-outlet.com\/index.php\/wp-json\/wp\/v2\/product\/6296\/revisions"}],"wp:featuredmedia":[{"embeddable":true,"href":"https:\/\/mys-outlet.com\/index.php\/wp-json\/wp\/v2\/media\/6037"}],"wp:attachment":[{"href":"https:\/\/mys-outlet.com\/index.php\/wp-json\/wp\/v2\/media?parent=6296"}],"wp:term":[{"taxonomy":"product_cat","embeddable":true,"href":"https:\/\/mys-outlet.com\/index.php\/wp-json\/wp\/v2\/product_cat?post=6296"},{"taxonomy":"product_tag","embeddable":true,"href":"https:\/\/mys-outlet.com\/index.php\/wp-json\/wp\/v2\/product_tag?post=6296"}],"curies":[{"name":"wp","href":"https:\/\/api.w.org\/{rel}","templated":true}]}}