{"id":6406,"date":"2022-07-08T16:21:41","date_gmt":"2022-07-08T16:21:41","guid":{"rendered":"https:\/\/mys-outlet.com\/?post_type=product&#038;p=6406"},"modified":"2023-01-06T04:42:05","modified_gmt":"2023-01-06T04:42:05","slug":"kit-recortadora-con-alimentacion-de-corriente-vivitar-4","status":"publish","type":"product","link":"https:\/\/mys-outlet.com\/index.php\/producto\/kit-recortadora-con-alimentacion-de-corriente-vivitar-4\/","title":{"rendered":"Kit Recortadora Con Alimentaci\u00f3n De Corriente VIVITAR"},"content":{"rendered":"<p><strong>Kit Recortadora Con Alimentaci\u00f3n De Corriente VIVITAR<\/strong><\/p>\n<p>\u00a1Recorta tu cabello a tu manera con el kit de recorte de barba y cabello Black Vivitar de 20 piezas! Este kit de corte limpio de cabello y barba incluye un potente motor, cuchillas autoafilables, un cable de alimentaci\u00f3n de CA, 11 gu\u00edas de corte y un estuche r\u00edgido de almacenamiento. Con una empu\u00f1adura ergon\u00f3mica, cuchillas de precisi\u00f3n para un afeitado f\u00e1cil y un sencillo interruptor de encendido\/apagado, este kit de recorte es potente y duradero.<\/p>\n<p><strong>Compra de manera segura tu PRODUCTOS EN MYS GROUP con garant\u00eda de 1 A\u00f1o, Env\u00edos a toda COLOMBIA.<\/strong><\/p>\n<h2><strong>\u00bfPor qu\u00e9 comprar Kit Recortadora Con Alimentaci\u00f3n De Corriente VIVITAR en MYS GROUP?<\/strong><\/h2>\n<p>Te ofrecemos un envi\u00f3 seguro para que nada le pueda suceder a tu producto, adem\u00e1s, te garantizamos calidad y funcionamiento del producto completo,\u00a0te damos\u00a0 1 A\u00d1O de garant\u00eda en tu rodillo de belleza el\u00e9ctrico de cuarzo.<\/p>\n<p><strong>Especificaciones t\u00e9cnicas<\/strong><\/p>\n<ul>\n<li>El kit incluye: cortadora<\/li>\n<li>11 gu\u00edas de recorte<\/li>\n<li>Tapa protectora<\/li>\n<li>Peine<\/li>\n<li>Tijeras<\/li>\n<li>capa<\/li>\n<li>Aceite para podadoras<\/li>\n<li>Cepillo<\/li>\n<li>Cable de alimentaci\u00f3n de CA<\/li>\n<li>Estuche de almacenamiento duro<\/li>\n<li>Manual de usuario<\/li>\n<li>1 a\u00f1o de garant\u00eda<\/li>\n<li>Potente y duradero con un motor silencioso<\/li>\n<li>Cuchillas de precisi\u00f3n autoafilables para recortar, cortar y arreglar sin irritaciones<\/li>\n<li>11 gu\u00edas de recorte para diferentes longitudes de corte<\/li>\n<li>Las empu\u00f1aduras ergon\u00f3micamente contorneadas permiten al usuario obtener f\u00e1cilmente el aspecto ideal<\/li>\n<li>Negro<\/li>\n<\/ul>\n<p><a href=\"https:\/\/mysgroupcol.com\/\">MYS GROUP<\/a>\u00a0trae para usted y su familia los mejores productos en distintas categor\u00edas. Por esto compre seguro con nosotros, adem\u00e1s hacemos env\u00edos a toda Colombia, cuenta con Garant\u00eda de hasta 1 a\u00f1o en varias marcas.<\/p>\n<p><strong>Consigue este y m\u00e1s productos de calidad con nosotros somos Importadores Directos, garantizamos el mejor precio.<\/strong><\/p>\n<ul>\n<li style=\"list-style-type: none;\">\n<ul>\n<li>Vis\u00edtanos ahora en nuestros Instagram \u2013&gt;\u00a0<a href=\"https:\/\/www.instagram.com\/mysgroupcol\/\">www.instagram.com\/mysgroupcol\/<\/a><\/li>\n<\/ul>\n<\/li>\n<\/ul>\n<ul>\n<li style=\"list-style-type: none;\">\n<ul>\n<li>Vis\u00edtanos ahora en nuestro Facebook \u2013&gt;\u00a0<a href=\"https:\/\/www.facebook.com\/mysgroupcol\">www.facebook.com\/mysgroupcol<\/a><\/li>\n<\/ul>\n<\/li>\n<\/ul>\n<ul>\n<li style=\"list-style-type: none;\">\n<ul>\n<li>Necesitas asesor\u00eda directa, escr\u00edbenos a nuestro WhatsApp \u2013&gt;\u00a0<a href=\"https:\/\/api.whatsapp.com\/send?phone=573173644411&amp;text=\">Whatsapp MYS GROUP<\/a><\/li>\n<\/ul>\n<\/li>\n<\/ul>\n<p><strong>Varios m\u00e9todos de pago disponibles \u2013 Producto Nuevo \u2013 Adem\u00e1s Env\u00edos y Pagos Seguros.<\/strong><\/p>\n","protected":false},"excerpt":{"rendered":"<p><strong>Kit Recortadora Con Alimentaci\u00f3n De Corriente VIVITAR<\/strong><\/p>\n<p>Adquiere tu producto <strong>Kit Recortadora Con Alimentaci\u00f3n De Corriente VIVITAR <\/strong>de manera segura por nuestra p\u00e1gina WEB, este producto cuenta con\u00a0<strong>1 A\u00d1O DE GARANT\u00cdA y ENVI\u00d3 A TODA COLOMBIA.<\/strong><\/p>\n<p><strong>Kit Recortadora Con Alimentaci\u00f3n De Corriente VIVITAR<\/strong>y rec\u00edbelo en la puerta de tu casa con tiempo de entrega:<\/p>\n<ul>\n<li>1 a 2 d\u00edas para Bogot\u00e1 o Ciudades cercanas.<\/li>\n<li>2 a 3 d\u00edas para ciudades principales.<\/li>\n<li>3 a 5 d\u00edas para ciudades y pueblos lejanos.<\/li>\n<\/ul>\n<p><strong>VARIOS M\u00c9TODOS DE PAGO EN EFECTIVO O CON TARJETA DEBIDO\/CR\u00c9DITO.<\/strong><\/p>\n","protected":false},"featured_media":5970,"comment_status":"open","ping_status":"closed","template":"","meta":[],"product_cat":[191,188,187,189],"product_tag":[335],"class_list":{"0":"post-6406","1":"product","2":"type-product","3":"status-publish","4":"has-post-thumbnail","6":"product_cat-cuidado-corporal","7":"product_cat-cuidado-facial","8":"product_cat-cuidado-personal","9":"product_cat-hombre","10":"product_tag-kit-recortadora-con-alimentacion-de-corriente-vivitar","12":"first","13":"instock","14":"shipping-taxable","15":"purchasable","16":"product-type-simple"},"_links":{"self":[{"href":"https:\/\/mys-outlet.com\/index.php\/wp-json\/wp\/v2\/product\/6406","targetHints":{"allow":["GET"]}}],"collection":[{"href":"https:\/\/mys-outlet.com\/index.php\/wp-json\/wp\/v2\/product"}],"about":[{"href":"https:\/\/mys-outlet.com\/index.php\/wp-json\/wp\/v2\/types\/product"}],"replies":[{"embeddable":true,"href":"https:\/\/mys-outlet.com\/index.php\/wp-json\/wp\/v2\/comments?post=6406"}],"version-history":[{"count":0,"href":"https:\/\/mys-outlet.com\/index.php\/wp-json\/wp\/v2\/product\/6406\/revisions"}],"wp:featuredmedia":[{"embeddable":true,"href":"https:\/\/mys-outlet.com\/index.php\/wp-json\/wp\/v2\/media\/5970"}],"wp:attachment":[{"href":"https:\/\/mys-outlet.com\/index.php\/wp-json\/wp\/v2\/media?parent=6406"}],"wp:term":[{"taxonomy":"product_cat","embeddable":true,"href":"https:\/\/mys-outlet.com\/index.php\/wp-json\/wp\/v2\/product_cat?post=6406"},{"taxonomy":"product_tag","embeddable":true,"href":"https:\/\/mys-outlet.com\/index.php\/wp-json\/wp\/v2\/product_tag?post=6406"}],"curies":[{"name":"wp","href":"https:\/\/api.w.org\/{rel}","templated":true}]}}