{"id":6426,"date":"2022-07-08T16:24:36","date_gmt":"2022-07-08T16:24:36","guid":{"rendered":"https:\/\/mys-outlet.com\/?post_type=product&#038;p=6426"},"modified":"2023-01-06T04:42:07","modified_gmt":"2023-01-06T04:42:07","slug":"anova-precision-cooker-nano-3","status":"publish","type":"product","link":"https:\/\/mys-outlet.com\/index.php\/producto\/anova-precision-cooker-nano-3\/","title":{"rendered":"Anova Precision Cooker Nano"},"content":{"rendered":"<p><strong>Anova Precision Cooker Nano<\/strong> &#8211;\u00a0 Sous vide es un t\u00e9rmino franc\u00e9s que significa \u201cal vac\u00edo\u201d y consiste en un procedimiento de cocci\u00f3n basado en el sellado de los alimentos en bolsas de pl\u00e1stico herm\u00e9ticas. La particulariedad de esta t\u00e9cnica es que busca conservar la integridad de los ingredientes al cocinarlos durante un largo periodo de tiempo a una temperatura relativamente baja y constante.<\/p>\n<ul>\n<li style=\"list-style-type: none;\"><\/li>\n<\/ul>\n<p><strong>Compra de manera segura tus PRODUCTOS EN MYS GROUP con garant\u00eda de 1 Mes, Env\u00edos a toda COLOMBIA.<\/strong><\/p>\n<p>&nbsp;<\/p>\n<h2><strong>\u00bfPor qu\u00e9 comprar Anova Precision Cooker Nano MYS GROUP?<\/strong><\/h2>\n<p>Ademas La Anova Precision hace que sea f\u00e1cil cocinar, controlar y realizar un seguimiento de su receta desde su dispositivo m\u00f3vil con una conexi\u00f3n Bluetooth BLE 4.2 s\u00faper r\u00e1pida.<\/p>\n<p>\u00bfNecesitas inspiraci\u00f3n? Elija entre miles de recetas en la aplicaci\u00f3n Anova Culinary, o cree y comparta la suya propia con la comunidad #anovafoodnerd; solo presione iniciar.<\/p>\n<p>Ademas Dicen que las cosas buenas vienen en paquetes peque\u00f1os, y la Cooker Nano no es una excepci\u00f3n. Nano hace que sea f\u00e1cil lograr buenos resultados gastron\u00f3micos en casa con un precio que no arruinar\u00e1 el banco. Incluso se conecta a su tel\u00e9fono a trav\u00e9s de Bluetooth, lo que le permite cocinar comidas incre\u00edbles con solo tocar un bot\u00f3n y monitorear el progreso desde cualquier habitaci\u00f3n de la casa.<\/p>\n<p>Sin embargo puedes Comb\u00ednarlo con la aplicaci\u00f3n Anova Culinary para miles de recetas que te inspirar\u00e1n en la cocina y cocinar\u00e1s como un profesional en muy poco tiempo.<\/p>\n<p>&nbsp;<\/p>\n<h3 class=\"app__header-text\">Especificaciones t\u00e9cnicas<\/h3>\n<ul>\n<li class=\"app__secondary-header-text tech-specs-sub-header\">Potencia: 750 WattsTasa de flujo: 8 litros \/ minDurabilidad<\/li>\n<li class=\"app__body-text tech-specs-text\">Pl\u00e1stico \/ Acero inoxidable<\/li>\n<li class=\"app__body-text tech-specs-text\">Resistente al agua y a las salpicaduras IPX7<\/li>\n<li class=\"app__secondary-header-text tech-specs-sub-header\"><\/li>\n<li class=\"app__body-text tech-specs-text\">Precisi\u00f3n de temperatura: +\/- 0.1?C (0.2?F)<\/li>\n<li class=\"app__body-text tech-specs-text\">Rango de temperatura: 0?-92?C (32?-197?F)<\/li>\n<li class=\"app__secondary-header-text tech-specs-sub-header\"><\/li>\n<li class=\"app__body-text tech-specs-text\">Controles manuales de tiempo y temperatura<\/li>\n<li class=\"app__body-text tech-specs-text\">Abrazadera fija<\/li>\n<li class=\"app__secondary-header-text tech-specs-sub-header\"><\/li>\n<li class=\"app__body-text tech-specs-text\">325 mm (12,8 ?) de altura<\/li>\n<li class=\"app__body-text tech-specs-text\">0,7 kg \/ 1,6 libras<\/li>\n<li class=\"app__body-text tech-specs-text\"><\/li>\n<li class=\"app__secondary-header-text tech-specs-sub-header\">L\u00ednea de agua m\u00ednima: 65 mm<\/li>\n<li class=\"app__body-text tech-specs-text\">L\u00ednea de agua m\u00e1xima: 153 mm<\/li>\n<li class=\"app__body-text tech-specs-text\"><\/li>\n<li class=\"app__secondary-header-text tech-specs-sub-header\">Bluetooth<\/li>\n<li class=\"app__body-text tech-specs-text\">Aplicaci\u00f3n para iOS y Android<\/li>\n<\/ul>\n<p>&nbsp;<\/p>\n<p><a href=\"https:\/\/mysgroupcol.com\/\">MYS GROUP<\/a> trae para usted y su familia los mejores productos en distintas categor\u00edas. Por esto compre seguro con nosotros, adem\u00e1s hacemos env\u00edos a toda Colombia, cuenta con Garant\u00eda de hasta 1 a\u00f1o en varias marcas.<\/p>\n<h3>Consigue este y m\u00e1s productos de calidad con nosotros somos Importadores Directos, garantizamos el mejor precio.<\/h3>\n<p>&nbsp;<\/p>\n<ul>\n<li style=\"list-style-type: none;\">\n<ul>\n<li>Vis\u00edtanos ahora en nuestros Instagram &#8211;&gt; <a href=\"https:\/\/www.instagram.com\/mysgroupcol\/\">www.instagram.com\/mysgroupcol\/<\/a><\/li>\n<\/ul>\n<\/li>\n<\/ul>\n<ul>\n<li style=\"list-style-type: none;\">\n<ul>\n<li>Vis\u00edtanos ahora en nuestro Facebook &#8211;&gt; <a href=\"https:\/\/www.facebook.com\/mysgroupcol\">www.facebook.com\/mysgroupcol<\/a><\/li>\n<\/ul>\n<\/li>\n<\/ul>\n<ul>\n<li style=\"list-style-type: none;\">\n<ul>\n<li>Necesitas asesor\u00eda directa, escr\u00edbenos a nuestro WhatsApp &#8211;&gt; <a href=\"https:\/\/api.whatsapp.com\/send?phone=573173644411&amp;text=\">Whatsapp MYS GROUP <\/a><\/li>\n<\/ul>\n<\/li>\n<\/ul>\n<p><strong>Varios m\u00e9todos de pago disponibles \u2013 Producto Nuevo \u2013 Adem\u00e1s Env\u00edos y Pagos Seguros.<\/strong><\/p>\n","protected":false},"excerpt":{"rendered":"<p>\u2b50\ufe0fAdquiere tu producto <strong>Anova Precision Cooker Nano<\/strong> de manera segura por nuestra p\u00e1gina WEB, este producto cuenta con <strong>1 A\u00d1O DE GARANT\u00cdA y ENVI\u00d3 A TODA COLOMBIA.<\/strong><\/p>\n<p>&nbsp;<\/p>\n<p><strong>Compra ahora tu<\/strong> <strong>Anova Precision Cooker Nano<\/strong>\u00a0y rec\u00edbelo en la puerta de tu casa con tiempo de entrega:<\/p>\n<p>&nbsp;<\/p>\n<ul>\n<li>1 a 2 d\u00edas para Bogot\u00e1 o Ciudades cercanas.<\/li>\n<li>2 a 3 d\u00edas para ciudades principales.<\/li>\n<li>3 a 5 d\u00edas para ciudades y pueblos lejanos.<\/li>\n<\/ul>\n<p><strong><span role=\"image\" aria-label=\"\u2705\">\u2705<\/span>VARIOS M\u00c9TODOS DE PAGO EN EFECTIVO O CON TARJETA DEBIDO\/CR\u00c9DITO.<\/strong><\/p>\n","protected":false},"featured_media":5433,"comment_status":"open","ping_status":"closed","template":"","meta":[],"product_cat":[286],"product_tag":[287],"class_list":{"0":"post-6426","1":"product","2":"type-product","3":"status-publish","4":"has-post-thumbnail","6":"product_cat-anova-precision-cooker-nano","7":"product_tag-anova-precision-cooker-nano","8":"product_shipping_class-producto-mediano","10":"first","11":"instock","12":"shipping-taxable","13":"purchasable","14":"product-type-simple"},"_links":{"self":[{"href":"https:\/\/mys-outlet.com\/index.php\/wp-json\/wp\/v2\/product\/6426","targetHints":{"allow":["GET"]}}],"collection":[{"href":"https:\/\/mys-outlet.com\/index.php\/wp-json\/wp\/v2\/product"}],"about":[{"href":"https:\/\/mys-outlet.com\/index.php\/wp-json\/wp\/v2\/types\/product"}],"replies":[{"embeddable":true,"href":"https:\/\/mys-outlet.com\/index.php\/wp-json\/wp\/v2\/comments?post=6426"}],"version-history":[{"count":0,"href":"https:\/\/mys-outlet.com\/index.php\/wp-json\/wp\/v2\/product\/6426\/revisions"}],"wp:featuredmedia":[{"embeddable":true,"href":"https:\/\/mys-outlet.com\/index.php\/wp-json\/wp\/v2\/media\/5433"}],"wp:attachment":[{"href":"https:\/\/mys-outlet.com\/index.php\/wp-json\/wp\/v2\/media?parent=6426"}],"wp:term":[{"taxonomy":"product_cat","embeddable":true,"href":"https:\/\/mys-outlet.com\/index.php\/wp-json\/wp\/v2\/product_cat?post=6426"},{"taxonomy":"product_tag","embeddable":true,"href":"https:\/\/mys-outlet.com\/index.php\/wp-json\/wp\/v2\/product_tag?post=6426"}],"curies":[{"name":"wp","href":"https:\/\/api.w.org\/{rel}","templated":true}]}}