{"id":6439,"date":"2022-07-08T16:24:51","date_gmt":"2022-07-08T16:24:51","guid":{"rendered":"https:\/\/mys-outlet.com\/?post_type=product&#038;p=6439"},"modified":"2023-01-06T04:42:07","modified_gmt":"2023-01-06T04:42:07","slug":"soporte-compresion-rodilla-vivitar-4","status":"publish","type":"product","link":"https:\/\/mys-outlet.com\/index.php\/producto\/soporte-compresion-rodilla-vivitar-4\/","title":{"rendered":"Soporte Compresi\u00f3n Rodilla VIVITAR"},"content":{"rendered":"<p><strong>Soporte Compresi\u00f3n Rodilla VIVITAR<\/strong><br \/>\nForma anat\u00f3mica para proporcionar compresi\u00f3n uniforme en las articulaciones de la rodilla, El forro interior mantiene, la piel ventilada mientras retiene el calor, Correa para un perfecto ajuste, Se puede utilizar en casa y en el gimnasio, Ayuda a sostener las articulaciones de la rodilla, Promueve la recuperaci\u00f3n muscular y previene lesiones.<\/p>\n<p><strong>Compra de manera segura tus PRODUCTOS EN MYS GROUP con garant\u00eda de 1 A\u00d1O, Env\u00edos a toda COLOMBIA.<\/strong><\/p>\n<h2><strong>\u00bfPor qu\u00e9 comprar SOPORTE DE COMPRENS\u00cdON PARA RODILLA VIVITAR en MYS GROUP?<\/strong><\/h2>\n<p>El <strong>Soporte Compresi\u00f3n Rodilla VIVITAR<\/strong> est\u00e1n dise\u00f1adas para aportar soporte a la zona articular mediante compresi\u00f3n alrededor de la rodilla. El sost\u00e9n que aportan ayuda a controlar el dolor e hinchaz\u00f3n.<\/p>\n<p>El uso de una\u00a0<b>rodillera<\/b>\u00a0ortop\u00e9dica\u00a0<b>en<\/b>\u00a0lesiones de rodilla alivia el dolor, reduce la inflamaci\u00f3n y aporta estabilidad, sobre todo\u00a0<b>en<\/b>\u00a0lesiones de\u00a0<b>ligamentos<\/b>. Cualquier lesi\u00f3n de rodilla presentan s\u00edntomas\u00a0<b>en<\/b>\u00a0com\u00fan como el dolor, la inflamaci\u00f3n e inestabilidad. El uso de una\u00a0<b>rodillera<\/b>\u00a0ortop\u00e9dica alivia esos s\u00edntomas.<\/p>\n<p>&nbsp;<\/p>\n<h3 class=\"app__header-text\">Especificaciones t\u00e9cnicas<\/h3>\n<ul>\n<li>Forma anat\u00f3mica para proporcionar compresi\u00f3n uniforme en las articulaciones de la rodilla<\/li>\n<li>El forro interior mantiene la piel ventilada mientras retiene el calor<\/li>\n<li>Correa para un perfecto ajuste<\/li>\n<li>Se puede utilizar en casa y en el gimnasio<\/li>\n<li>Ayuda a sostener las articulaciones de la rodilla<\/li>\n<li>Promueve la recuperaci\u00f3n muscular y previene lesiones<\/li>\n<\/ul>\n<p><a href=\"https:\/\/mysgroupcol.com\/\">MYS GROUP<\/a> trae para usted y su familia los mejores productos en distintas categor\u00edas. Por esto compre seguro con nosotros, adem\u00e1s hacemos env\u00edos a toda Colombia, cuenta con Garant\u00eda de hasta 1 a\u00f1o en varias marcas.<\/p>\n<h3>Consigue este y m\u00e1s productos de calidad con nosotros somos Importadores Directos, garantizamos el mejor precio.<\/h3>\n<p>&nbsp;<\/p>\n<ul>\n<li style=\"list-style-type: none;\">\n<ul>\n<li>Vis\u00edtanos ahora en nuestros Instagram &#8211;&gt; <a href=\"https:\/\/www.instagram.com\/mysgroupcol\/\">www.instagram.com\/mysgroupcol\/<\/a><\/li>\n<\/ul>\n<\/li>\n<\/ul>\n<ul>\n<li style=\"list-style-type: none;\">\n<ul>\n<li>Vis\u00edtanos ahora en nuestro Facebook &#8211;&gt; <a href=\"https:\/\/www.facebook.com\/mysgroupcol\">www.facebook.com\/mysgroupcol<\/a><\/li>\n<\/ul>\n<\/li>\n<\/ul>\n<ul>\n<li style=\"list-style-type: none;\">\n<ul>\n<li>Necesitas asesor\u00eda directa, escr\u00edbenos a nuestro WhatsApp &#8211;&gt; <a href=\"https:\/\/api.whatsapp.com\/send?phone=573173644411&amp;text=\">Whatsapp MYS GROUP <\/a><\/li>\n<\/ul>\n<\/li>\n<\/ul>\n<p><strong>Varios m\u00e9todos de pago disponibles \u2013 Producto Nuevo \u2013 Adem\u00e1s Env\u00edos y Pagos Seguros.<\/strong><\/p>\n<p>&nbsp;<\/p>\n","protected":false},"excerpt":{"rendered":"<p>\u2b50\ufe0fAdquiere tu producto <strong>Soporte de Compresi\u00f3n para Rodilla<\/strong> de manera segura por nuestra p\u00e1gina WEB, este producto cuenta con <strong>1 A\u00d1O DE GARANT\u00cdA y ENVI\u00d3 A TODA COLOMBIA.<\/strong><\/p>\n<p>&nbsp;<\/p>\n<p><strong>Compra ahora tu<\/strong> <strong>Soporte de Compresi\u00f3n para Rodilla<\/strong>\u00a0y rec\u00edbelo en la puerta de tu casa con tiempo de entrega:<\/p>\n<p>&nbsp;<\/p>\n<ul>\n<li>1 a 2 d\u00edas para Bogot\u00e1 o Ciudades cercanas.<\/li>\n<li>2 a 3 d\u00edas para ciudades principales.<\/li>\n<li>3 a 5 d\u00edas para ciudades y pueblos lejanos.<\/li>\n<\/ul>\n<p><strong><span role=\"image\" aria-label=\"\u2705\">\u2705<\/span>VARIOS M\u00c9TODOS DE PAGO EN EFECTIVO O CON TARJETA DEBIDO\/CR\u00c9DITO.<\/strong><\/p>\n","protected":false},"featured_media":5532,"comment_status":"open","ping_status":"closed","template":"","meta":[],"product_cat":[197,200],"product_tag":[315],"class_list":{"0":"post-6439","1":"product","2":"type-product","3":"status-publish","4":"has-post-thumbnail","6":"product_cat-deportes","7":"product_cat-deportes-2","8":"product_tag-soporte-compresion-rodilla-vivita","9":"product_shipping_class-producto-pequeno","11":"first","12":"instock","13":"shipping-taxable","14":"purchasable","15":"product-type-simple"},"_links":{"self":[{"href":"https:\/\/mys-outlet.com\/index.php\/wp-json\/wp\/v2\/product\/6439","targetHints":{"allow":["GET"]}}],"collection":[{"href":"https:\/\/mys-outlet.com\/index.php\/wp-json\/wp\/v2\/product"}],"about":[{"href":"https:\/\/mys-outlet.com\/index.php\/wp-json\/wp\/v2\/types\/product"}],"replies":[{"embeddable":true,"href":"https:\/\/mys-outlet.com\/index.php\/wp-json\/wp\/v2\/comments?post=6439"}],"version-history":[{"count":0,"href":"https:\/\/mys-outlet.com\/index.php\/wp-json\/wp\/v2\/product\/6439\/revisions"}],"wp:featuredmedia":[{"embeddable":true,"href":"https:\/\/mys-outlet.com\/index.php\/wp-json\/wp\/v2\/media\/5532"}],"wp:attachment":[{"href":"https:\/\/mys-outlet.com\/index.php\/wp-json\/wp\/v2\/media?parent=6439"}],"wp:term":[{"taxonomy":"product_cat","embeddable":true,"href":"https:\/\/mys-outlet.com\/index.php\/wp-json\/wp\/v2\/product_cat?post=6439"},{"taxonomy":"product_tag","embeddable":true,"href":"https:\/\/mys-outlet.com\/index.php\/wp-json\/wp\/v2\/product_tag?post=6439"}],"curies":[{"name":"wp","href":"https:\/\/api.w.org\/{rel}","templated":true}]}}