{"id":6443,"date":"2022-07-08T16:24:52","date_gmt":"2022-07-08T16:24:52","guid":{"rendered":"https:\/\/mys-outlet.com\/?post_type=product&#038;p=6443"},"modified":"2023-01-06T04:42:09","modified_gmt":"2023-01-06T04:42:09","slug":"espejo-tactil-22-led-vivitar-9","status":"publish","type":"product","link":"https:\/\/mys-outlet.com\/index.php\/producto\/espejo-tactil-22-led-vivitar-9\/","title":{"rendered":"Espejo T\u00e1ctil 22 Led VIVITAR"},"content":{"rendered":"<p><strong>Espejo T\u00e1ctil 22 Led VIVITAR<\/strong><\/p>\n<p><span class=\"a-list-item\">rep\u00e1rate para tu primer plano con el nuevo espejo de tocador con luz LED Vivitar. Con controles t\u00e1ctiles, forro de 22 luces LED brillantes. El espejo y la rotaci\u00f3n giratoria de 360 grados, este hermoso espejo de tocador captar\u00e1 todos los \u00e1ngulos, <\/span><span class=\"a-list-item\">Con iluminaci\u00f3n integrada que rodea el espejo y espejos sin deslumbramientos\/resistentes a la niebla, nunca te perder\u00e1s nada, <\/span><span class=\"a-list-item\">El espejo con luz LED Vivitar es perfecto para cualquier ba\u00f1o o mostrador de maquillaje, especialmente con una bandeja integrada en la base para almacenar maquillaje o brochas.<\/span><\/p>\n<p><strong>Compra de manera segura tus PRODUCTOS EN MYS GROUP con garant\u00eda de 1 Mes, Env\u00edos a toda COLOMBIA.<\/strong><\/p>\n<p>&nbsp;<\/p>\n<h2><strong>\u00bfPor qu\u00e9 comprar ESPEJO T\u00c1CTIL 22 LED VIVITAR en MYS GROUP?<\/strong><\/h2>\n<p><span class=\"a-list-item\">El espejo de tocador con luz LED Vivitar es el espejo todo en uno que es perfecto para maquillarte y peinarte. Es inal\u00e1mbrico, por lo que puedes transferirlo f\u00e1cilmente de una habitaci\u00f3n a otra y eliminar\u00e1 el desorden en tu tocador.<\/span><\/p>\n<p><span class=\"a-list-item\">Ponte f\u00e1cilmente tu maquillaje y cepilla tus cejas con la luz iluminada que te ayudar\u00e1 a ver cada detalle<\/span><\/p>\n<p>&nbsp;<\/p>\n<h3 class=\"app__header-text\">Especificaciones t\u00e9cnicas<\/h3>\n<ul>\n<li><span class=\"a-list-item\">Controles t\u00e1ctiles, forro de 22 luces LED brillantes.<\/span><\/li>\n<li><span class=\"a-list-item\"> El espejo y la rotaci\u00f3n giratoria de 360 grados<\/span><\/li>\n<li><span class=\"a-list-item\">Capta todos los \u00e1ngulos<\/span><\/li>\n<li><span class=\"a-list-item\">Iluminaci\u00f3n integrada que rodea el espejo<\/span><\/li>\n<li><span class=\"a-list-item\">Espejos sin deslumbramientos\/resistentes a la niebla,<\/span><\/li>\n<\/ul>\n<p>&nbsp;<\/p>\n<p><a href=\"https:\/\/mysgroupcol.com\/\">MYS GROUP<\/a> trae para usted y su familia los mejores productos en distintas categor\u00edas. Por esto compre seguro con nosotros, adem\u00e1s hacemos env\u00edos a toda Colombia, cuenta con Garant\u00eda de hasta 1 a\u00f1o en varias marcas.<\/p>\n<h3>Consigue este y m\u00e1s productos de calidad con nosotros somos Importadores Directos, garantizamos el mejor precio.<\/h3>\n<p>&nbsp;<\/p>\n<ul>\n<li style=\"list-style-type: none;\">\n<ul>\n<li>Vis\u00edtanos ahora en nuestros Instagram &#8211;&gt; <a href=\"https:\/\/www.instagram.com\/mysgroupcol\/\">www.instagram.com\/mysgroupcol\/<\/a><\/li>\n<\/ul>\n<\/li>\n<\/ul>\n<ul>\n<li style=\"list-style-type: none;\">\n<ul>\n<li>Vis\u00edtanos ahora en nuestro Facebook &#8211;&gt; <a href=\"https:\/\/www.facebook.com\/mysgroupcol\">www.facebook.com\/mysgroupcol<\/a><\/li>\n<\/ul>\n<\/li>\n<\/ul>\n<ul>\n<li style=\"list-style-type: none;\">\n<ul>\n<li>Necesitas asesor\u00eda directa, escr\u00edbenos a nuestro WhatsApp &#8211;&gt; <a href=\"https:\/\/api.whatsapp.com\/send?phone=573173644411&amp;text=\">Whatsapp MYS GROUP <\/a><\/li>\n<\/ul>\n<\/li>\n<\/ul>\n<p><strong>Varios m\u00e9todos de pago disponibles \u2013 Producto Nuevo \u2013 Adem\u00e1s Env\u00edos y Pagos Seguros.<\/strong><\/p>\n","protected":false},"excerpt":{"rendered":"<p>\u2b50\ufe0fAdquiere tu producto <strong>Espejo Lujo T\u00e1ctil 22 Led 360g Negro<\/strong> de manera segura por nuestra p\u00e1gina WEB, este producto cuenta con <strong>1 A\u00d1O DE GARANT\u00cdA y ENVI\u00d3 A TODA COLOMBIA.<\/strong><\/p>\n<p>&nbsp;<\/p>\n<p><strong>Compra ahora tu<\/strong> <strong>Espejo Lujo T\u00e1ctil 22 Led 360g Negro<\/strong>\u00a0y rec\u00edbelo en la puerta de tu casa con tiempo de entrega:<\/p>\n<p>&nbsp;<\/p>\n<ul>\n<li>1 a 2 d\u00edas para Bogot\u00e1 o Ciudades cercanas.<\/li>\n<li>2 a 3 d\u00edas para ciudades principales.<\/li>\n<li>3 a 5 d\u00edas para ciudades y pueblos lejanos.<\/li>\n<\/ul>\n<p><strong><span role=\"image\" aria-label=\"\u2705\">\u2705<\/span>VARIOS M\u00c9TODOS DE PAGO EN EFECTIVO O CON TARJETA DEBIDO\/CR\u00c9DITO.<\/strong><\/p>\n","protected":false},"featured_media":5485,"comment_status":"open","ping_status":"closed","template":"","meta":[],"product_cat":[191,193,188,187,192,208],"product_tag":[300],"class_list":{"0":"post-6443","1":"product","2":"type-product","3":"status-publish","4":"has-post-thumbnail","6":"product_cat-cuidado-corporal","7":"product_cat-cuidado-del-cabello","8":"product_cat-cuidado-facial","9":"product_cat-cuidado-personal","10":"product_cat-mujer","11":"product_cat-vivitar-marcas","12":"product_tag-iluminacion-integrada-que-rodea-el-espejo","13":"product_shipping_class-producto-pequeno","15":"first","16":"instock","17":"shipping-taxable","18":"purchasable","19":"product-type-simple"},"_links":{"self":[{"href":"https:\/\/mys-outlet.com\/index.php\/wp-json\/wp\/v2\/product\/6443","targetHints":{"allow":["GET"]}}],"collection":[{"href":"https:\/\/mys-outlet.com\/index.php\/wp-json\/wp\/v2\/product"}],"about":[{"href":"https:\/\/mys-outlet.com\/index.php\/wp-json\/wp\/v2\/types\/product"}],"replies":[{"embeddable":true,"href":"https:\/\/mys-outlet.com\/index.php\/wp-json\/wp\/v2\/comments?post=6443"}],"version-history":[{"count":0,"href":"https:\/\/mys-outlet.com\/index.php\/wp-json\/wp\/v2\/product\/6443\/revisions"}],"wp:featuredmedia":[{"embeddable":true,"href":"https:\/\/mys-outlet.com\/index.php\/wp-json\/wp\/v2\/media\/5485"}],"wp:attachment":[{"href":"https:\/\/mys-outlet.com\/index.php\/wp-json\/wp\/v2\/media?parent=6443"}],"wp:term":[{"taxonomy":"product_cat","embeddable":true,"href":"https:\/\/mys-outlet.com\/index.php\/wp-json\/wp\/v2\/product_cat?post=6443"},{"taxonomy":"product_tag","embeddable":true,"href":"https:\/\/mys-outlet.com\/index.php\/wp-json\/wp\/v2\/product_tag?post=6443"}],"curies":[{"name":"wp","href":"https:\/\/api.w.org\/{rel}","templated":true}]}}