{"id":6487,"date":"2022-07-08T16:26:33","date_gmt":"2022-07-08T16:26:33","guid":{"rendered":"https:\/\/mys-outlet.com\/?post_type=product&#038;p=6487"},"modified":"2023-01-06T04:42:11","modified_gmt":"2023-01-06T04:42:11","slug":"cuerda-aerobica-goma-vivitar-4","status":"publish","type":"product","link":"https:\/\/mys-outlet.com\/index.php\/producto\/cuerda-aerobica-goma-vivitar-4\/","title":{"rendered":"Cuerda Aer\u00f3bica Goma VIVITAR"},"content":{"rendered":"<p><strong>Cuerda Aer\u00f3bica Goma VIVITAR <\/strong>Trabaja m\u00faltiples grupos de m\u00fasculos para un entrenamiento de cuerpo completo, Cojinetes suaves y c\u00f3modos para una rotaci\u00f3n completa de la cuerda, Posibilidad de usar en casa, el gimnasio y viajar<br \/>\n, 1\/4 libras de peso en cada mango proporciona una intensidad de entrenamiento adicional, Cuerda ajustable para alcanzar la altura de cualquier uso.<\/p>\n<h2><strong>\u00bfPor qu\u00e9 comprar Cuerda Aer\u00f3bica Goma VIVITAR MYS GROUP?<\/strong><\/h2>\n<p>Compra Hoy y te beneficiaremos con la entrega de tu producto, para garantizarte todos los est\u00e1ndares de calidad, adem\u00e1s de que te garantizaremos 1 a\u00f1o de la calidad tu producto solo porque confiamos en la calidad y empe\u00f1o que disponemos para ti, disfruta hoy tu cuerda aer\u00f3bica para que no falten en tus entrenamientos.<\/p>\n<h3 class=\"app__header-text\">Especificaciones t\u00e9cnicas<\/h3>\n<ul>\n<li>Cuerda estilo goma.<\/li>\n<li>Sujetadores de anti deslizantes.<\/li>\n<li>Con rodamientos.<\/li>\n<li>Cuerda ajustable para alcanzar la altura de cualquier uso.<\/li>\n<\/ul>\n<p><a href=\"https:\/\/mysgroupcol.com\/\">MYS GROUP<\/a> trae para usted y su familia los mejores productos en distintas categor\u00edas. Por esto compre seguro con nosotros, adem\u00e1s hacemos env\u00edos a toda Colombia, cuenta con Garant\u00eda de hasta 1 a\u00f1o en varias marcas.<\/p>\n<h3>Consigue este y m\u00e1s productos de calidad con nosotros somos Importadores Directos, garantizamos el mejor precio.<\/h3>\n<p>&nbsp;<\/p>\n<ul>\n<li style=\"list-style-type: none;\">\n<ul>\n<li>Vis\u00edtanos ahora en nuestros Instagram &#8211;&gt; <a href=\"https:\/\/www.instagram.com\/mysgroupcol\/\">www.instagram.com\/mysgroupcol\/<\/a><\/li>\n<\/ul>\n<\/li>\n<\/ul>\n<ul>\n<li style=\"list-style-type: none;\">\n<ul>\n<li>Vis\u00edtanos ahora en nuestro Facebook &#8211;&gt; <a href=\"https:\/\/www.facebook.com\/mysgroupcol\">www.facebook.com\/mysgroupcol<\/a><\/li>\n<\/ul>\n<\/li>\n<\/ul>\n<ul>\n<li style=\"list-style-type: none;\">\n<ul>\n<li>Necesitas asesor\u00eda directa, escr\u00edbenos a nuestro WhatsApp &#8211;&gt; <a href=\"https:\/\/api.whatsapp.com\/send?phone=573173644411&amp;text=\">Whatsapp MYS GROUP <\/a><\/li>\n<\/ul>\n<\/li>\n<\/ul>\n<p><strong>Varios m\u00e9todos de pago disponibles \u2013 Producto Nuevo \u2013 Adem\u00e1s Env\u00edos y Pagos Seguros.<\/strong><\/p>\n","protected":false},"excerpt":{"rendered":"<p>\u2b50\ufe0fAdquiere tu producto <strong>Cuerda de Salto BLK<\/strong> de manera segura por nuestra p\u00e1gina WEB, este producto cuenta con <strong>1 A\u00d1O DE GARANT\u00cdA y ENVI\u00d3 A TODA COLOMBIA.<\/strong><\/p>\n<p>&nbsp;<\/p>\n<p><strong>Compra ahora tu<\/strong> <strong>Cuerda de Salto BLK<\/strong>\u00a0y rec\u00edbelo en la puerta de tu casa con tiempo de entrega:<\/p>\n<p>&nbsp;<\/p>\n<ul>\n<li>1 a 2 d\u00edas para Bogot\u00e1 o Ciudades cercanas.<\/li>\n<li>2 a 3 d\u00edas para ciudades principales.<\/li>\n<li>3 a 5 d\u00edas para ciudades y pueblos lejanos.<\/li>\n<\/ul>\n<p><strong><span role=\"image\" aria-label=\"\u2705\">\u2705<\/span>VARIOS M\u00c9TODOS DE PAGO EN EFECTIVO O CON TARJETA DEBIDO\/CR\u00c9DITO.<\/strong><\/p>\n","protected":false},"featured_media":5412,"comment_status":"open","ping_status":"closed","template":"","meta":[],"product_cat":[187,200,197,208],"product_tag":[279],"class_list":{"0":"post-6487","1":"product","2":"type-product","3":"status-publish","4":"has-post-thumbnail","6":"product_cat-cuidado-personal","7":"product_cat-deportes-2","8":"product_cat-deportes","9":"product_cat-vivitar-marcas","10":"product_tag-cuerda-aerobica-goma-vivitar","12":"first","13":"instock","14":"shipping-taxable","15":"purchasable","16":"product-type-simple"},"_links":{"self":[{"href":"https:\/\/mys-outlet.com\/index.php\/wp-json\/wp\/v2\/product\/6487","targetHints":{"allow":["GET"]}}],"collection":[{"href":"https:\/\/mys-outlet.com\/index.php\/wp-json\/wp\/v2\/product"}],"about":[{"href":"https:\/\/mys-outlet.com\/index.php\/wp-json\/wp\/v2\/types\/product"}],"replies":[{"embeddable":true,"href":"https:\/\/mys-outlet.com\/index.php\/wp-json\/wp\/v2\/comments?post=6487"}],"version-history":[{"count":0,"href":"https:\/\/mys-outlet.com\/index.php\/wp-json\/wp\/v2\/product\/6487\/revisions"}],"wp:featuredmedia":[{"embeddable":true,"href":"https:\/\/mys-outlet.com\/index.php\/wp-json\/wp\/v2\/media\/5412"}],"wp:attachment":[{"href":"https:\/\/mys-outlet.com\/index.php\/wp-json\/wp\/v2\/media?parent=6487"}],"wp:term":[{"taxonomy":"product_cat","embeddable":true,"href":"https:\/\/mys-outlet.com\/index.php\/wp-json\/wp\/v2\/product_cat?post=6487"},{"taxonomy":"product_tag","embeddable":true,"href":"https:\/\/mys-outlet.com\/index.php\/wp-json\/wp\/v2\/product_tag?post=6487"}],"curies":[{"name":"wp","href":"https:\/\/api.w.org\/{rel}","templated":true}]}}