{"id":6489,"date":"2022-07-08T16:26:33","date_gmt":"2022-07-08T16:26:33","guid":{"rendered":"https:\/\/mys-outlet.com\/?post_type=product&#038;p=6489"},"modified":"2023-01-06T04:42:11","modified_gmt":"2023-01-06T04:42:11","slug":"cordon-elastico-fitness-vivitar-5","status":"publish","type":"product","link":"https:\/\/mys-outlet.com\/index.php\/producto\/cordon-elastico-fitness-vivitar-5\/","title":{"rendered":"Cord\u00f3n El\u00e1stico Fitness VIVITAR"},"content":{"rendered":"<p><strong>Cord\u00f3n El\u00e1stico Fitness VIVITAR<\/strong><\/p>\n<p>CORDON ELASTICO NEGRO<br \/>\nTipo de material Goma<br \/>\nDimensiones producto 12.7 x 5.08 x 19.05 cm; 190.<br \/>\nLigero y port\u00e1til, uso en cualquier momento y en cualquier lugar: las bandas de resistencia son ultra ligeras y f\u00e1ciles de transportar. Puedes guardarlos f\u00e1cilmente en tu veliz o en tu coche, para que puedas hacer ejercicio en el lugar de trabajo o en tu habitaci\u00f3n de hotel.<br \/>\nQuema grasa y crea m\u00fasculo: el entrenamiento de la banda de resistencia es extremadamente eficaz para quemar grasa y aumentar la fuerza muscular, y tambi\u00e9n te ayuda a aumentar la coordinaci\u00f3n, aumentar la resistencia, flexibilidad, rango de movimiento, ejercitar diferentes grupos musculares, como deber\u00eda 100% satisfacci\u00f3n.: equipado con tubos de l\u00e1tex duraderos, estas bandas de ejercicio anti-rotura est\u00e1n dise\u00f1adas para soportar sesiones de ejercicio diarias intensas.<\/p>\n<h2><strong>\u00bfPor qu\u00e9 comprar Cord\u00f3n El\u00e1stico Fitness VIVITAR MYS GROUP?<\/strong><\/h2>\n<p>Te ofrecemos un envi\u00f3 seguro para que nada le pueda suceder a tu producto, adem\u00e1s, te garantizamos calidad y funcionamiento del producto completo,\u00a0 te damos\u00a0 1 A\u00d1O de garant\u00eda en tu CORDON ELASTICO NEGRO.<\/p>\n<h3 class=\"app__header-text\">Especificaciones t\u00e9cnicas<\/h3>\n<ul>\n<li>Dimensiones producto 12.7 x 5.08 x 19.05 cm;\u00a0Ligero y port\u00e1til, uso en cualquier momento y en cualquier lugar:<\/li>\n<li>las bandas de resistencia son ultra ligeras y f\u00e1ciles de transportar.<\/li>\n<li>Puedes guardarlos f\u00e1cilmente en tu veliz o en tu coche, para que puedas hacer ejercicio en el lugar de trabajo o en tu habitaci\u00f3n de hotel.<\/li>\n<li>Listo para el uso diario: equipado con tubos de l\u00e1tex duraderos, estas bandas de ejercicio anti-rotura est\u00e1n dise\u00f1adas para soportar sesiones de ejercicio diarias intensas.<\/li>\n<\/ul>\n<p><a href=\"https:\/\/mysgroupcol.com\/\">MYS GROUP<\/a> trae para usted y su familia los mejores productos en distintas categor\u00edas. Por esto compre seguro con nosotros, adem\u00e1s hacemos env\u00edos a toda Colombia, cuenta con Garant\u00eda de hasta 1 a\u00f1o en varias marcas.<\/p>\n<h3>Consigue este y m\u00e1s productos de calidad con nosotros somos Importadores Directos, garantizamos el mejor precio.<\/h3>\n<p>&nbsp;<\/p>\n<ul>\n<li style=\"list-style-type: none;\">\n<ul>\n<li>Vis\u00edtanos ahora en nuestros Instagram &#8211;&gt; <a href=\"https:\/\/www.instagram.com\/mysgroupcol\/\">www.instagram.com\/mysgroupcol\/<\/a><\/li>\n<\/ul>\n<\/li>\n<\/ul>\n<ul>\n<li style=\"list-style-type: none;\">\n<ul>\n<li>Vis\u00edtanos ahora en nuestro Facebook &#8211;&gt; <a href=\"https:\/\/www.facebook.com\/mysgroupcol\">www.facebook.com\/mysgroupcol<\/a><\/li>\n<\/ul>\n<\/li>\n<\/ul>\n<ul>\n<li style=\"list-style-type: none;\">\n<ul>\n<li>Necesitas asesor\u00eda directa, escr\u00edbenos a nuestro WhatsApp &#8211;&gt; <a href=\"https:\/\/api.whatsapp.com\/send?phone=573173644411&amp;text=\">Whatsapp MYS GROUP <\/a><\/li>\n<\/ul>\n<\/li>\n<\/ul>\n<p><strong>Varios m\u00e9todos de pago disponibles \u2013 Producto Nuevo \u2013 Adem\u00e1s Env\u00edos y Pagos Seguros.<\/strong><\/p>\n","protected":false},"excerpt":{"rendered":"<p>\u2b50\ufe0fAdquiere tu producto <strong>Cord\u00f3n El\u00e1stico BLK<\/strong> de manera segura por nuestra p\u00e1gina WEB, este producto cuenta con <strong>1 A\u00d1O DE GARANT\u00cdA y ENVI\u00d3 A TODA COLOMBIA.<\/strong><\/p>\n<p>&nbsp;<\/p>\n<p><strong>Compra ahora tu Cord\u00f3n El\u00e1stico BLK<\/strong>\u00a0y rec\u00edbelo en la puerta de tu casa con tiempo de entrega:<\/p>\n<p>&nbsp;<\/p>\n<ul>\n<li>1 a 2 d\u00edas para Bogot\u00e1 o Ciudades cercanas.<\/li>\n<li>2 a 3 d\u00edas para ciudades principales.<\/li>\n<li>3 a 5 d\u00edas para ciudades y pueblos lejanos.<\/li>\n<\/ul>\n<p><strong><span role=\"image\" aria-label=\"\u2705\">\u2705<\/span>VARIOS M\u00c9TODOS DE PAGO EN EFECTIVO O CON TARJETA DEBIDO\/CR\u00c9DITO.<\/strong><\/p>\n","protected":false},"featured_media":5402,"comment_status":"open","ping_status":"closed","template":"","meta":[],"product_cat":[187,197,200,208],"product_tag":[277],"class_list":{"0":"post-6489","1":"product","2":"type-product","3":"status-publish","4":"has-post-thumbnail","6":"product_cat-cuidado-personal","7":"product_cat-deportes","8":"product_cat-deportes-2","9":"product_cat-vivitar-marcas","10":"product_tag-cordon-elastico-fitness-vivitar","12":"first","13":"instock","14":"shipping-taxable","15":"purchasable","16":"product-type-simple"},"_links":{"self":[{"href":"https:\/\/mys-outlet.com\/index.php\/wp-json\/wp\/v2\/product\/6489","targetHints":{"allow":["GET"]}}],"collection":[{"href":"https:\/\/mys-outlet.com\/index.php\/wp-json\/wp\/v2\/product"}],"about":[{"href":"https:\/\/mys-outlet.com\/index.php\/wp-json\/wp\/v2\/types\/product"}],"replies":[{"embeddable":true,"href":"https:\/\/mys-outlet.com\/index.php\/wp-json\/wp\/v2\/comments?post=6489"}],"version-history":[{"count":0,"href":"https:\/\/mys-outlet.com\/index.php\/wp-json\/wp\/v2\/product\/6489\/revisions"}],"wp:featuredmedia":[{"embeddable":true,"href":"https:\/\/mys-outlet.com\/index.php\/wp-json\/wp\/v2\/media\/5402"}],"wp:attachment":[{"href":"https:\/\/mys-outlet.com\/index.php\/wp-json\/wp\/v2\/media?parent=6489"}],"wp:term":[{"taxonomy":"product_cat","embeddable":true,"href":"https:\/\/mys-outlet.com\/index.php\/wp-json\/wp\/v2\/product_cat?post=6489"},{"taxonomy":"product_tag","embeddable":true,"href":"https:\/\/mys-outlet.com\/index.php\/wp-json\/wp\/v2\/product_tag?post=6489"}],"curies":[{"name":"wp","href":"https:\/\/api.w.org\/{rel}","templated":true}]}}