{"id":6536,"date":"2022-07-08T16:31:32","date_gmt":"2022-07-08T16:31:32","guid":{"rendered":"https:\/\/mys-outlet.com\/?post_type=product&#038;p=6536"},"modified":"2023-01-06T04:42:15","modified_gmt":"2023-01-06T04:42:15","slug":"oximetro-de-pulso-dedo-5","status":"publish","type":"product","link":"https:\/\/mys-outlet.com\/index.php\/producto\/oximetro-de-pulso-dedo-5\/","title":{"rendered":"OXIMETRO DE PULSO &#8211; DEDO"},"content":{"rendered":"<p><strong>OXIMETRO DE PULSO &#8211; DEDO<\/strong><\/p>\n<p><strong>Descripci\u00f3n de la funci\u00f3n de las teclas:\u00a0<\/strong><br \/>\nEn el modo de espera, inicie el instrumento clave en el estado de funcionamiento, toque este bot\u00f3n en el estado de funcionamiento para cambiar el modo de visualizaci\u00f3n.<br \/>\nNota A: La secci\u00f3n del perfil de la m\u00e1quina es solo para uso de referencia, prevalece la especificidad en especie.<\/p>\n<p><strong>Configuraci\u00f3n de par\u00e1metros<\/strong><br \/>\nPresione el bot\u00f3n de inicio (&gt; 3s), en la configuraci\u00f3n de par\u00e1metros, como men\u00fa 1:<\/p>\n<ol>\n<li>En el men\u00fa 1, presione brevemente (&lt;1s) para cambiar la direcci\u00f3n de la interfaz Ul y presione prolongadamente para ingresar al modo de configuraci\u00f3n de ox\u00edgeno en sangre (&gt; 3s).<\/li>\n<li>Coloque el dedo en la posici\u00f3n de prueba del ox\u00edmetro y el ox\u00edmetro probar\u00e1 y mostrar\u00e1 autom\u00e1ticamente los resultados<br \/>\nAtenci\u00f3n.<\/li>\n<\/ol>\n<ul>\n<li>El uso de dispositivos al aire libre o bajo luz intensa; ajuste el brillo de la pantalla a un nivel m\u00e1s alto para una observaci\u00f3n adecuada.<\/li>\n<li>Es mejor que los usuarios elijan un brillo m\u00e1s bajo para ahorrar bater\u00eda.<\/li>\n<\/ul>\n<p>3. En el men\u00fa 2, cuando la se\u00f1al \u00ab\u00bb se muestra en la \u00abConfiguraci\u00f3n de sonidos\u00bb, presione el bot\u00f3n (&gt; 3s) y entre en el men\u00fa 1, presione el bot\u00f3n (&lt;1s) para seleccionar un elemento, y luego presione el (&gt; 3s) para configurar los datos. Elija \u00ab+\u00bb o \u00ab\u00bb para aumentar o disminuir los valores.<\/p>\n<p><strong>Instrucciones de funcionamiento:\u00a0<\/strong><br \/>\n1. Instale un par de pilas AAA en el compartimento de las pilas.<br \/>\n2. Inserte un dedo en un orificio de goma del ox\u00edmetro.<br \/>\n3. Presione el bot\u00f3n en el panel frontal para comenzar.<br \/>\n4. No sacuda el dedo ni mueva el cuerpo cuando el ox\u00edmetro est\u00e9 funcionando.<br \/>\n5. Presione el bot\u00f3n si desea cambiar la direcci\u00f3n de la pantalla.<br \/>\n6. Lea el valor relevante en la pantalla de visualizaci\u00f3n.<br \/>\n7. El dispositivo se apagar\u00e1 autom\u00e1ticamente en 8 segundos si no hay se\u00f1al de dedo.<\/p>\n<p>Al introducir el dedo en el ox\u00edmetro, la superficie de la u\u00f1a debe estar hacia arriba. Declaraci\u00f3n: Utilice alcohol para limpiar la goma antes de cada prueba y limpie el dedo arrojado con alcohol antes y despu\u00e9s de la prueba. (La goma dentro del Ox\u00edmetro es una goma que no tiene toxinas, no causa da\u00f1o y no trae efectos secundarios como alergias a la piel).<\/p>\n<p><strong>Instalaci\u00f3n de la cuerda para colgar\u00a0<\/strong><br \/>\n1. Pase el extremo delgado de la cuerda a trav\u00e9s del orificio.<br \/>\n2. Pase el extremo m\u00e1s grueso de la cuerda a trav\u00e9s de la parte delgada que ya est\u00e1 desgastada y apriete.<\/p>\n<p>Accesorios del producto<br \/>\nUn manual de usuario<br \/>\nUna tarjeta de control de calidad de cord\u00f3n<\/p>\n<p>Descripciones detalladas de las funciones del producto:<br \/>\n1. Tipo de pantalla: Pantalla OLED<br \/>\n2. SpO2: Rango de medici\u00f3n: 70% ~ 99% Precisi\u00f3n: 12% en la etapa de 809% ~ 99%; 13% en la etapa de 70% ~ 79%; Por debajo del 70% sin requisitos Resoluci\u00f3n: suelo 1%<br \/>\n3. Rango de medici\u00f3n de PR ? 30BPM ~ 240BPM Precisi\u00f3n: suelo 1BPM o t1% (el m\u00e1s grande)<br \/>\n4. Poder. dos pilas alcalinas AAA de 1,5 V<br \/>\n5. Consumo de energ\u00eda: menos de 30 mA<br \/>\n6. Apagado autom\u00e1tico. El producto se apaga solo cuando no hay ning\u00fan dedo en el producto durante 28 segundos,<br \/>\n7. Entorno de funcionamiento: Diagrama del principio de funcionamiento T1 Temperatura: 5 \u00ab? ? 40 * ? Humedad: 15% ? 80% Presi\u00f3n atmosf\u00e9rica: 70kPa- 106kPa Transporte, Ambiente de almacenamiento: Temperatura: -10 ? -55 C Humedad: s95 ?<br \/>\nPresi\u00f3n atmosf\u00e9rica: 50kPa ~ 106kPa, no corrosivo. Men\u00fa de gas y ambiente bien ventilado.<\/p>\n<p>Aqu\u00ed en MYS GROUP te garantizamos los mas altos est\u00e1ndares de calidad en la entrega de tu producto, envi\u00f3 seguro para toda Colombia, adem\u00e1s, te garantizamos el perfecto estado de tus OXIMETRO DE PULSO de entrenamiento y con esto 1 A\u00d1O de garant\u00eda por la compra de tu producto para que tus entrenamientos sean mas seguros y satisfactorios.<\/p>\n<p><a href=\"https:\/\/mysgroupcol.com\/\">MYS GROUP<\/a> trae para usted y su familia los mejores productos en distintas categor\u00edas. Por esto compre seguro con nosotros, adem\u00e1s hacemos env\u00edos a toda Colombia, cuenta con Garant\u00eda de hasta 1 a\u00f1o en varias marcas.<\/p>\n<h3>Consigue este y m\u00e1s productos de calidad con nosotros somos Importadores Directos, garantizamos el mejor precio.<\/h3>\n<p>&nbsp;<\/p>\n<ul>\n<li style=\"list-style-type: none;\">\n<ul>\n<li>Vis\u00edtanos ahora en nuestros Instagram &#8211;&gt; <a href=\"https:\/\/www.instagram.com\/mysgroupcol\/\">www.instagram.com\/mysgroupcol\/<\/a><\/li>\n<\/ul>\n<\/li>\n<\/ul>\n<ul>\n<li style=\"list-style-type: none;\">\n<ul>\n<li>Vis\u00edtanos ahora en nuestro Facebook &#8211;&gt; <a href=\"https:\/\/www.facebook.com\/mysgroupcol\">www.facebook.com\/mysgroupcol<\/a><\/li>\n<\/ul>\n<\/li>\n<\/ul>\n<ul>\n<li style=\"list-style-type: none;\">\n<ul>\n<li>Necesitas asesor\u00eda directa, escr\u00edbenos a nuestro WhatsApp &#8211;&gt; <a href=\"https:\/\/api.whatsapp.com\/send?phone=573173644411&amp;text=\">Whatsapp MYS GROUP <\/a><\/li>\n<\/ul>\n<\/li>\n<\/ul>\n<p><strong>Varios m\u00e9todos de pago disponibles \u2013 Producto Nuevo \u2013 Adem\u00e1s Env\u00edos y Pagos Seguros.<\/strong><\/p>\n<p>&nbsp;<\/p>\n","protected":false},"excerpt":{"rendered":"<p>\u2b50\ufe0fAdquiere tu producto <strong>Oximetro de Pulso-Dedo<\/strong> de manera segura por nuestra p\u00e1gina WEB, este producto cuenta con <strong>1 A\u00d1O DE GARANT\u00cdA y ENVI\u00d3 A TODA COLOMBIA.<\/strong><\/p>\n<p>&nbsp;<\/p>\n<p><strong>Compra ahora tu<\/strong> <strong>Oximetro de Pulso-Dedo<\/strong>\u00a0y rec\u00edbelo en la puerta de tu casa con tiempo de entrega:<\/p>\n<p>&nbsp;<\/p>\n<ul>\n<li>1 a 2 d\u00edas para Bogot\u00e1 o Ciudades cercanas.<\/li>\n<li>2 a 3 d\u00edas para ciudades principales.<\/li>\n<li>3 a 5 d\u00edas para ciudades y pueblos lejanos.<\/li>\n<\/ul>\n<p><strong><span role=\"image\" aria-label=\"\u2705\">\u2705<\/span>VARIOS M\u00c9TODOS DE PAGO EN EFECTIVO O CON TARJETA DEBIDO\/CR\u00c9DITO.<\/strong><\/p>\n","protected":false},"featured_media":5373,"comment_status":"open","ping_status":"closed","template":"","meta":[],"product_cat":[187,194],"product_tag":[272],"class_list":{"0":"post-6536","1":"product","2":"type-product","3":"status-publish","4":"has-post-thumbnail","6":"product_cat-cuidado-personal","7":"product_cat-proteccion-covid-19","8":"product_tag-oximetro-de-pulso-dedo","10":"first","11":"instock","12":"shipping-taxable","13":"purchasable","14":"product-type-simple"},"_links":{"self":[{"href":"https:\/\/mys-outlet.com\/index.php\/wp-json\/wp\/v2\/product\/6536","targetHints":{"allow":["GET"]}}],"collection":[{"href":"https:\/\/mys-outlet.com\/index.php\/wp-json\/wp\/v2\/product"}],"about":[{"href":"https:\/\/mys-outlet.com\/index.php\/wp-json\/wp\/v2\/types\/product"}],"replies":[{"embeddable":true,"href":"https:\/\/mys-outlet.com\/index.php\/wp-json\/wp\/v2\/comments?post=6536"}],"version-history":[{"count":0,"href":"https:\/\/mys-outlet.com\/index.php\/wp-json\/wp\/v2\/product\/6536\/revisions"}],"wp:featuredmedia":[{"embeddable":true,"href":"https:\/\/mys-outlet.com\/index.php\/wp-json\/wp\/v2\/media\/5373"}],"wp:attachment":[{"href":"https:\/\/mys-outlet.com\/index.php\/wp-json\/wp\/v2\/media?parent=6536"}],"wp:term":[{"taxonomy":"product_cat","embeddable":true,"href":"https:\/\/mys-outlet.com\/index.php\/wp-json\/wp\/v2\/product_cat?post=6536"},{"taxonomy":"product_tag","embeddable":true,"href":"https:\/\/mys-outlet.com\/index.php\/wp-json\/wp\/v2\/product_tag?post=6536"}],"curies":[{"name":"wp","href":"https:\/\/api.w.org\/{rel}","templated":true}]}}