{"id":6683,"date":"2022-07-08T16:34:32","date_gmt":"2022-07-08T16:34:32","guid":{"rendered":"https:\/\/mys-outlet.com\/?post_type=product&#038;p=6683"},"modified":"2023-01-06T04:42:27","modified_gmt":"2023-01-06T04:42:27","slug":"smart-letters-marbotic-aprendizaje-7","status":"publish","type":"product","link":"https:\/\/mys-outlet.com\/index.php\/producto\/smart-letters-marbotic-aprendizaje-7\/","title":{"rendered":"SMART LETTERS MARBOTIC APRENDIZAJE"},"content":{"rendered":"<p>Con la herramienta de aprendizaje SMART LETTERS MARBOTIC APRENDIZAJE \u00a0innovadora dise\u00f1ada por expertos en educaci\u00f3n para ayudar a los ni\u00f1os en edad preescolar a dominar las letras b\u00e1sicas. Atractivo y divertido, a su hijo le encantar\u00e1 aprender mientras juega. Compatible con su iPad y tableta Samsung.<\/p>\n<p>&nbsp;<\/p>\n<p><strong>Compra de manera segura tus PRODUCTOS EN MYS GROUP con garant\u00eda de 1 Mes, Env\u00edos a toda COLOMBIA.<\/strong><\/p>\n<p>&nbsp;<\/p>\n<h2><strong>\u00bfPor qu\u00e9 comprar SMART LETTERS MARBOTIC APRENDIZAJE MYS GROUP?<\/strong><\/h2>\n<p>Es la \u00faltima experiencia de aprendizaje para ni\u00f1os de 3 a 6 a\u00f1os de edad.<\/p>\n<p>Fomente el amor de su hijo por la lectura con las letras inteligentes en min\u00fasculas!\u00a0Observe con orgullo c\u00f3mo pasan de descubrir letras a escribir palabras y, finalmente, a escribir oraciones completas por su cuenta.<\/p>\n<p>&nbsp;<\/p>\n<p>Smart Letters Marbotic Aprendizaje\u00a0 contiene:<\/p>\n<ul>\n<li><strong>26 letras min\u00fasculas de madera interactivas<\/strong><\/li>\n<li><strong>Acceso de por vida<\/strong>\u00a0a nuestras\u00a0<strong>aplicaciones educativas galardonadas<\/strong><\/li>\n<\/ul>\n<p>Es por esto que estan Inspiradas en el m\u00e9todo Montessori, Smart Numbers ense\u00f1a a los ni\u00f1os a aprender utilizando su cerebro, sus manos y su sentimiento puedes:<\/p>\n<p>Compatible con todas las tabletas \u00a1Pads (salvo el \u00a1Pad 1). Samsung y Nexus*<br \/>\n3 aplicaciones gratuitas disponibles<br \/>\nSin wifi, sin bluetooth, sin bater\u00eda. No da\u00f1a la pantalla<\/p>\n<h3 class=\"app__header-text\">Especificaciones t\u00e9cnicas<\/h3>\n<ul>\n<li><strong>Acceso de por vida<\/strong>\u00a0a nuestras\u00a0<strong>aplicaciones educativas galardonadas<\/strong><\/li>\n<li><strong>Compatible con todas las tabletas \u00a1Pads (salvo el \u00a1Pad 1). Samsung y Nexus*<\/strong><br \/>\n<strong>3 aplicaciones gratuitas disponibles<\/strong><br \/>\n<strong>Sin wifi, sin bluetooth, sin bater\u00eda. No da\u00f1a la pantalla<\/strong><\/li>\n<\/ul>\n<p>&nbsp;<\/p>\n<p><a href=\"https:\/\/mysgroupcol.com\/\">MYS GROUP<\/a> trae para usted y su familia los mejores productos en distintas categor\u00edas. Por esto compre seguro con nosotros, adem\u00e1s hacemos env\u00edos a toda Colombia, cuenta con Garant\u00eda de hasta 1 a\u00f1o en varias marcas.<\/p>\n<h3>Consigue este y m\u00e1s productos de calidad con nosotros somos Importadores Directos, garantizamos el mejor precio.<\/h3>\n<p>&nbsp;<\/p>\n<ul>\n<li style=\"list-style-type: none;\">\n<ul>\n<li>Vis\u00edtanos ahora en nuestros Instagram &#8211;&gt; <a href=\"https:\/\/www.instagram.com\/mysgroupcol\/\">www.instagram.com\/mysgroupcol\/<\/a><\/li>\n<\/ul>\n<\/li>\n<\/ul>\n<ul>\n<li style=\"list-style-type: none;\">\n<ul>\n<li>Vis\u00edtanos ahora en nuestro Facebook &#8211;&gt; <a href=\"https:\/\/www.facebook.com\/mysgroupcol\">www.facebook.com\/mysgroupcol<\/a><\/li>\n<\/ul>\n<\/li>\n<\/ul>\n<ul>\n<li style=\"list-style-type: none;\">\n<ul>\n<li>Necesitas asesor\u00eda directa, escr\u00edbenos a nuestro WhatsApp &#8211;&gt; <a href=\"https:\/\/api.whatsapp.com\/send?phone=573173644411&amp;text=\">Whatsapp MYS GROUP <\/a><\/li>\n<\/ul>\n<\/li>\n<\/ul>\n<p><strong>Varios m\u00e9todos de pago disponibles \u2013 Producto Nuevo \u2013 Adem\u00e1s Env\u00edos y Pagos Seguros.<\/strong><\/p>\n","protected":false},"excerpt":{"rendered":"<p>\u2b50\ufe0fAdquiere tu producto <strong>SMART LETTERS<\/strong> de manera segura por nuestra p\u00e1gina WEB, este producto cuenta con 60 DIAS<strong>\u00a0DE GARANT\u00cdA y ENVI\u00d3 A TODA COLOMBIA.<\/strong><\/p>\n<p>&nbsp;<\/p>\n<p><strong>Compra ahora tu<\/strong> <strong>SMART LETTERS<\/strong>\u00a0y rec\u00edbelo en la puerta de tu casa con tiempo de entrega:<\/p>\n<p>&nbsp;<\/p>\n<ul>\n<li>1 a 2 d\u00edas para Bogot\u00e1 o Ciudades cercanas.<\/li>\n<li>2 a 3 d\u00edas para ciudades principales.<\/li>\n<li>3 a 5 d\u00edas para ciudades y pueblos lejanos.<\/li>\n<\/ul>\n<p><strong><span role=\"image\" aria-label=\"\u2705\">\u2705<\/span>VARIOS M\u00c9TODOS DE PAGO EN EFECTIVO O CON TARJETA DEBIDO\/CR\u00c9DITO.<\/strong><\/p>\n","protected":false},"featured_media":5204,"comment_status":"open","ping_status":"closed","template":"","meta":[],"product_cat":[180,164,222,182,179,208],"product_tag":[223],"class_list":{"0":"post-6683","1":"product","2":"type-product","3":"status-publish","4":"has-post-thumbnail","6":"product_cat-educativo","7":"product_cat-juguetes","8":"product_cat-marbotic-marcas","9":"product_cat-preescolar-interactivo","10":"product_cat-tecnologia","11":"product_cat-vivitar-marcas","12":"product_tag-smart-letters-marbotic-aprendizaje","13":"product_shipping_class-envio-gratis","15":"first","16":"instock","17":"shipping-taxable","18":"purchasable","19":"product-type-simple"},"_links":{"self":[{"href":"https:\/\/mys-outlet.com\/index.php\/wp-json\/wp\/v2\/product\/6683","targetHints":{"allow":["GET"]}}],"collection":[{"href":"https:\/\/mys-outlet.com\/index.php\/wp-json\/wp\/v2\/product"}],"about":[{"href":"https:\/\/mys-outlet.com\/index.php\/wp-json\/wp\/v2\/types\/product"}],"replies":[{"embeddable":true,"href":"https:\/\/mys-outlet.com\/index.php\/wp-json\/wp\/v2\/comments?post=6683"}],"version-history":[{"count":0,"href":"https:\/\/mys-outlet.com\/index.php\/wp-json\/wp\/v2\/product\/6683\/revisions"}],"wp:featuredmedia":[{"embeddable":true,"href":"https:\/\/mys-outlet.com\/index.php\/wp-json\/wp\/v2\/media\/5204"}],"wp:attachment":[{"href":"https:\/\/mys-outlet.com\/index.php\/wp-json\/wp\/v2\/media?parent=6683"}],"wp:term":[{"taxonomy":"product_cat","embeddable":true,"href":"https:\/\/mys-outlet.com\/index.php\/wp-json\/wp\/v2\/product_cat?post=6683"},{"taxonomy":"product_tag","embeddable":true,"href":"https:\/\/mys-outlet.com\/index.php\/wp-json\/wp\/v2\/product_tag?post=6683"}],"curies":[{"name":"wp","href":"https:\/\/api.w.org\/{rel}","templated":true}]}}