{"id":6768,"date":"2022-07-08T16:39:01","date_gmt":"2022-07-08T16:39:01","guid":{"rendered":"https:\/\/mys-outlet.com\/?post_type=product&#038;p=6768"},"modified":"2023-01-06T04:42:33","modified_gmt":"2023-01-06T04:42:33","slug":"combo-gamer-lvlup-tres-en-uno-teclado-mouse-diadema-33","status":"publish","type":"product","link":"https:\/\/mys-outlet.com\/index.php\/producto\/combo-gamer-lvlup-tres-en-uno-teclado-mouse-diadema-33\/","title":{"rendered":"Combo Gamer LvLup Tres en uno (Teclado, Mouse, Diadema)"},"content":{"rendered":"<p><strong>Combo Gamer LvLup &#8211; Combo Gamer LvLup Tres en uno (Teclado, Mouse, Diadema) <\/strong>Gaming Vivitar Level UPpara uso en casa u oficina para jornadas de juego, estudio y trabajo.<\/p>\n<p><strong>Compra de manera segura tus PRODUCTOS EN MYS GROUP con garant\u00eda de 6 Meses, Env\u00edos a toda COLOMBIA.<\/strong><\/p>\n<p>&nbsp;<\/p>\n<h2><strong>\u00bfPor qu\u00e9 comprar Combo Gamer LvLup Tres en uno (Teclado, Mouse, Diadema) en MYS GROUP?<\/strong><\/h2>\n<p>Dale a tu sala de juegos u oficina los accesrios que merece, Adem\u00e1s podr\u00e1s tener un excelente perif\u00e9rico de audio para tu Pc , consolas y hasta Celulares, acompa\u00f1ado de un Excelente Teclado con Luces y Mouse con Luces.<\/p>\n<p>Compatible con:<br \/>\n-PS4\/ PS4 PRO<br \/>\n-Xbox One<br \/>\n-Nintendo Switch<br \/>\n-PC<\/p>\n<p>&nbsp;<\/p>\n<h3 class=\"app__header-text\">Especificaciones t\u00e9cnicas Diadema<\/h3>\n<p><b>Caracter\u00edsticas:<\/b><\/p>\n<p>\u2022 Diadema gaming<br \/>\n\u2022 Compatible con:<br \/>\n-PS4\/ PS4 PRO<br \/>\n-Xbox One<br \/>\n-Nintendo Switch<br \/>\n-PC<br \/>\n-Celular<br \/>\n-Entra independiente MICROFONO Y AUDIO + USB<br \/>\n\u2022 Auriculares acolchados<br \/>\n\u2022 Comodidad m\u00e1xima<\/p>\n<p>Incluye:<\/p>\n<p>\u2022Diadema Gaming Level up<br \/>\n\u2022 Adaptador a doble conexi\u00f3n, 3.5 mm<\/p>\n<h3 class=\"app__header-text\">Especificaciones t\u00e9cnicas TECLADO<\/h3>\n<ul>\n<li>Conectividad USB 2.0,<\/li>\n<li>Disposici\u00f3n del teclado QWERTY (est\u00e1ndar).<\/li>\n<li>De color negro.<\/li>\n<li>Teclas silenciosas e iluminadas.<\/li>\n<\/ul>\n<h3 class=\"app__header-text\">Especificaciones t\u00e9cnicas Mouse<\/h3>\n<ul>\n<li>Dise\u00f1o Gaming.<\/li>\n<li>4 tipos de Velocidad.<\/li>\n<li>Luces led .<\/li>\n<li>C\u00f3modo para tu mano<\/li>\n<\/ul>\n<p>&nbsp;<\/p>\n<p><a href=\"https:\/\/mysgroupcol.com\/\">MYS GROUP<\/a> trae para usted y su familia los mejores productos en distintas categor\u00edas. Por esto compre seguro con nosotros, adem\u00e1s hacemos env\u00edos a toda Colombia, cuenta con Garant\u00eda de hasta 1 a\u00f1o en varias marcas.<\/p>\n<h3>Consigue este y m\u00e1s productos de calidad con nosotros somos Importadores Directos, garantizamos el mejor precio.<\/h3>\n<p>&nbsp;<\/p>\n<ul>\n<li style=\"list-style-type: none;\">\n<ul>\n<li>Vis\u00edtanos ahora en nuestros Instagram &#8211;&gt; <a href=\"https:\/\/www.instagram.com\/mysgroupcol\/\">www.instagram.com\/mysgroupcol\/<\/a><\/li>\n<\/ul>\n<\/li>\n<\/ul>\n<ul>\n<li style=\"list-style-type: none;\">\n<ul>\n<li>Vis\u00edtanos ahora en nuestro Facebook &#8211;&gt; <a href=\"https:\/\/www.facebook.com\/mysgroupcol\">www.facebook.com\/mysgroupcol<\/a><\/li>\n<\/ul>\n<\/li>\n<\/ul>\n<ul>\n<li style=\"list-style-type: none;\">\n<ul>\n<li>Necesitas asesor\u00eda directa, escr\u00edbenos a nuestro WhatsApp &#8211;&gt; <a href=\"https:\/\/api.whatsapp.com\/send?phone=573173644411&amp;text=\">Whatsapp MYS GROUP <\/a><\/li>\n<\/ul>\n<\/li>\n<\/ul>\n<p><strong>Varios m\u00e9todos de pago disponibles \u2013 Producto Nuevo \u2013 Adem\u00e1s Env\u00edos y Pagos Seguros TODA COLOMBIA.<\/strong><\/p>\n","protected":false},"excerpt":{"rendered":"<p>\u2b50\ufe0fAdquiere tu producto <strong>Combo Gamer LvLup Tres en uno (Teclado, Mouse, Diadema)<\/strong>\u00a0de manera segura por nuestra p\u00e1gina WEB, este producto cuenta con <strong>6 Meses DE GARANT\u00cdA y ENVI\u00d3 A TODA COLOMBIA.<\/strong><\/p>\n<p>&nbsp;<\/p>\n<p><strong>Compra ahora tu<\/strong> <strong>Combo Gamer LvLup Tres en uno<\/strong>\u00a0 y rec\u00edbelo en la puerta de tu casa con tiempo de entrega:<\/p>\n<p>&nbsp;<\/p>\n<ul>\n<li>1 a 2 d\u00edas para Bogot\u00e1 o Ciudades cercanas.<\/li>\n<li>2 a 3 d\u00edas para ciudades principales.<\/li>\n<li>3 a 5 d\u00edas para ciudades y pueblos lejanos.<\/li>\n<\/ul>\n<p><strong><span role=\"image\" aria-label=\"\u2705\">\u2705<\/span>VARIOS M\u00c9TODOS DE PAGO EN EFECTIVO O CON TARJETA DEBIDO\/CR\u00c9DITO.<\/strong><\/p>\n","protected":false},"featured_media":5556,"comment_status":"open","ping_status":"closed","template":"","meta":[],"product_cat":[198,179],"product_tag":[321],"class_list":{"0":"post-6768","1":"product","2":"type-product","3":"status-publish","4":"has-post-thumbnail","6":"product_cat-gamers","7":"product_cat-tecnologia","8":"product_tag-combo-gamer-lvlup-tres-en-uno","10":"first","11":"instock","12":"shipping-taxable","13":"purchasable","14":"product-type-simple"},"_links":{"self":[{"href":"https:\/\/mys-outlet.com\/index.php\/wp-json\/wp\/v2\/product\/6768","targetHints":{"allow":["GET"]}}],"collection":[{"href":"https:\/\/mys-outlet.com\/index.php\/wp-json\/wp\/v2\/product"}],"about":[{"href":"https:\/\/mys-outlet.com\/index.php\/wp-json\/wp\/v2\/types\/product"}],"replies":[{"embeddable":true,"href":"https:\/\/mys-outlet.com\/index.php\/wp-json\/wp\/v2\/comments?post=6768"}],"version-history":[{"count":0,"href":"https:\/\/mys-outlet.com\/index.php\/wp-json\/wp\/v2\/product\/6768\/revisions"}],"wp:featuredmedia":[{"embeddable":true,"href":"https:\/\/mys-outlet.com\/index.php\/wp-json\/wp\/v2\/media\/5556"}],"wp:attachment":[{"href":"https:\/\/mys-outlet.com\/index.php\/wp-json\/wp\/v2\/media?parent=6768"}],"wp:term":[{"taxonomy":"product_cat","embeddable":true,"href":"https:\/\/mys-outlet.com\/index.php\/wp-json\/wp\/v2\/product_cat?post=6768"},{"taxonomy":"product_tag","embeddable":true,"href":"https:\/\/mys-outlet.com\/index.php\/wp-json\/wp\/v2\/product_tag?post=6768"}],"curies":[{"name":"wp","href":"https:\/\/api.w.org\/{rel}","templated":true}]}}