{"id":6831,"date":"2022-07-08T16:43:12","date_gmt":"2022-07-08T16:43:12","guid":{"rendered":"https:\/\/mys-outlet.com\/?post_type=product&#038;p=6831"},"modified":"2023-01-06T04:42:38","modified_gmt":"2023-01-06T04:42:38","slug":"varita-para-rizar-075-a-125-vivitar-8","status":"publish","type":"product","link":"https:\/\/mys-outlet.com\/index.php\/producto\/varita-para-rizar-075-a-125-vivitar-8\/","title":{"rendered":"Varita Para Rizar 0,75 A 1,25 VIVITAR"},"content":{"rendered":"<p><strong>Varita Para Rizar De 0,75 \u00abA 1,25\u00bb VIVITAR<\/strong><\/p>\n<p>Rizador para pelo de 0.75\u2033 a 1\u2033, dise\u00f1o cil\u00edndrico para rizos duraderos, para todo tipo de cabello, incluye guante de protecci\u00f3n, reduce friz y est\u00e1tica, 30 segundos de calentamiento, 400\u00baF (204\u00ba Cent\u00edgrados), cable anti enredos en espiral de 6ft (1.8 mts), 110-20 voltios.<\/p>\n<p><strong>Compra de manera segura tus PRODUCTOS EN MYS GROUP con garant\u00eda de 1 A\u00f1o, Env\u00edos a toda COLOMBIA.<\/strong><\/p>\n<h2><strong>\u00bfPor qu\u00e9 comprar Varita Para Rizar De 0,75 \u00abA 1,25\u00bb VIVITAR en MYS GROUP?<\/strong><\/h2>\n<p>Te ofrecemos un envi\u00f3 seguro para que nada le pueda suceder a tu producto, adem\u00e1s, te garantizamos calidad y funcionamiento del producto completo,\u00a0 te damos\u00a0 1 A\u00d1O de garant\u00eda en tu rodillo de belleza el\u00e9ctrico de cuarzo.<\/p>\n<p><strong>Especificaciones t\u00e9cnicas<\/strong><\/p>\n<ul>\n<li>Rizado de pelo de 0.75\u2033 a 1\u2033.<\/li>\n<li>Dise\u00f1o cil\u00edndrico para rizos duraderos.<\/li>\n<li>Para todo tipo de cabello.<\/li>\n<li>Incluye guante de protecci\u00f3n.<\/li>\n<li>Reduce friz y est\u00e1tica.<\/li>\n<li>30 segundos de calentamiento.<\/li>\n<li>400\u00baF (204\u00ba Cent\u00edgrados).<\/li>\n<li>Cable anti enredos en espiral de 6ft (1.8 mts), 110-20 voltios.<\/li>\n<\/ul>\n<p><a href=\"https:\/\/mysgroupcol.com\/\">MYS GROUP<\/a>\u00a0trae para usted y su familia los mejores productos en distintas categor\u00edas. Por esto compre seguro con nosotros, adem\u00e1s hacemos env\u00edos a toda Colombia, cuenta con Garant\u00eda de hasta 1 a\u00f1o en varias marcas.<\/p>\n<p><strong>Consigue este y m\u00e1s productos de calidad con nosotros somos Importadores Directos, garantizamos el mejor precio.<\/strong><\/p>\n<ul>\n<li style=\"list-style-type: none;\">\n<ul>\n<li>Vis\u00edtanos ahora en nuestros Instagram \u2013&gt;\u00a0<a href=\"https:\/\/www.instagram.com\/mysgroupcol\/\">www.instagram.com\/mysgroupcol\/<\/a><\/li>\n<\/ul>\n<\/li>\n<\/ul>\n<ul>\n<li style=\"list-style-type: none;\">\n<ul>\n<li>Vis\u00edtanos ahora en nuestro Facebook \u2013&gt;\u00a0<a href=\"https:\/\/www.facebook.com\/mysgroupcol\">www.facebook.com\/mysgroupcol<\/a><\/li>\n<\/ul>\n<\/li>\n<\/ul>\n<ul>\n<li style=\"list-style-type: none;\">\n<ul>\n<li>Necesitas asesor\u00eda directa, escr\u00edbenos a nuestro WhatsApp \u2013&gt;\u00a0<a href=\"https:\/\/api.whatsapp.com\/send?phone=573173644411&amp;text=\">Whatsapp MYS GROUP<\/a><\/li>\n<\/ul>\n<\/li>\n<\/ul>\n<p><strong>Varios m\u00e9todos de pago disponibles \u2013 Producto Nuevo \u2013 Adem\u00e1s Env\u00edos y Pagos Seguros.<\/strong><\/p>\n","protected":false},"excerpt":{"rendered":"<p><strong>Varita Para Rizar De 0,75 \u00abA 1,25\u00bb VIVITAR<\/strong><\/p>\n<p>Adquiere tu producto\u00a0<strong>Varita Para Rizar De 0,75 \u00abA 1,25&#8243;VIVITAR <\/strong>de manera segura por nuestra p\u00e1gina WEB, este producto cuenta con\u00a0<strong>1 A\u00d1O DE GARANT\u00cdA y ENVI\u00d3 A TODA COLOMBIA.<\/strong><\/p>\n<p>&nbsp;<\/p>\n<p><strong>Varita Para Rizar De 0,75 \u00abA 1,25\u00bb VIVITAR <\/strong>y rec\u00edbelo en la puerta de tu casa con tiempo de entrega:<\/p>\n<p>&nbsp;<\/p>\n<ul>\n<li>1 a 2 d\u00edas para Bogot\u00e1 o Ciudades cercanas.<\/li>\n<li>2 a 3 d\u00edas para ciudades principales.<\/li>\n<li>3 a 5 d\u00edas para ciudades y pueblos lejanos.<\/li>\n<\/ul>\n<p><strong>VARIOS M\u00c9TODOS DE PAGO EN EFECTIVO O CON TARJETA DEBIDO\/CR\u00c9DITO.<\/strong><\/p>\n","protected":false},"featured_media":5722,"comment_status":"open","ping_status":"closed","template":"","meta":[],"product_cat":[193,187,192],"product_tag":[331,330,329],"class_list":{"0":"post-6831","1":"product","2":"type-product","3":"status-publish","4":"has-post-thumbnail","6":"product_cat-cuidado-del-cabello","7":"product_cat-cuidado-personal","8":"product_cat-mujer","9":"product_tag-25-vivitar","10":"product_tag-75-a-1","11":"product_tag-varita-para-rizar-0","13":"first","14":"instock","15":"shipping-taxable","16":"purchasable","17":"product-type-simple"},"_links":{"self":[{"href":"https:\/\/mys-outlet.com\/index.php\/wp-json\/wp\/v2\/product\/6831","targetHints":{"allow":["GET"]}}],"collection":[{"href":"https:\/\/mys-outlet.com\/index.php\/wp-json\/wp\/v2\/product"}],"about":[{"href":"https:\/\/mys-outlet.com\/index.php\/wp-json\/wp\/v2\/types\/product"}],"replies":[{"embeddable":true,"href":"https:\/\/mys-outlet.com\/index.php\/wp-json\/wp\/v2\/comments?post=6831"}],"version-history":[{"count":0,"href":"https:\/\/mys-outlet.com\/index.php\/wp-json\/wp\/v2\/product\/6831\/revisions"}],"wp:featuredmedia":[{"embeddable":true,"href":"https:\/\/mys-outlet.com\/index.php\/wp-json\/wp\/v2\/media\/5722"}],"wp:attachment":[{"href":"https:\/\/mys-outlet.com\/index.php\/wp-json\/wp\/v2\/media?parent=6831"}],"wp:term":[{"taxonomy":"product_cat","embeddable":true,"href":"https:\/\/mys-outlet.com\/index.php\/wp-json\/wp\/v2\/product_cat?post=6831"},{"taxonomy":"product_tag","embeddable":true,"href":"https:\/\/mys-outlet.com\/index.php\/wp-json\/wp\/v2\/product_tag?post=6831"}],"curies":[{"name":"wp","href":"https:\/\/api.w.org\/{rel}","templated":true}]}}