{"id":6878,"date":"2022-07-08T16:46:57","date_gmt":"2022-07-08T16:46:57","guid":{"rendered":"https:\/\/mys-outlet.com\/?post_type=product&#038;p=6878"},"modified":"2023-01-06T04:42:43","modified_gmt":"2023-01-06T04:42:43","slug":"kit-todo-en-uno-ultimate-vivitar-12","status":"publish","type":"product","link":"https:\/\/mys-outlet.com\/index.php\/producto\/kit-todo-en-uno-ultimate-vivitar-12\/","title":{"rendered":"Kit Todo en Uno Ultimate VIVITAR"},"content":{"rendered":"<p><strong>Kit Todo en Uno Ultimate VIVITAR<\/strong><\/p>\n<p>El kit Vivitar recortadora de pelo todo en 1, peine, aceite para cortadora, gu\u00eda de 1\/8&#8243;, gu\u00eda de 3\/8&#8243;, tijeras, cepillo de limpieza, gu\u00eda de recorte de 1\/4&#8243;, gu\u00eda de recorte de 1\/2&#8243;, motores potentes, 4 recortes gu\u00edas, tapas protectoras, recortadora de cabello con cable, mini recortadora sin cable, recortadora de nariz sin cable.<\/p>\n<p><strong>Compra de manera segura TU PRODUCTOS EN MYS GROUP con garant\u00eda de 1 A\u00f1o, Env\u00edos a toda COLOMBIA.<\/strong><\/p>\n<h2><strong>\u00bfPor qu\u00e9 comprar Kit Todo en Uno Ultimate VIVITAR en MYS GROUP?<\/strong><\/h2>\n<p>Te ofrecemos un envi\u00f3 seguro para que nada le pueda suceder a tu producto, adem\u00e1s, te garantizamos calidad y funcionamiento del producto completo,\u00a0te damos\u00a01 A\u00d1O de garant\u00eda en tu rodillo de belleza el\u00e9ctrico de cuarzo.<\/p>\n<p><strong>Especificaciones t\u00e9cnicas<\/strong><\/p>\n<ul>\n<li>peine, aceite para cortadora.<\/li>\n<li>gu\u00eda de 1\/8&#8243;.<\/li>\n<li>gu\u00eda de 3\/8&#8243;.<\/li>\n<li>Tijeras.<\/li>\n<li>cepillo de limpieza.<\/li>\n<li>gu\u00eda de recorte de 1\/4&#8243;.<\/li>\n<li>gu\u00eda de recorte de 1\/2&#8243;.<\/li>\n<li>motores potentes.<\/li>\n<li>4 recortes gu\u00edas.<\/li>\n<li>tapas protectoras.<\/li>\n<li>recortadora de cabello con cable.<\/li>\n<li>mini recortadora sin cable.<\/li>\n<li>recortadora de nariz sin cable.<\/li>\n<\/ul>\n<p><a href=\"https:\/\/mysgroupcol.com\/\">MYS GROUP<\/a>\u00a0trae para usted y su familia los mejores productos en distintas categor\u00edas. Por esto compre seguro con nosotros, adem\u00e1s hacemos env\u00edos a toda Colombia, cuenta con Garant\u00eda de hasta 1 a\u00f1o en varias marcas.<\/p>\n<p><strong>Consigue este y m\u00e1s productos de calidad con nosotros somos Importadores Directos, garantizamos el mejor precio.<\/strong><\/p>\n<ul>\n<li style=\"list-style-type: none;\">\n<ul>\n<li>Vis\u00edtanos ahora en nuestros Instagram \u2013&gt;\u00a0<a href=\"https:\/\/www.instagram.com\/mysgroupcol\/\">www.instagram.com\/mysgroupcol\/<\/a><\/li>\n<\/ul>\n<\/li>\n<\/ul>\n<ul>\n<li style=\"list-style-type: none;\">\n<ul>\n<li>Vis\u00edtanos ahora en nuestro Facebook \u2013&gt;\u00a0<a href=\"https:\/\/www.facebook.com\/mysgroupcol\">www.facebook.com\/mysgroupcol<\/a><\/li>\n<\/ul>\n<\/li>\n<\/ul>\n<ul>\n<li style=\"list-style-type: none;\">\n<ul>\n<li>Necesitas asesor\u00eda directa, escr\u00edbenos a nuestro WhatsApp \u2013&gt;\u00a0<a href=\"https:\/\/api.whatsapp.com\/send?phone=573173644411&amp;text=\">Whatsapp MYS GROUP<\/a><\/li>\n<\/ul>\n<\/li>\n<\/ul>\n<p><strong>Varios m\u00e9todos de pago disponibles \u2013 Producto Nuevo \u2013 Adem\u00e1s Env\u00edos y Pagos Seguros.<\/strong><\/p>\n","protected":false},"excerpt":{"rendered":"<p><strong>Kit Todo en 1 Ultimate VIVITAR<\/strong><\/p>\n<p>Adquiere tu producto\u00a0<strong>Kit Todo en 1 Ultimate VIVITAR <\/strong>de manera segura por nuestra p\u00e1gina WEB, este producto cuenta con\u00a0<strong>1 A\u00d1O DE GARANT\u00cdA y ENVI\u00d3 A TODA COLOMBIA.<\/strong><\/p>\n<p><strong>Kit Todo en 1 Ultimate VIVITAR<\/strong>y rec\u00edbelo en la puerta de tu casa con tiempo de entrega:<\/p>\n<ul>\n<li>1 a 2 d\u00edas para Bogot\u00e1 o Ciudades cercanas.<\/li>\n<li>2 a 3 d\u00edas para ciudades principales.<\/li>\n<li>3 a 5 d\u00edas para ciudades y pueblos lejanos.<\/li>\n<\/ul>\n<p><strong>VARIOS M\u00c9TODOS DE PAGO EN EFECTIVO O CON TARJETA DEBIDO\/CR\u00c9DITO.<\/strong><\/p>\n","protected":false},"featured_media":5737,"comment_status":"open","ping_status":"closed","template":"","meta":[],"product_cat":[191,193,187,189],"product_tag":[336],"class_list":{"0":"post-6878","1":"product","2":"type-product","3":"status-publish","4":"has-post-thumbnail","6":"product_cat-cuidado-corporal","7":"product_cat-cuidado-del-cabello","8":"product_cat-cuidado-personal","9":"product_cat-hombre","10":"product_tag-kit-todo-en-uno-ultimate-vivitar","12":"first","13":"instock","14":"shipping-taxable","15":"purchasable","16":"product-type-simple"},"_links":{"self":[{"href":"https:\/\/mys-outlet.com\/index.php\/wp-json\/wp\/v2\/product\/6878","targetHints":{"allow":["GET"]}}],"collection":[{"href":"https:\/\/mys-outlet.com\/index.php\/wp-json\/wp\/v2\/product"}],"about":[{"href":"https:\/\/mys-outlet.com\/index.php\/wp-json\/wp\/v2\/types\/product"}],"replies":[{"embeddable":true,"href":"https:\/\/mys-outlet.com\/index.php\/wp-json\/wp\/v2\/comments?post=6878"}],"version-history":[{"count":0,"href":"https:\/\/mys-outlet.com\/index.php\/wp-json\/wp\/v2\/product\/6878\/revisions"}],"wp:featuredmedia":[{"embeddable":true,"href":"https:\/\/mys-outlet.com\/index.php\/wp-json\/wp\/v2\/media\/5737"}],"wp:attachment":[{"href":"https:\/\/mys-outlet.com\/index.php\/wp-json\/wp\/v2\/media?parent=6878"}],"wp:term":[{"taxonomy":"product_cat","embeddable":true,"href":"https:\/\/mys-outlet.com\/index.php\/wp-json\/wp\/v2\/product_cat?post=6878"},{"taxonomy":"product_tag","embeddable":true,"href":"https:\/\/mys-outlet.com\/index.php\/wp-json\/wp\/v2\/product_tag?post=6878"}],"curies":[{"name":"wp","href":"https:\/\/api.w.org\/{rel}","templated":true}]}}