{"id":6902,"date":"2022-07-08T16:51:11","date_gmt":"2022-07-08T16:51:11","guid":{"rendered":"https:\/\/mys-outlet.com\/?post_type=product&#038;p=6902"},"modified":"2023-01-06T04:42:46","modified_gmt":"2023-01-06T04:42:46","slug":"camara-accion-dig-5-1-mp-frozen-2","status":"publish","type":"product","link":"https:\/\/mys-outlet.com\/index.php\/producto\/camara-accion-dig-5-1-mp-frozen-2\/","title":{"rendered":"C\u00e1mara Acci\u00f3n Dig.5.1 MP Frozen"},"content":{"rendered":"<p>C\u00e1mara Acci\u00f3n Dig.5.1 MP Frozen<\/p>\n<p>C\u00e1mara de Acci\u00f3n, Pantalla Pre visualizaci\u00f3n Digital Touch 1.8&#8243;. HD 720p. 5.1 Megapixeles\u00a0 Bater\u00eda de I\u00f3n-Litio Integrada Soporta tarjeta Micro SD hasta 32 GB (No incluida)\u00a0 Incluye kit: Carcasa resistente al agua hasta 3 metros. Soporte Casco. Soporte Bicicleta. Cable USB<\/p>\n<p><strong>Compra de manera segura tus PRODUCTOS EN MYS GROUP con garant\u00eda de 1 A\u00f1o, Env\u00edos a toda COLOMBIA.<\/strong><\/p>\n<h2>\u00bfPor qu\u00e9 comprar C\u00e1mara Acci\u00f3n Dig.5.1 MP Frozen en MYS GROUP?<\/h2>\n<p>Aqu\u00ed en MYS GROUP te garantizamos los mas altos est\u00e1ndares de calidad en la entrega de tu producto, envi\u00f3 seguro para toda Colombia, adem\u00e1s, te garantizamos el perfecto estado de tu C\u00e1mara Acci\u00f3n Frozen y con esto 1 A\u00d1O de garant\u00eda por la compra de tu producto.<\/p>\n<h3 class=\"app__header-text\">Especificaciones t\u00e9cnicas<\/h3>\n<ul>\n<li>C\u00e1mara de Acci\u00f3n<\/li>\n<li>Pantalla Pre visualizaci\u00f3n Digital Touch 1.8&#8243;. HD 720p.<\/li>\n<li>5.1 Megapixeles<\/li>\n<li>Bater\u00eda de I\u00f3n-Litio Integrada<\/li>\n<li>Soporta tarjeta Micro SD hasta 32 GB (No incluida)<\/li>\n<li>Incluye kit: Carcasa resistente al agua hasta 3 metros. Soporte Casco. Soporte Bicicleta.<\/li>\n<li>Cable USB<\/li>\n<\/ul>\n<h3 class=\"app__header-text\"><a style=\"font-size: 14px;\" href=\"https:\/\/mysgroupcol.com\/\">MYS GROUP<\/a><span style=\"font-size: 14px; color: #666666;\"> trae para usted y su familia los mejores productos en distintas categor\u00edas. Por esto compre seguro con nosotros, adem\u00e1s hacemos env\u00edos a toda Colombia, cuenta con Garant\u00eda de hasta 1 a\u00f1o en varias marcas.<\/span><\/h3>\n<h3>Consigue este y m\u00e1s productos de calidad con nosotros somos Importadores Directos, garantizamos el mejor precio.<\/h3>\n<p>&nbsp;<\/p>\n<ul>\n<li style=\"list-style-type: none;\">\n<ul>\n<li>Vis\u00edtanos ahora en nuestros Instagram &#8211;&gt; <a href=\"https:\/\/www.instagram.com\/mysgroupcol\/\">www.instagram.com\/mysgroupcol\/<\/a><\/li>\n<\/ul>\n<\/li>\n<\/ul>\n<ul>\n<li style=\"list-style-type: none;\">\n<ul>\n<li>Vis\u00edtanos ahora en nuestro Facebook &#8211;&gt; <a href=\"https:\/\/www.facebook.com\/mysgroupcol\">www.facebook.com\/mysgroupcol<\/a><\/li>\n<\/ul>\n<\/li>\n<\/ul>\n<ul>\n<li style=\"list-style-type: none;\">\n<ul>\n<li>Necesitas asesor\u00eda directa, escr\u00edbenos a nuestro WhatsApp &#8211;&gt; <a href=\"https:\/\/api.whatsapp.com\/send?phone=573173644411&amp;text=\">Whatsapp MYS GROUP <\/a><\/li>\n<\/ul>\n<\/li>\n<\/ul>\n<p><strong>Varios m\u00e9todos de pago disponibles \u2013 Producto Nuevo \u2013 Adem\u00e1s Env\u00edos y Pagos Seguros.<\/strong><\/p>\n","protected":false},"excerpt":{"rendered":"<p>\u2b50\ufe0fAdquiere tu producto <strong>Camara Accion Dig.5.1 MP Frozen<\/strong> de manera segura por nuestra p\u00e1gina WEB, este producto cuenta con <strong>1 A\u00d1O DE GARANT\u00cdA y ENVI\u00d3 A TODA COLOMBIA.<\/strong><\/p>\n<p>&nbsp;<\/p>\n<p><strong>Compra ahora tu<\/strong> <strong>Camara Accion Dig.5.1 MP Frozen<\/strong>\u00a0y rec\u00edbelo en la puerta de tu casa con tiempo de entrega:<\/p>\n<p>&nbsp;<\/p>\n<ul>\n<li>1 a 2 d\u00edas para Bogot\u00e1 o Ciudades cercanas.<\/li>\n<li>2 a 3 d\u00edas para ciudades principales.<\/li>\n<li>3 a 5 d\u00edas para ciudades y pueblos lejanos.<\/li>\n<\/ul>\n<p><strong><span role=\"image\" aria-label=\"\u2705\">\u2705<\/span>VARIOS M\u00c9TODOS DE PAGO EN EFECTIVO O CON TARJETA DEBIDO\/CR\u00c9DITO.<\/strong><\/p>\n","protected":false},"featured_media":5210,"comment_status":"open","ping_status":"closed","template":"","meta":[],"product_cat":[183,184,164,207,179,208],"product_tag":[227],"class_list":{"0":"post-6902","1":"product","2":"type-product","3":"status-publish","4":"has-post-thumbnail","6":"product_cat-camara","7":"product_cat-disney-tecnologia","8":"product_cat-juguetes","9":"product_cat-sakar-marcas","10":"product_cat-tecnologia","11":"product_cat-vivitar-marcas","12":"product_tag-camara-accion-dig-5-1-mp-frozen","13":"product_shipping_class-producto-pequeno","15":"first","16":"instock","17":"shipping-taxable","18":"purchasable","19":"product-type-simple"},"_links":{"self":[{"href":"https:\/\/mys-outlet.com\/index.php\/wp-json\/wp\/v2\/product\/6902","targetHints":{"allow":["GET"]}}],"collection":[{"href":"https:\/\/mys-outlet.com\/index.php\/wp-json\/wp\/v2\/product"}],"about":[{"href":"https:\/\/mys-outlet.com\/index.php\/wp-json\/wp\/v2\/types\/product"}],"replies":[{"embeddable":true,"href":"https:\/\/mys-outlet.com\/index.php\/wp-json\/wp\/v2\/comments?post=6902"}],"version-history":[{"count":0,"href":"https:\/\/mys-outlet.com\/index.php\/wp-json\/wp\/v2\/product\/6902\/revisions"}],"wp:featuredmedia":[{"embeddable":true,"href":"https:\/\/mys-outlet.com\/index.php\/wp-json\/wp\/v2\/media\/5210"}],"wp:attachment":[{"href":"https:\/\/mys-outlet.com\/index.php\/wp-json\/wp\/v2\/media?parent=6902"}],"wp:term":[{"taxonomy":"product_cat","embeddable":true,"href":"https:\/\/mys-outlet.com\/index.php\/wp-json\/wp\/v2\/product_cat?post=6902"},{"taxonomy":"product_tag","embeddable":true,"href":"https:\/\/mys-outlet.com\/index.php\/wp-json\/wp\/v2\/product_tag?post=6902"}],"curies":[{"name":"wp","href":"https:\/\/api.w.org\/{rel}","templated":true}]}}