{"id":6904,"date":"2022-07-08T16:51:12","date_gmt":"2022-07-08T16:51:12","guid":{"rendered":"https:\/\/mys-outlet.com\/?post_type=product&#038;p=6904"},"modified":"2023-01-06T04:42:46","modified_gmt":"2023-01-06T04:42:46","slug":"audifono-frozen-stickers-2","status":"publish","type":"product","link":"https:\/\/mys-outlet.com\/index.php\/producto\/audifono-frozen-stickers-2\/","title":{"rendered":"Audifono Frozen Stickers"},"content":{"rendered":"<p><strong>Audifono Frozen Stickers<\/strong><\/p>\n<p>Aud\u00edfono con stickers para dise\u00f1arlos. Tecnolog\u00eda segura que limita el volumen, cable plano reforzado no se enreda, micr\u00f3fono incorporado.<br \/>\nContiene 6 pares de stickers para personalizar, 6 almohadillas de silicona para ajuste perfecto.<\/p>\n<ul>\n<li style=\"list-style-type: none;\">\n<ul>\n<li>Cable plano reforzado no se enreda, micr\u00f3fono incorporado.<\/li>\n<\/ul>\n<\/li>\n<\/ul>\n<ul>\n<li style=\"list-style-type: none;\">\n<ul>\n<li>Contiene 6 pares de stickers para personalizar.<\/li>\n<\/ul>\n<\/li>\n<\/ul>\n<ul>\n<li style=\"list-style-type: none;\">\n<ul>\n<li>6 almohadillas de silicona para ajuste perfecto.<\/li>\n<\/ul>\n<\/li>\n<\/ul>\n<ul>\n<li style=\"list-style-type: none;\">\n<ul>\n<li>Un excelente regalo para ni\u00f1os y ni\u00f1as.<\/li>\n<\/ul>\n<\/li>\n<\/ul>\n<ul>\n<li style=\"list-style-type: none;\">\n<ul>\n<li>Revisa m\u00e1s productos como este en <a href=\"https:\/\/mysgroupcol.com\/categoria-producto\/tecnologia\/audifonos\/\">Aud\u00edfonos MYS GROUP<\/a><\/li>\n<\/ul>\n<\/li>\n<\/ul>\n<p><strong>Compra de manera segura tus PRODUCTOS EN MYS GROUP con garant\u00eda de 1 Mes, Env\u00edos a toda COLOMBIA.<\/strong><\/p>\n<p>Sin embargo, como sucede con unos auriculares est\u00e1ndar, en unos auriculares para ni\u00f1os es importante que ofrezcan un dise\u00f1o c\u00f3modo, ergon\u00f3mico adem\u00e1s calidad de sonido aceptable.<\/p>\n<p>Por otro lado cuidando siempre, no llegar a sonidos tan altos o frecuencias altas. En otras palabras, limitar las altas frecuencias que deterioran el o\u00eddo de los ni\u00f1os.<\/p>\n<h2><strong>\u00bfPor qu\u00e9 comprar Audifono Frozen Stickers en MYS GROUP?<\/strong><\/h2>\n<p>Un excelente regalo para ni\u00f1os y ni\u00f1as son los productos personalizables de\u00a0 personajes animados, este producto <strong>Aud\u00edfonos Princesas sticker ni\u00f1as<\/strong> cuenta con varios personajes de PRICESAS en forma de Sticker.<\/p>\n<p>Es por esto que con este juguete tecnol\u00f3gico podr\u00e1n disponer de unos aud\u00edfonos de calidad en cuanto al sonido y su resistencia.<\/p>\n<h3>Una opci\u00f3n v\u00e1lida como regalo u obsequio.<\/h3>\n<p>Sin duda es com\u00fan que los ni\u00f1os de ahora cuenten con aparatos tecnol\u00f3gicos como reproductores de m\u00fasica y tabletas digitales.<\/p>\n<p><a href=\"https:\/\/mysgroupcol.com\/\">MYS GROUP<\/a> trae para usted y su familia los mejores productos en distintas categor\u00edas. Compre seguro con nosotros, adem\u00e1s hacemos env\u00edos a toda Colombia, cuenta con Garant\u00eda de hasta 1 a\u00f1o en varias marcas.<\/p>\n<h3>Consigue este y m\u00e1s productos de calidad con nosotros somos Importadores Directos, garantizamos el mejor precio.<\/h3>\n<p>&nbsp;<\/p>\n<ul>\n<li style=\"list-style-type: none;\">\n<ul>\n<li>Vis\u00edtanos ahora en nuestros Instagram &#8211;&gt; <a href=\"https:\/\/www.instagram.com\/mysgroupcol\/\">www.instagram.com\/mysgroupcol\/<\/a><\/li>\n<\/ul>\n<\/li>\n<\/ul>\n<ul>\n<li style=\"list-style-type: none;\">\n<ul>\n<li>Vis\u00edtanos ahora en nuestro Facebook &#8211;&gt; <a href=\"https:\/\/www.facebook.com\/mysgroupcol\">www.facebook.com\/mysgroupcol<\/a><\/li>\n<\/ul>\n<\/li>\n<\/ul>\n<ul>\n<li style=\"list-style-type: none;\">\n<ul>\n<li>Necesitas asesor\u00eda directa, escr\u00edbenos a nuestro WhatsApp &#8211;&gt; <a href=\"https:\/\/api.whatsapp.com\/send?phone=573173644411&amp;text=\">Whatsapp MYS GROUP <\/a><\/li>\n<\/ul>\n<\/li>\n<\/ul>\n<p><strong>Varios m\u00e9todos de pago disponibles \u2013 Producto Nuevo \u2013 Adem\u00e1s Env\u00edos y Pagos Seguros.<\/strong><\/p>\n<p>&nbsp;<\/p>\n","protected":false},"excerpt":{"rendered":"<p>\u2b50\ufe0fAdquiere tu producto <strong>Audifono Frozen Stickers<\/strong> de manera segura por nuestra p\u00e1gina WEB, este producto cuenta con <strong>1 A\u00d1O DE GARANT\u00cdA y ENVI\u00d3 A TODA COLOMBIA.<\/strong><\/p>\n<p>&nbsp;<\/p>\n<p><strong>Compra ahora tu<\/strong> <strong>Audifono Frozen Stickers<\/strong>\u00a0y rec\u00edbelo en la puerta de tu casa con tiempo de entrega:<\/p>\n<p>&nbsp;<\/p>\n<ul>\n<li>1 a 2 d\u00edas para Bogot\u00e1 o Ciudades cercanas.<\/li>\n<li>2 a 3 d\u00edas para ciudades principales.<\/li>\n<li>3 a 5 d\u00edas para ciudades y pueblos lejanos.<\/li>\n<\/ul>\n<p><strong><span role=\"image\" aria-label=\"\u2705\">\u2705<\/span>VARIOS M\u00c9TODOS DE PAGO EN EFECTIVO O CON TARJETA DEBIDO\/CR\u00c9DITO.<\/strong><\/p>\n","protected":false},"featured_media":5220,"comment_status":"open","ping_status":"closed","template":"","meta":[],"product_cat":[185,184,179],"product_tag":[229],"class_list":{"0":"post-6904","1":"product","2":"type-product","3":"status-publish","4":"has-post-thumbnail","6":"product_cat-audifonos","7":"product_cat-disney-tecnologia","8":"product_cat-tecnologia","9":"product_tag-audifono-frozen-stickers","10":"product_shipping_class-producto-pequeno","12":"first","13":"instock","14":"shipping-taxable","15":"purchasable","16":"product-type-simple"},"_links":{"self":[{"href":"https:\/\/mys-outlet.com\/index.php\/wp-json\/wp\/v2\/product\/6904","targetHints":{"allow":["GET"]}}],"collection":[{"href":"https:\/\/mys-outlet.com\/index.php\/wp-json\/wp\/v2\/product"}],"about":[{"href":"https:\/\/mys-outlet.com\/index.php\/wp-json\/wp\/v2\/types\/product"}],"replies":[{"embeddable":true,"href":"https:\/\/mys-outlet.com\/index.php\/wp-json\/wp\/v2\/comments?post=6904"}],"version-history":[{"count":0,"href":"https:\/\/mys-outlet.com\/index.php\/wp-json\/wp\/v2\/product\/6904\/revisions"}],"wp:featuredmedia":[{"embeddable":true,"href":"https:\/\/mys-outlet.com\/index.php\/wp-json\/wp\/v2\/media\/5220"}],"wp:attachment":[{"href":"https:\/\/mys-outlet.com\/index.php\/wp-json\/wp\/v2\/media?parent=6904"}],"wp:term":[{"taxonomy":"product_cat","embeddable":true,"href":"https:\/\/mys-outlet.com\/index.php\/wp-json\/wp\/v2\/product_cat?post=6904"},{"taxonomy":"product_tag","embeddable":true,"href":"https:\/\/mys-outlet.com\/index.php\/wp-json\/wp\/v2\/product_tag?post=6904"}],"curies":[{"name":"wp","href":"https:\/\/api.w.org\/{rel}","templated":true}]}}