{"id":6992,"date":"2022-07-08T17:00:07","date_gmt":"2022-07-08T17:00:07","guid":{"rendered":"https:\/\/mys-outlet.com\/?post_type=product&#038;p=6992"},"modified":"2023-01-06T04:42:53","modified_gmt":"2023-01-06T04:42:53","slug":"audifonos-airvibes-pro-vivitar-5","status":"publish","type":"product","link":"https:\/\/mys-outlet.com\/index.php\/producto\/audifonos-airvibes-pro-vivitar-5\/","title":{"rendered":"AUDIFONOS AIRVIBES PRO VIVITAR"},"content":{"rendered":"<p><strong>AUDIFONOS AIRVIBES PRO VIVITAR. <\/strong>Aud\u00edfonos Bluetooth con estuche de carga que brinda hasta 4 cargas adicionales; auriculares sin cables entre ellos. Bater\u00eda recargable, luz indicadora de carga y de conexi\u00f3n. Control de m\u00fasica y llamadas desde auricular. Con asistente de voz desde auricular.<\/p>\n<p><strong>Compra de manera segura tus PRODUCTOS EN MYS GROUP con garant\u00eda de 1 Mes, Env\u00edos a toda COLOMBIA.<\/strong><\/p>\n<p>&nbsp;<\/p>\n<h2><strong>\u00bfPor qu\u00e9 comprar AUDIFONOS AIRVIBES PRO\u00a0 VIVITAR en MYS GROUP?<\/strong><\/h2>\n<p>\u00a1Crea una experiencia auditiva superior sin la molestia de enredar los cables con un par de AUDIFONOS AIRVIBES PRO VIVITAR! Con un emparejamiento autom\u00e1tico e inal\u00e1mbrico verdadero y la capacidad de responder llamadas, estos auriculares te brindan la experiencia de manos libres perfecta, especialmente cuando se usan con un tel\u00e9fono inteligente. Puede escuchar audio durante hasta 3 horas con una sola carga y tienen un rango de emparejamiento de hasta 30 pies. Tambi\u00e9n cuenta con luces Bluetooth, bater\u00edas recargables, control de m\u00fasica e incluso una funda protectora.<\/p>\n<h3 class=\"app__header-text\">Especificaciones t\u00e9cnicas<\/h3>\n<ul>\n<li>Aud\u00edfonos Bluetooth con estuche de carga que brinda hasta 4 cargas adicionales.<\/li>\n<li>Auriculares sin cables entre ellos.<\/li>\n<li>Bater\u00eda recargable.<\/li>\n<li>Luz indicadora de carga y de conexi\u00f3n.<\/li>\n<li>Control de m\u00fasica y llamadas desde auricular.<\/li>\n<li>Con asistente de voz desde auricular.<\/li>\n<\/ul>\n<h3 class=\"app__header-text\"><\/h3>\n<p><a href=\"https:\/\/mysgroupcol.com\/\">MYS GROUP<\/a> trae para usted y su familia los mejores productos en distintas categor\u00edas. Por esto compre seguro con nosotros, adem\u00e1s hacemos env\u00edos a toda Colombia, cuenta con Garant\u00eda de hasta 1 a\u00f1o en varias marcas.<\/p>\n<h3>Consigue este y m\u00e1s productos de calidad con nosotros somos Importadores Directos, garantizamos el mejor precio.<\/h3>\n<p>&nbsp;<\/p>\n<ul>\n<li style=\"list-style-type: none;\">\n<ul>\n<li>Vis\u00edtanos ahora en nuestros Instagram &#8211;&gt; <a href=\"https:\/\/www.instagram.com\/mysgroupcol\/\">www.instagram.com\/mysgroupcol\/<\/a><\/li>\n<\/ul>\n<\/li>\n<\/ul>\n<ul>\n<li style=\"list-style-type: none;\">\n<ul>\n<li>Vis\u00edtanos ahora en nuestro Facebook &#8211;&gt; <a href=\"https:\/\/www.facebook.com\/mysgroupcol\">www.facebook.com\/mysgroupcol<\/a><\/li>\n<\/ul>\n<\/li>\n<\/ul>\n<ul>\n<li style=\"list-style-type: none;\">\n<ul>\n<li>Necesitas asesor\u00eda directa, escr\u00edbenos a nuestro WhatsApp &#8211;&gt; <a href=\"https:\/\/api.whatsapp.com\/send?phone=573173644411&amp;text=\">Whatsapp MYS GROUP <\/a><\/li>\n<\/ul>\n<\/li>\n<\/ul>\n<p><strong>Varios m\u00e9todos de pago disponibles \u2013 Producto Nuevo \u2013 Adem\u00e1s Env\u00edos y Pagos Seguros.<\/strong><\/p>\n","protected":false},"excerpt":{"rendered":"<p>\u2b50\ufe0fAdquiere tu producto <strong>AUDIFONOS AIRVIBES PRO EARBUDS PCH<\/strong> de manera segura por nuestra p\u00e1gina WEB, este producto cuenta con <strong>1 A\u00d1O DE GARANT\u00cdA y ENVI\u00d3 A TODA COLOMBIA.<\/strong><\/p>\n<p>&nbsp;<\/p>\n<p><strong>Compra ahora tu<\/strong> <strong>AUDIFONOS AIRVIBES PRO EARBUDS PCH<\/strong>\u00a0y rec\u00edbelo en la puerta de tu casa con tiempo de entrega:<\/p>\n<p>&nbsp;<\/p>\n<ul>\n<li>1 a 2 d\u00edas para Bogot\u00e1 o Ciudades cercanas.<\/li>\n<li>2 a 3 d\u00edas para ciudades principales.<\/li>\n<li>3 a 5 d\u00edas para ciudades y pueblos lejanos.<\/li>\n<\/ul>\n<p><strong><span role=\"image\" aria-label=\"\u2705\">\u2705<\/span>VARIOS M\u00c9TODOS DE PAGO EN EFECTIVO O CON TARJETA DEBIDO\/CR\u00c9DITO.<\/strong><\/p>\n","protected":false},"featured_media":5496,"comment_status":"open","ping_status":"closed","template":"","meta":[],"product_cat":[185,179,208],"product_tag":[303],"class_list":{"0":"post-6992","1":"product","2":"type-product","3":"status-publish","4":"has-post-thumbnail","6":"product_cat-audifonos","7":"product_cat-tecnologia","8":"product_cat-vivitar-marcas","9":"product_tag-audifonos-airvibes-pro-vivitar","10":"product_shipping_class-producto-pequeno","12":"first","13":"instock","14":"shipping-taxable","15":"purchasable","16":"product-type-simple"},"_links":{"self":[{"href":"https:\/\/mys-outlet.com\/index.php\/wp-json\/wp\/v2\/product\/6992","targetHints":{"allow":["GET"]}}],"collection":[{"href":"https:\/\/mys-outlet.com\/index.php\/wp-json\/wp\/v2\/product"}],"about":[{"href":"https:\/\/mys-outlet.com\/index.php\/wp-json\/wp\/v2\/types\/product"}],"replies":[{"embeddable":true,"href":"https:\/\/mys-outlet.com\/index.php\/wp-json\/wp\/v2\/comments?post=6992"}],"version-history":[{"count":0,"href":"https:\/\/mys-outlet.com\/index.php\/wp-json\/wp\/v2\/product\/6992\/revisions"}],"wp:featuredmedia":[{"embeddable":true,"href":"https:\/\/mys-outlet.com\/index.php\/wp-json\/wp\/v2\/media\/5496"}],"wp:attachment":[{"href":"https:\/\/mys-outlet.com\/index.php\/wp-json\/wp\/v2\/media?parent=6992"}],"wp:term":[{"taxonomy":"product_cat","embeddable":true,"href":"https:\/\/mys-outlet.com\/index.php\/wp-json\/wp\/v2\/product_cat?post=6992"},{"taxonomy":"product_tag","embeddable":true,"href":"https:\/\/mys-outlet.com\/index.php\/wp-json\/wp\/v2\/product_tag?post=6992"}],"curies":[{"name":"wp","href":"https:\/\/api.w.org\/{rel}","templated":true}]}}