{"id":7067,"date":"2022-07-08T17:06:41","date_gmt":"2022-07-08T17:06:41","guid":{"rendered":"https:\/\/mys-outlet.com\/?post_type=product&#038;p=7067"},"modified":"2023-01-06T04:42:59","modified_gmt":"2023-01-06T04:42:59","slug":"guante-entrenamiento-malla-vivitar-6","status":"publish","type":"product","link":"https:\/\/mys-outlet.com\/index.php\/producto\/guante-entrenamiento-malla-vivitar-6\/","title":{"rendered":"Guante Entrenamiento Malla VIVITAR"},"content":{"rendered":"<p><strong>Guante Entrenamiento Malla VIVITAR\u00a0<\/strong><br \/>\nMejora el agarre y evita lesiones, protege las manos de la dureza, cuida la higiene, protege zonas sensibles y previene el contagio de infecciones.<\/p>\n<p><strong>Compra de manera segura tus PRODUCTOS EN MYS GROUP con garant\u00eda de 1 A\u00d1O, Env\u00edos a toda COLOMBIA.<\/strong><\/p>\n<h2><strong>\u00bfPor qu\u00e9 comprar GUANTE ENTRENAMIENTO MALLA VIVITAR en MYS GROUP?<\/strong><\/h2>\n<p>Llevar los <b>guante de entrenamiento de malla VIVITAR<\/b>\u00a0 mejora el agarre y evita futuras lesiones. Muchas veces, y sobre todo si se levanta una cantidad de peso considerable, se recomienda evitar realizar estos ejercicios sin guantes, aunque la zona de agarre de la maquina en cuesti\u00f3n sea lo suficiente ergon\u00f3mica y est\u00e9 preparada espec\u00edficamente para el levantamiento. Adem\u00e1s, tambi\u00e9n previene de futuras lesiones porque ofrece m\u00e1s estabilidad, sobre todo, aquellas que vienen con mu\u00f1equera integrada.<\/p>\n<p>Tambi\u00e9n evitan la aparici\u00f3n de durezas y heridas en las manos. Los m\u00e1s expertos ya habr\u00e1n sufrido las consecuencias de las mancuernas y pesas. Sin la protecci\u00f3n adecuada pueden aparecer durezas, rozaduras y heridas en las manos. La utilizaci\u00f3n de guantes previene de todo ello, y las van reparando poco a poco en el caso de que ya existan.<\/p>\n<h3 class=\"app__header-text\">Especificaciones t\u00e9cnicas<\/h3>\n<ul>\n<li>Mejora el agarre y evita lesiones<\/li>\n<li>Protege las manos de la dureza<\/li>\n<li>Cuida la higiene, protege zonas sensibles<\/li>\n<li>Previene el contagio de infecciones.<\/li>\n<\/ul>\n<p><a href=\"https:\/\/mysgroupcol.com\/\">MYS GROUP<\/a> trae para usted y su familia los mejores productos en distintas categor\u00edas. Por esto compre seguro con nosotros, adem\u00e1s hacemos env\u00edos a toda Colombia, cuenta con Garant\u00eda de hasta 1 a\u00f1o en varias marcas.<\/p>\n<h3>Consigue este y m\u00e1s productos de calidad con nosotros somos Importadores Directos, garantizamos el mejor precio.<\/h3>\n<p>&nbsp;<\/p>\n<ul>\n<li style=\"list-style-type: none;\">\n<ul>\n<li>Vis\u00edtanos ahora en nuestros Instagram &#8211;&gt; <a href=\"https:\/\/www.instagram.com\/mysgroupcol\/\">www.instagram.com\/mysgroupcol\/<\/a><\/li>\n<\/ul>\n<\/li>\n<\/ul>\n<ul>\n<li style=\"list-style-type: none;\">\n<ul>\n<li>Vis\u00edtanos ahora en nuestro Facebook &#8211;&gt; <a href=\"https:\/\/www.facebook.com\/mysgroupcol\">www.facebook.com\/mysgroupcol<\/a><\/li>\n<\/ul>\n<\/li>\n<\/ul>\n<ul>\n<li style=\"list-style-type: none;\">\n<ul>\n<li>Necesitas asesor\u00eda directa, escr\u00edbenos a nuestro WhatsApp &#8211;&gt; <a href=\"https:\/\/api.whatsapp.com\/send?phone=573173644411&amp;text=\">Whatsapp MYS GROUP <\/a><\/li>\n<\/ul>\n<\/li>\n<\/ul>\n<p><strong>Varios m\u00e9todos de pago disponibles \u2013 Producto Nuevo \u2013 Adem\u00e1s Env\u00edos y Pagos Seguros.<\/strong><\/p>\n","protected":false},"excerpt":{"rendered":"<p>\u2b50\ufe0fAdquiere tu producto <strong>Guante de entrenamiento malla Blk<\/strong> de manera segura por nuestra p\u00e1gina WEB, este producto cuenta con <strong>1 A\u00d1O DE GARANT\u00cdA y ENVI\u00d3 A TODA COLOMBIA.<\/strong><\/p>\n<p>&nbsp;<\/p>\n<p><strong>Compra ahora tu<\/strong> <strong>Guante de entrenamiento malla Blk<\/strong>\u00a0y rec\u00edbelo en la puerta de tu casa con tiempo de entrega:<\/p>\n<p>&nbsp;<\/p>\n<ul>\n<li>1 a 2 d\u00edas para Bogot\u00e1 o Ciudades cercanas.<\/li>\n<li>2 a 3 d\u00edas para ciudades principales.<\/li>\n<li>3 a 5 d\u00edas para ciudades y pueblos lejanos.<\/li>\n<\/ul>\n<p><strong><span role=\"image\" aria-label=\"\u2705\">\u2705<\/span>VARIOS M\u00c9TODOS DE PAGO EN EFECTIVO O CON TARJETA DEBIDO\/CR\u00c9DITO.<\/strong><\/p>\n","protected":false},"featured_media":5520,"comment_status":"open","ping_status":"closed","template":"","meta":[],"product_cat":[197,200],"product_tag":[310],"class_list":{"0":"post-7067","1":"product","2":"type-product","3":"status-publish","4":"has-post-thumbnail","6":"product_cat-deportes","7":"product_cat-deportes-2","8":"product_tag-guante-entrenamiento-malla-vivitar","9":"product_shipping_class-producto-pequeno","11":"first","12":"instock","13":"shipping-taxable","14":"purchasable","15":"product-type-simple"},"_links":{"self":[{"href":"https:\/\/mys-outlet.com\/index.php\/wp-json\/wp\/v2\/product\/7067","targetHints":{"allow":["GET"]}}],"collection":[{"href":"https:\/\/mys-outlet.com\/index.php\/wp-json\/wp\/v2\/product"}],"about":[{"href":"https:\/\/mys-outlet.com\/index.php\/wp-json\/wp\/v2\/types\/product"}],"replies":[{"embeddable":true,"href":"https:\/\/mys-outlet.com\/index.php\/wp-json\/wp\/v2\/comments?post=7067"}],"version-history":[{"count":0,"href":"https:\/\/mys-outlet.com\/index.php\/wp-json\/wp\/v2\/product\/7067\/revisions"}],"wp:featuredmedia":[{"embeddable":true,"href":"https:\/\/mys-outlet.com\/index.php\/wp-json\/wp\/v2\/media\/5520"}],"wp:attachment":[{"href":"https:\/\/mys-outlet.com\/index.php\/wp-json\/wp\/v2\/media?parent=7067"}],"wp:term":[{"taxonomy":"product_cat","embeddable":true,"href":"https:\/\/mys-outlet.com\/index.php\/wp-json\/wp\/v2\/product_cat?post=7067"},{"taxonomy":"product_tag","embeddable":true,"href":"https:\/\/mys-outlet.com\/index.php\/wp-json\/wp\/v2\/product_tag?post=7067"}],"curies":[{"name":"wp","href":"https:\/\/api.w.org\/{rel}","templated":true}]}}