{"id":7122,"date":"2022-08-24T15:05:26","date_gmt":"2022-08-24T15:05:26","guid":{"rendered":"https:\/\/mys-outlet.com\/?post_type=product&#038;p=7122"},"modified":"2023-01-06T04:43:01","modified_gmt":"2023-01-06T04:43:01","slug":"mouse-inalambrico-meetion-6","status":"publish","type":"product","link":"https:\/\/mys-outlet.com\/index.php\/producto\/mouse-inalambrico-meetion-6\/","title":{"rendered":"Mouse Inalambrico Meetion"},"content":{"rendered":"<p><strong>Mouse Inalambrico Meetion<br \/>\n<\/strong><\/p>\n<div>lleva tu Mouse Inalambrico Meetion con una sensaci\u00f3n de agarre c\u00f3moda, ligero y portable para utilizarlo en cualquier parte, Excelente duraci\u00f3n de bater\u00eda AA*1, 2.4 GHz transmisi\u00f3n inal\u00e1mbrica, estable y confiable , Dise\u00f1o ergon\u00f3mico, Hasta 10m de alcance, Resoluci\u00f3n 800\/1200\/1600dpi, Numero de teclas 4, Dimensiones 110*60*37mm, Peso 70g.<\/div>\n<div><\/div>\n<p><strong>Compra de manera segura tus PRODUCTOS EN MYS GROUP con garant\u00eda de 1 A\u00d1O, Env\u00edos a toda COLOMBIA.<\/strong><\/p>\n<h2><strong>\u00bfPor qu\u00e9 comprar Mouse Inalambrico Meetion MYS GROUP?<\/strong><\/h2>\n<h3 class=\"app__header-text\">Especificaciones t\u00e9cnicas<\/h3>\n<ul>\n<li>\n<div>Sensaci\u00f3n de agarre c\u00f3moda.<\/div>\n<\/li>\n<li>\n<div>Ligero y portable.<\/div>\n<\/li>\n<li>\n<div>Excelente duraci\u00f3n de bater\u00eda AA*1.<\/div>\n<\/li>\n<li>\n<div>2.4 GHz transmisi\u00f3n inal\u00e1mbrica, estable y confiable.<\/div>\n<\/li>\n<li>\n<div>Dise\u00f1o ergon\u00f3mico.<\/div>\n<\/li>\n<li>\n<div>Hasta 10m de alcance.<\/div>\n<\/li>\n<li>\n<div>Resoluci\u00f3n 800\/1200\/1600dpi.<\/div>\n<\/li>\n<li>\n<div>Numero de teclas 4.<\/div>\n<\/li>\n<li>\n<div>Dimensiones 110*60*37mm.<\/div>\n<\/li>\n<li>\n<div>Peso 70g.<\/div>\n<\/li>\n<\/ul>\n<p><a href=\"https:\/\/mysgroupcol.com\/\">MYS GROUP<\/a> trae para usted y su familia los mejores productos en distintas categor\u00edas. Por esto compre seguro con nosotros, adem\u00e1s hacemos env\u00edos a toda Colombia, cuenta con Garant\u00eda de hasta 1 a\u00f1o en varias marcas.<\/p>\n<h3>Consigue este y m\u00e1s productos de calidad con nosotros somos Importadores Directos, garantizamos el mejor precio.<\/h3>\n<ul>\n<li style=\"list-style-type: none;\">\n<ul>\n<li>Vis\u00edtanos ahora en nuestros Instagram &#8211;&gt; <a href=\"https:\/\/www.instagram.com\/mysgroupcol\/\">www.instagram.com\/mysgroupcol\/<\/a><\/li>\n<\/ul>\n<\/li>\n<\/ul>\n<ul>\n<li style=\"list-style-type: none;\">\n<ul>\n<li>Vis\u00edtanos ahora en nuestro Facebook &#8211;&gt; <a href=\"https:\/\/www.facebook.com\/mysgroupcol\">www.facebook.com\/mysgroupcol<\/a><\/li>\n<\/ul>\n<\/li>\n<\/ul>\n<ul>\n<li style=\"list-style-type: none;\">\n<ul>\n<li>Necesitas asesor\u00eda directa, escr\u00edbenos a nuestro WhatsApp &#8211;&gt; <a href=\"https:\/\/api.whatsapp.com\/send?phone=573173644411&amp;text=\">Whatsapp MYS GROUP <\/a><\/li>\n<\/ul>\n<\/li>\n<\/ul>\n<p><strong>Varios m\u00e9todos de pago disponibles \u2013 Producto Nuevo \u2013 Adem\u00e1s Env\u00edos y Pagos Seguros.<\/strong><\/p>\n","protected":false},"excerpt":{"rendered":"<p>\u2b50\ufe0fAdquiere tu producto <strong>Mouse Inalambrico Meetion<\/strong>\u00a0de manera segura por nuestra p\u00e1gina WEB, este producto cuenta con <strong>1 A\u00d1O DE GARANT\u00cdA y ENVI\u00d3 A TODA COLOMBIA.<\/strong><\/p>\n<p>&nbsp;<\/p>\n<p><strong>Mouse Inalambrico Meetion<\/strong><strong>\u00a0<\/strong>y rec\u00edbelo en la puerta de tu casa con tiempo de entrega:<\/p>\n<p>&nbsp;<\/p>\n<ul>\n<li>1 a 2 d\u00edas para Bogot\u00e1 o Ciudades cercanas.<\/li>\n<li>2 a 3 d\u00edas para ciudades principales.<\/li>\n<li>3 a 5 d\u00edas para ciudades y pueblos lejanos.<\/li>\n<\/ul>\n<p><strong><span role=\"image\" aria-label=\"\u2705\">\u2705<\/span>VARIOS M\u00c9TODOS DE PAGO EN EFECTIVO O CON TARJETA DEBIDO\/CR\u00c9DITO.<\/strong><\/p>\n","protected":false},"featured_media":6002,"comment_status":"open","ping_status":"closed","template":"","meta":[],"product_cat":[179],"product_tag":[346],"class_list":{"0":"post-7122","1":"product","2":"type-product","3":"status-publish","4":"has-post-thumbnail","6":"product_cat-tecnologia","7":"product_tag-mouse-inalambrico-meetion","8":"product_shipping_class-producto-mediano","10":"first","11":"instock","12":"shipping-taxable","13":"purchasable","14":"product-type-simple"},"_links":{"self":[{"href":"https:\/\/mys-outlet.com\/index.php\/wp-json\/wp\/v2\/product\/7122","targetHints":{"allow":["GET"]}}],"collection":[{"href":"https:\/\/mys-outlet.com\/index.php\/wp-json\/wp\/v2\/product"}],"about":[{"href":"https:\/\/mys-outlet.com\/index.php\/wp-json\/wp\/v2\/types\/product"}],"replies":[{"embeddable":true,"href":"https:\/\/mys-outlet.com\/index.php\/wp-json\/wp\/v2\/comments?post=7122"}],"version-history":[{"count":0,"href":"https:\/\/mys-outlet.com\/index.php\/wp-json\/wp\/v2\/product\/7122\/revisions"}],"wp:featuredmedia":[{"embeddable":true,"href":"https:\/\/mys-outlet.com\/index.php\/wp-json\/wp\/v2\/media\/6002"}],"wp:attachment":[{"href":"https:\/\/mys-outlet.com\/index.php\/wp-json\/wp\/v2\/media?parent=7122"}],"wp:term":[{"taxonomy":"product_cat","embeddable":true,"href":"https:\/\/mys-outlet.com\/index.php\/wp-json\/wp\/v2\/product_cat?post=7122"},{"taxonomy":"product_tag","embeddable":true,"href":"https:\/\/mys-outlet.com\/index.php\/wp-json\/wp\/v2\/product_tag?post=7122"}],"curies":[{"name":"wp","href":"https:\/\/api.w.org\/{rel}","templated":true}]}}