{"id":7130,"date":"2022-12-28T19:33:02","date_gmt":"2022-12-28T19:33:02","guid":{"rendered":"https:\/\/mys-outlet.com\/?post_type=product&#038;p=7130"},"modified":"2023-01-06T04:43:02","modified_gmt":"2023-01-06T04:43:02","slug":"auriculares-inalambricos-altec-lansing-nano-pods-7","status":"publish","type":"product","link":"https:\/\/mys-outlet.com\/index.php\/producto\/auriculares-inalambricos-altec-lansing-nano-pods-7\/","title":{"rendered":"Auriculares inal\u00e1mbricos Altec Lansing Nano Pods"},"content":{"rendered":"<p>Presentamos los <b>Auriculares inal\u00e1mbricos Altec Lansing Nano Pods<\/b>\u00a0Son de bolsillo y encajan perfectamente en tu bolso!. Con una clasificaci\u00f3n IPX5 a prueba de agua, estas c\u00e1psulas pueden durar m\u00e1s que cualquier cosa. \u00a1Las c\u00e1psulas tienen una duraci\u00f3n de bater\u00eda de 4 horas con un alcance inal\u00e1mbrico Bluetooth de 50 pies y una funci\u00f3n de \u00abSolo pregunte\u00bb! El estuche de transporte de los NanoPods tiene 4 cargos adicionales para garantizar que sus elegantes c\u00e1psulas siempre se carguen.<\/p>\n<h2>\u00bfPor qu\u00e9 comprar <b>Auriculares inal\u00e1mbricos Altec Lansing Nano Pods<\/b>\u00a0en MYS GROUP?<\/h2>\n<p>Aqu\u00ed en MYS GROUP te garantizamos los mas altos est\u00e1ndares de calidad en la entrega de tu producto, envi\u00f3 seguro para toda Colombia, adem\u00e1s, te garantizamos el perfecto estado de tus guantes de entrenamiento y con esto 1 A\u00d1O de garant\u00eda por la compra de tu producto.<\/p>\n<h3 class=\"app__header-text\">Especificaciones t\u00e9cnicas<\/h3>\n<ul>\n<li>Verdaderamente inal\u00e1mbrico: no est\u00e9 atado por cables mientras viaja. Disfruta de la libertad de escuchar m\u00fasica, administrar llamadas y m\u00e1s sin temor a cables enredados.<\/li>\n<li>Diversi\u00f3n compacta y de bolsillo: \u00a1cabe en tu bolso o cartera!<\/li>\n<li>Funcional y de moda &#8211; \u00a1Personaliza tu sonido!<\/li>\n<li>Duraci\u00f3n de la bater\u00eda: hasta 4 horas de duraci\u00f3n de la bater\u00eda por carga.<\/li>\n<li>Estuche de carga: \u00a1proporciona 4 cargos adicionales por 20 horas adicionales de tiempo de juego!<\/li>\n<li>Resistente al agua IPX5: \u00a1no te preocupes por el sudor o esa lluvia espont\u00e1nea!<\/li>\n<li>Controles t\u00e1ctiles f\u00e1ciles de llevar.<\/li>\n<li>Manos libres, llamadas est\u00e9reo sin complicaciones.<\/li>\n<li>Impresionante audio Altec Lansing para una diversi\u00f3n perfecta.<\/li>\n<li>Alcance inal\u00e1mbrico: conecte hasta 50 pies de distancia.<\/li>\n<\/ul>\n<p>&nbsp;<\/p>\n<p><a href=\"https:\/\/mysgroupcol.com\/\">MYS GROUP<\/a> trae para usted y su familia los mejores productos en distintas categor\u00edas. Por esto compre seguro con nosotros, adem\u00e1s hacemos env\u00edos a toda Colombia, cuenta con Garant\u00eda de hasta 1 a\u00f1o en varias marcas.<\/p>\n<h3>Consigue este y m\u00e1s productos de calidad con nosotros somos Importadores Directos, garantizamos el mejor precio.<\/h3>\n<p>&nbsp;<\/p>\n<ul>\n<li style=\"list-style-type: none;\">\n<ul>\n<li>Vis\u00edtanos ahora en nuestros Instagram &#8211;&gt; <a href=\"https:\/\/www.instagram.com\/mysgroupcol\/\">www.instagram.com\/mysgroupcol\/<\/a><\/li>\n<\/ul>\n<\/li>\n<\/ul>\n<ul>\n<li style=\"list-style-type: none;\">\n<ul>\n<li>Vis\u00edtanos ahora en nuestro Facebook &#8211;&gt; <a href=\"https:\/\/www.facebook.com\/mysgroupcol\">www.facebook.com\/mysgroupcol<\/a><\/li>\n<\/ul>\n<\/li>\n<\/ul>\n<ul>\n<li style=\"list-style-type: none;\">\n<ul>\n<li>Necesitas asesor\u00eda directa, escr\u00edbenos a nuestro WhatsApp &#8211;&gt; <a href=\"https:\/\/api.whatsapp.com\/send?phone=573173644411&amp;text=\">Whatsapp MYS GROUP <\/a><\/li>\n<\/ul>\n<\/li>\n<\/ul>\n<p><strong>Varios m\u00e9todos de pago disponibles \u2013 Producto Nuevo \u2013 Adem\u00e1s Env\u00edos y Pagos Seguros.<\/strong><\/p>\n<p>&nbsp;<\/p>\n","protected":false},"excerpt":{"rendered":"<p>\u2b50\ufe0fAdquiere tu producto<strong> Auriculares inal\u00e1mbricos Altec Lansing Nano Pods<\/strong> de manera segura por nuestra p\u00e1gina WEB, este producto cuenta con <strong>1 A\u00d1O DE GARANT\u00cdA y ENVI\u00d3 A TODA COLOMBIA.<\/strong><\/p>\n<p>&nbsp;<\/p>\n<p><strong>Compra ahora tu<\/strong> <strong>Auriculares inal\u00e1mbricos Altec Lansing Nano Pods<\/strong>\u00a0y rec\u00edbelo en la puerta de tu casa con tiempo de entrega:<\/p>\n<p>&nbsp;<\/p>\n<ul>\n<li>1 a 2 d\u00edas para Bogot\u00e1 o Ciudades cercanas.<\/li>\n<li>2 a 3 d\u00edas para ciudades principales.<\/li>\n<li>3 a 5 d\u00edas para ciudades y pueblos lejanos.<\/li>\n<\/ul>\n<p><strong><span role=\"image\" aria-label=\"\u2705\">\u2705<\/span> <!-- --> VARIOS M\u00c9TODOS DE PAGO EN EFECTIVO O CON TARJETA DEBIDO\/CR\u00c9DITO.<\/strong><\/p>\n","protected":false},"featured_media":5371,"comment_status":"open","ping_status":"closed","template":"","meta":[],"product_cat":[270,185,206,179,208],"product_tag":[271],"class_list":{"0":"post-7130","1":"product","2":"type-product","3":"status-publish","4":"has-post-thumbnail","6":"product_cat-altec-lansing","7":"product_cat-audifonos","8":"product_cat-marcas","9":"product_cat-tecnologia","10":"product_cat-vivitar-marcas","11":"product_tag-auriculares-inalambricos-altec-lansing-nano-pods","12":"product_shipping_class-producto-pequeno","14":"first","15":"instock","16":"shipping-taxable","17":"purchasable","18":"product-type-simple"},"_links":{"self":[{"href":"https:\/\/mys-outlet.com\/index.php\/wp-json\/wp\/v2\/product\/7130","targetHints":{"allow":["GET"]}}],"collection":[{"href":"https:\/\/mys-outlet.com\/index.php\/wp-json\/wp\/v2\/product"}],"about":[{"href":"https:\/\/mys-outlet.com\/index.php\/wp-json\/wp\/v2\/types\/product"}],"replies":[{"embeddable":true,"href":"https:\/\/mys-outlet.com\/index.php\/wp-json\/wp\/v2\/comments?post=7130"}],"version-history":[{"count":0,"href":"https:\/\/mys-outlet.com\/index.php\/wp-json\/wp\/v2\/product\/7130\/revisions"}],"wp:featuredmedia":[{"embeddable":true,"href":"https:\/\/mys-outlet.com\/index.php\/wp-json\/wp\/v2\/media\/5371"}],"wp:attachment":[{"href":"https:\/\/mys-outlet.com\/index.php\/wp-json\/wp\/v2\/media?parent=7130"}],"wp:term":[{"taxonomy":"product_cat","embeddable":true,"href":"https:\/\/mys-outlet.com\/index.php\/wp-json\/wp\/v2\/product_cat?post=7130"},{"taxonomy":"product_tag","embeddable":true,"href":"https:\/\/mys-outlet.com\/index.php\/wp-json\/wp\/v2\/product_tag?post=7130"}],"curies":[{"name":"wp","href":"https:\/\/api.w.org\/{rel}","templated":true}]}}